{"id":10491,"date":"2024-06-17T09:45:39","date_gmt":"2024-06-17T07:45:39","guid":{"rendered":"https:\/\/spilerdug.dk.web05.webtohosting.dk\/?page_id=10491"},"modified":"2024-06-19T09:05:27","modified_gmt":"2024-06-19T07:05:27","slug":"opfoelgningsdag-for-forflytningsvejledere","status":"publish","type":"page","link":"https:\/\/spilerdug.dk\/sv\/undervisning\/efteruddannelser\/opfoelgningsdag-for-forflytningsvejledere\/","title":{"rendered":"Uppf\u00f6ljningsdag f\u00f6r f\u00f6rflyttningsledare"},"content":{"rendered":"<style>.kb-row-layout-id10491_01a0e7-8e > .kt-row-column-wrap{align-content:start;}:where(.kb-row-layout-id10491_01a0e7-8e > .kt-row-column-wrap) > .wp-block-kadence-column{justify-content:start;}.kb-row-layout-id10491_01a0e7-8e > .kt-row-column-wrap{column-gap:var(--global-kb-gap-lg, 4rem);row-gap:var(--global-kb-gap-lg, 4rem);max-width:var( --global-content-width, 1400px );padding-left:var(--global-content-edge-padding);padding-right:var(--global-content-edge-padding);padding-top:var(--global-kb-spacing-3xl, 6.5rem);padding-bottom:var(--global-kb-spacing-3xl, 6.5rem);grid-template-columns:repeat(2, minmax(0, 1fr));}.kb-row-layout-id10491_01a0e7-8e > .kt-row-layout-overlay{opacity:0.30;}@media all and (max-width: 1024px){.kb-row-layout-id10491_01a0e7-8e > .kt-row-column-wrap{padding-top:var(--global-kb-spacing-xxl, 5rem);padding-bottom:var(--global-kb-spacing-xxl, 5rem);grid-template-columns:repeat(2, minmax(0, 1fr));}}@media all and (max-width: 767px){.kb-row-layout-id10491_01a0e7-8e > .kt-row-column-wrap{padding-top:var(--global-kb-spacing-lg, 3rem);padding-bottom:var(--global-kb-spacing-lg, 3rem);grid-template-columns:minmax(0, 1fr);}}<\/style><div class=\"kb-row-layout-wrap kb-row-layout-id10491_01a0e7-8e alignnone wp-block-kadence-rowlayout\"><div class=\"kt-row-column-wrap kt-has-2-columns kt-row-layout-equal kt-tab-layout-inherit kt-mobile-layout-row kt-row-valign-top kb-theme-content-width\">\n<style>.kadence-column10491_e97eac-1b > .kt-inside-inner-col,.kadence-column10491_e97eac-1b > .kt-inside-inner-col:before{border-top-left-radius:0px;border-top-right-radius:0px;border-bottom-right-radius:0px;border-bottom-left-radius:0px;}.kadence-column10491_e97eac-1b > .kt-inside-inner-col{column-gap:var(--global-kb-gap-sm, 1rem);}.kadence-column10491_e97eac-1b > .kt-inside-inner-col{flex-direction:column;}.kadence-column10491_e97eac-1b > .kt-inside-inner-col > .aligncenter{width:100%;}.kadence-column10491_e97eac-1b > .kt-inside-inner-col:before{opacity:0.3;}.kadence-column10491_e97eac-1b{position:relative;}@media all and (max-width: 1024px){.kadence-column10491_e97eac-1b > .kt-inside-inner-col{flex-direction:column;justify-content:center;}}@media all and (max-width: 767px){.kadence-column10491_e97eac-1b > .kt-inside-inner-col{flex-direction:column;justify-content:center;}}<\/style>\n<div class=\"wp-block-kadence-column kadence-column10491_e97eac-1b\"><div class=\"kt-inside-inner-col\">\n<p>Denne opf\u00f8lgningsdag er en ny og oplagt mulighed for at komme tilbage i \u201claboratoriet\u201d sammen med andre forflytningsvejledere. Der er mulighed for faglig sparring med blandt andre underviserne i forhold til finpudsning af arbejdsteknik og v\u00e6rkt\u00f8jer, men bestemt ogs\u00e5 de andre forflytningsvejledere du m\u00f8der.<\/p>\n\n\n\n<p>Alt sammen med fokus p\u00e5 inddrage borgeren, medarbejderen og hj\u00e6lpemidler til jeres arbejdsgange i hverdagen.<\/p>\n\n\n\n<p>Denne uddannelsesdag er rettet mod alle forflytningsvejledere.<\/p>\n\n\n\n<p><strong>Varighed: <\/strong>7 timer<\/p>\n\n\n\n<p><strong>Sted:&nbsp;<\/strong>Forskellige steder p\u00e5 Sj\u00e6lland, Fyn &amp; Jylland \u2013<em> se under kommende begivenheder under tilmeldingsblanket.<\/em><\/p>\n\n\n\n<p><strong>Forplejning:&nbsp;<\/strong>Der vil v\u00e6re vand, kaffe og te.<\/p>\n\n\n\n<p><strong>Pris:<\/strong><\/p>\n\n\n\n<ul class=\"wp-block-list\">\n<li>1495,-&nbsp; ex. moms pr. deltagere.<\/li>\n<\/ul>\n\n\n\n<p>Der er begr\u00e6nset antal pladser derfor er der f\u00f8rst til m\u00f8lle princip, men mulighed for at komme p\u00e5 venteliste.<\/p>\n\n\n\n<p><strong>Undervisere:<\/strong><\/p>\n\n\n\n<ul class=\"wp-block-list\">\n<li>Maja Tvarn\u00f8, ergoterapeut og konsulent hos Spilerdug ApS.<\/li>\n\n\n\n<li>Nanna Westby, fysioterapeut og konsulent hos Spilerdug ApS.<\/li>\n\n\n\n<li>Lene Tranberg Juul, fysioterapeut og konsulent hos Spilerdug ApS.<\/li>\n<\/ul>\n\n\n<style>.kb-image10491_8f62c7-01 .kb-image-has-overlay:after{opacity:0.3;}<\/style>\n<figure class=\"wp-block-kadence-image kb-image10491_8f62c7-01 size-full\"><img loading=\"lazy\" decoding=\"async\" width=\"1024\" height=\"683\" src=\"https:\/\/spilerdug.dk\/wp-content\/uploads\/2024\/06\/IMG_1828-1024x683-1.jpg\" alt=\"\" class=\"kb-img wp-image-10501\" title=\"\" srcset=\"https:\/\/spilerdug.dk\/wp-content\/uploads\/2024\/06\/IMG_1828-1024x683-1.jpg 1024w, https:\/\/spilerdug.dk\/wp-content\/uploads\/2024\/06\/IMG_1828-1024x683-1-300x200.jpg 300w, https:\/\/spilerdug.dk\/wp-content\/uploads\/2024\/06\/IMG_1828-1024x683-1-768x512.jpg 768w, https:\/\/spilerdug.dk\/wp-content\/uploads\/2024\/06\/IMG_1828-1024x683-1-18x12.jpg 18w, https:\/\/spilerdug.dk\/wp-content\/uploads\/2024\/06\/IMG_1828-1024x683-1-600x400.jpg 600w\" sizes=\"auto, (max-width: 1024px) 100vw, 1024px\" \/><\/figure>\n<\/div><\/div>\n\n\n<style>.kadence-column10491_94b534-5c > .kt-inside-inner-col,.kadence-column10491_94b534-5c > .kt-inside-inner-col:before{border-top-left-radius:0px;border-top-right-radius:0px;border-bottom-right-radius:0px;border-bottom-left-radius:0px;}.kadence-column10491_94b534-5c > .kt-inside-inner-col{column-gap:var(--global-kb-gap-sm, 1rem);}.kadence-column10491_94b534-5c > .kt-inside-inner-col{flex-direction:column;}.kadence-column10491_94b534-5c > .kt-inside-inner-col > .aligncenter{width:100%;}.kadence-column10491_94b534-5c > .kt-inside-inner-col:before{opacity:0.3;}.kadence-column10491_94b534-5c{position:relative;}@media all and (max-width: 1024px){.kadence-column10491_94b534-5c > .kt-inside-inner-col{flex-direction:column;justify-content:center;}}@media all and (max-width: 767px){.kadence-column10491_94b534-5c > .kt-inside-inner-col{flex-direction:column;justify-content:center;}}<\/style>\n<div class=\"wp-block-kadence-column kadence-column10491_94b534-5c\"><div class=\"kt-inside-inner-col\">\n                <div class='gf_browser_gecko gform_wrapper' id='gform_wrapper_41' ><form method='post' enctype='multipart\/form-data'  id='gform_41'  action='\/sv\/wp-json\/wp\/v2\/pages\/10491'>\n                        <div class='gform_heading'>\n                            <h3 class='gform_title'>Tilmelding Opf\u00f8lgningsdag for forflytningsvejledere<\/h3>\n                            <span class='gform_description'><\/span>\n                        <\/div>\n                        <div class='gform_body'><ul id='gform_fields_41' class='gform_fields top_label form_sublabel_below description_below'><li id='field_41_1'  class='gfield gfield_contains_required field_sublabel_below field_description_below gfield_visibility_visible' ><label class='gfield_label' for='input_41_1' >Kommende begivenheder<span class='gfield_required'>*<\/span><\/label><div class='ginput_container ginput_container_select'><select name='input_1' id='input_41_1' class='large gfield_select'   aria-required=\"true\" aria-invalid=\"false\"><option value='' ><\/option><\/select><\/div><\/li><li id='field_41_6'  class='gfield gfield_contains_required field_sublabel_below field_description_below gfield_visibility_visible' ><label class='gfield_label' for='input_41_6' >Navn<span class='gfield_required'>*<\/span><\/label><div class='ginput_container ginput_container_text'><input name='input_6' id='input_41_6' type='text' value='' class='large'     aria-required=\"true\" aria-invalid=\"false\" \/><\/div><\/li><li id='field_41_9'  class='gfield gfield_contains_required field_sublabel_below field_description_below gfield_visibility_visible' ><label class='gfield_label' for='input_41_9' >E-mail<span class='gfield_required'>*<\/span><\/label><div class='ginput_container ginput_container_email'>\n                            <input name='input_9' id='input_41_9' type='text' value='' class='large'    aria-required=\"true\" aria-invalid=\"false\" \/>\n                        <\/div><\/li><li id='field_41_8'  class='gfield gfield_contains_required field_sublabel_below field_description_below gfield_visibility_visible' ><label class='gfield_label' for='input_41_8' >Telefon<span class='gfield_required'>*<\/span><\/label><div class='ginput_container ginput_container_phone'><input name='input_8' id='input_41_8' type='text' value='' class='large'   aria-required=\"true\" aria-invalid=\"false\"  \/><\/div><\/li><li id='field_41_19'  class='gfield gfield_contains_required field_sublabel_below field_description_below gfield_visibility_visible' ><label class='gfield_label' for='input_41_19' >Arbejdspladsens navn samt evt. afdeling<span class='gfield_required'>*<\/span><\/label><div class='ginput_container ginput_container_text'><input name='input_19' id='input_41_19' type='text' value='' class='large'     aria-required=\"true\" aria-invalid=\"false\" \/><\/div><\/li><li id='field_41_7'  class='gfield gfield_contains_required field_sublabel_below field_description_below gfield_visibility_visible' ><label class='gfield_label gfield_label_before_complex'  >Arbejdspladsens adresse<span class='gfield_required'>*<\/span><\/label>    \n                    <div class='ginput_complex ginput_container has_street has_city has_state has_zip ginput_container_address' id='input_41_7' >\n                         <span class='ginput_full address_line_1' id='input_41_7_1_container' >\n                                        <input type='text' name='input_7.1' id='input_41_7_1' value=''    aria-required=\"true\"\/>\n                                        <label for='input_41_7_1' id='input_41_7_1_label' >Adresse<\/label>\n                                    <\/span><span class='ginput_left address_city' id='input_41_7_3_container' >\n                                    <input type='text' name='input_7.3' id='input_41_7_3' value=''    aria-required=\"true\"\/>\n                                    <label for='input_41_7_3' id='input_41_7_3_label' >By<\/label>\n                                 <\/span><span class='ginput_right address_state' id='input_41_7_4_container' >\n                                        <input type='text' name='input_7.4' id='input_41_7_4' value=''      aria-required=\"true\"\/>\n                                        <label for='input_41_7_4' id='input_41_7_4_label' >Kommune eller region<\/label>\n                                      <\/span><span class='ginput_left address_zip' id='input_41_7_5_container' >\n                                    <input type='text' name='input_7.5' id='input_41_7_5' value=''    aria-required=\"true\"\/>\n                                    <label for='input_41_7_5' id='input_41_7_5_label' >Postnr.<\/label>\n                                <\/span><input type='hidden' class='gform_hidden' name='input_7.6' id='input_41_7_6' value='Danmark'\/>\n                    <div class='gf_clear gf_clear_complex'><\/div>\n                <\/div><\/li><li id='field_41_20'  class='gfield gf_left_half gfield_contains_required field_sublabel_below field_description_below gfield_visibility_visible' ><label class='gfield_label' for='input_41_20' >EAN-\/CVR-nummer<span class='gfield_required'>*<\/span><\/label><div class='ginput_container ginput_container_text'><input name='input_20' id='input_41_20' type='text' value='' class='medium'  aria-describedby=\"gfield_description_41_20\"   aria-required=\"true\" aria-invalid=\"false\" \/><\/div><div class='gfield_description' id='gfield_description_41_20'>Efter kursustilmeldingen vil du modtage en faktura os.\nDet er vigtigt, at du udfylder EAN-\/CVR-nummer, hvis din arbejdsgiver betaler for dig.<\/div><\/li><li id='field_41_16'  class='gfield gfield_contains_required field_sublabel_below field_description_below gfield_visibility_visible' ><label class='gfield_label'  >Kursusbetingelser<span class='gfield_required'>*<\/span><\/label><div class='ginput_container ginput_container_checkbox'><ul class='gfield_checkbox' id='input_41_16'><li class='gchoice_41_16_1'>\n\t\t\t\t\t\t\t\t<input name='input_16.1' type='checkbox'  value='Jeg accepterer'  id='choice_41_16_1'   \/>\n\t\t\t\t\t\t\t\t<label for='choice_41_16_1' id='label_41_16_1'>Jeg accepterer<\/label>\n\t\t\t\t\t\t\t<\/li><\/ul><\/div><div class='gfield_description' id='gfield_description_41_16'>Som deltager p\u00e5 kurset, accepterer du at modtage vores nyhedsbrev samt at eventuelle videos\/fotos fra kurset, hvor du kan optr\u00e6de, kan anvendes af Spilerdug Aps, p\u00e5 hjemmeside, sociale medier, i undervisningsmateriale og vejledninger<\/div><\/li><li id='field_41_17'  class='gfield gfield_contains_required field_sublabel_below field_description_below gfield_visibility_visible' ><label class='gfield_label'  >Annullering af deltagelse<span class='gfield_required'>*<\/span><\/label><div class='ginput_container ginput_container_checkbox'><ul class='gfield_checkbox' id='input_41_17'><li class='gchoice_41_17_1'>\n\t\t\t\t\t\t\t\t<input name='input_17.1' type='checkbox'  value='Jeg accepterer'  id='choice_41_17_1'   \/>\n\t\t\t\t\t\t\t\t<label for='choice_41_17_1' id='label_41_17_1'>Jeg accepterer<\/label>\n\t\t\t\t\t\t\t<\/li><\/ul><\/div><div class='gfield_description' id='gfield_description_41_17'>Ved annullering 8-10 uger f\u00f8r afholdelse betales 25% af deltagergebyret.                                                                               \nVed annullering 4-8 uger f\u00f8r afholdelse \u2013 betales 50% af deltagergebyret.                                                                      \nVed annullering mindre end 4 uger f\u00f8r afholdelse \u2013 betales 100% af deltagergebyret.\n<\/div><\/li>\n                            <\/ul><\/div>\n        <div class='gform_footer top_label'> <input type='submit' id='gform_submit_button_41' class='gform_button button' value='Send'  onclick='if(window[\"gf_submitting_41\"]){return false;}  window[\"gf_submitting_41\"]=true;  ' onkeypress='if( event.keyCode == 13 ){ if(window[\"gf_submitting_41\"]){return false;} window[\"gf_submitting_41\"]=true;  jQuery(\"#gform_41\").trigger(\"submit\",[true]); }' \/> \n            <input type='hidden' class='gform_hidden' name='is_submit_41' value='1' \/>\n            <input type='hidden' class='gform_hidden' name='gform_submit' value='41' \/>\n            \n            <input type='hidden' class='gform_hidden' name='gform_unique_id' value='' \/>\n            <input type='hidden' class='gform_hidden' name='state_41' value='WyJbXSIsIjgzOTEzYzEwNjk5ZmQxZmI5MTRmYzM1YjA1ZDEwNzU2Il0=' \/>\n            <input type='hidden' class='gform_hidden' name='gform_target_page_number_41' id='gform_target_page_number_41' value='0' \/>\n            <input type='hidden' class='gform_hidden' name='gform_source_page_number_41' id='gform_source_page_number_41' value='1' \/>\n            <input type='hidden' name='gform_field_values' value='' \/>\n            \n        <\/div>\n                        <\/form>\n                        <\/div><script type='text\/javascript'> jQuery(document).bind('gform_post_render', function(event, formId, currentPage){if(formId == 41) {} } );jQuery(document).bind('gform_post_conditional_logic', function(event, formId, fields, isInit){} );<\/script><script type='text\/javascript'> jQuery(document).ready(function(){jQuery(document).trigger('gform_post_render', [41, 1]) } ); <\/script>\n<\/div><\/div>\n\n<\/div><\/div>","protected":false},"excerpt":{"rendered":"<p>Denne opf\u00f8lgningsdag er en ny og oplagt mulighed for at komme tilbage i \u201claboratoriet\u201d sammen med andre forflytningsvejledere. Der er mulighed for faglig sparring med blandt andre underviserne i forhold til finpudsning af arbejdsteknik og v\u00e6rkt\u00f8jer, men bestemt ogs\u00e5 de andre forflytningsvejledere du m\u00f8der. Alt sammen med fokus p\u00e5 inddrage borgeren, medarbejderen og hj\u00e6lpemidler til&#8230;<\/p>","protected":false},"author":888008933,"featured_media":0,"parent":8682,"menu_order":0,"comment_status":"closed","ping_status":"closed","template":"","meta":{"_acf_changed":false,"inline_featured_image":false,"_kad_blocks_custom_css":"","_kad_blocks_head_custom_js":"","_kad_blocks_body_custom_js":"","_kad_blocks_footer_custom_js":"","_kad_post_transparent":"","_kad_post_title":"","_kad_post_layout":"","_kad_post_sidebar_id":"","_kad_post_content_style":"","_kad_post_vertical_padding":"","_kad_post_feature":"","_kad_post_feature_position":"","_kad_post_header":false,"_kad_post_footer":false,"_kad_post_classname":"","footnotes":""},"class_list":["post-10491","page","type-page","status-publish","hentry"],"acf":[],"taxonomy_info":[],"featured_image_src_large":false,"author_info":{"display_name":"webto","author_link":"https:\/\/spilerdug.dk\/sv\/author\/webto\/"},"comment_info":0,"_links":{"self":[{"href":"https:\/\/spilerdug.dk\/sv\/wp-json\/wp\/v2\/pages\/10491","targetHints":{"allow":["GET"]}}],"collection":[{"href":"https:\/\/spilerdug.dk\/sv\/wp-json\/wp\/v2\/pages"}],"about":[{"href":"https:\/\/spilerdug.dk\/sv\/wp-json\/wp\/v2\/types\/page"}],"author":[{"embeddable":true,"href":"https:\/\/spilerdug.dk\/sv\/wp-json\/wp\/v2\/users\/888008933"}],"replies":[{"embeddable":true,"href":"https:\/\/spilerdug.dk\/sv\/wp-json\/wp\/v2\/comments?post=10491"}],"version-history":[{"count":3,"href":"https:\/\/spilerdug.dk\/sv\/wp-json\/wp\/v2\/pages\/10491\/revisions"}],"predecessor-version":[{"id":10548,"href":"https:\/\/spilerdug.dk\/sv\/wp-json\/wp\/v2\/pages\/10491\/revisions\/10548"}],"up":[{"embeddable":true,"href":"https:\/\/spilerdug.dk\/sv\/wp-json\/wp\/v2\/pages\/8682"}],"wp:attachment":[{"href":"https:\/\/spilerdug.dk\/sv\/wp-json\/wp\/v2\/media?parent=10491"}],"curies":[{"name":"wp","href":"https:\/\/api.w.org\/{rel}","templated":true}]}}