{"id":10791,"date":"2024-06-21T11:11:23","date_gmt":"2024-06-21T09:11:23","guid":{"rendered":"https:\/\/spilerdug.dk.web05.webtohosting.dk\/?page_id=10791"},"modified":"2024-07-10T14:14:59","modified_gmt":"2024-07-10T12:14:59","slug":"e-laering","status":"publish","type":"page","link":"https:\/\/spilerdug.dk\/sv\/video-og-vejledninger\/e-laering\/","title":{"rendered":"E-learning"},"content":{"rendered":"<style>.kb-row-layout-id10791_2512fb-5e > .kt-row-column-wrap{align-content:start;}:where(.kb-row-layout-id10791_2512fb-5e > .kt-row-column-wrap) > .wp-block-kadence-column{justify-content:start;}.kb-row-layout-id10791_2512fb-5e > .kt-row-column-wrap{column-gap:var(--global-kb-gap-lg, 4rem);row-gap:var(--global-kb-gap-lg, 4rem);max-width:var( --global-content-width, 1400px );padding-left:var(--global-content-edge-padding);padding-right:var(--global-content-edge-padding);padding-top:var(--global-kb-spacing-3xl, 6.5rem);padding-bottom:var(--global-kb-spacing-3xl, 6.5rem);grid-template-columns:minmax(0, calc(50% - ((var(--global-kb-gap-lg, 4rem) * 1 )\/2)))minmax(0, calc(50% - ((var(--global-kb-gap-lg, 4rem) * 1 )\/2)));}.kb-row-layout-id10791_2512fb-5e > .kt-row-layout-overlay{opacity:0.30;}@media all and (max-width: 1024px){.kb-row-layout-id10791_2512fb-5e > .kt-row-column-wrap{padding-top:var(--global-kb-spacing-xxl, 5rem);padding-bottom:var(--global-kb-spacing-xxl, 5rem);grid-template-columns:repeat(2, minmax(0, 1fr));}}@media all and (max-width: 767px){.kb-row-layout-id10791_2512fb-5e > .kt-row-column-wrap{padding-top:var(--global-kb-spacing-lg, 3rem);padding-bottom:var(--global-kb-spacing-lg, 3rem);grid-template-columns:minmax(0, 1fr);}}<\/style><div class=\"kb-row-layout-wrap kb-row-layout-id10791_2512fb-5e alignnone wp-block-kadence-rowlayout\"><div class=\"kt-row-column-wrap kt-has-2-columns kt-row-layout-equal kt-tab-layout-inherit kt-mobile-layout-row kt-row-valign-top kb-theme-content-width\">\n<style>.kadence-column10791_3b302c-af > .kt-inside-inner-col,.kadence-column10791_3b302c-af > .kt-inside-inner-col:before{border-top-left-radius:0px;border-top-right-radius:0px;border-bottom-right-radius:0px;border-bottom-left-radius:0px;}.kadence-column10791_3b302c-af > .kt-inside-inner-col{column-gap:var(--global-kb-gap-sm, 1rem);}.kadence-column10791_3b302c-af > .kt-inside-inner-col{flex-direction:column;}.kadence-column10791_3b302c-af > .kt-inside-inner-col > .aligncenter{width:100%;}.kadence-column10791_3b302c-af > .kt-inside-inner-col:before{opacity:0.3;}.kadence-column10791_3b302c-af{position:relative;}@media all and (max-width: 1024px){.kadence-column10791_3b302c-af > .kt-inside-inner-col{flex-direction:column;justify-content:center;}}@media all and (max-width: 767px){.kadence-column10791_3b302c-af > .kt-inside-inner-col{flex-direction:column;justify-content:center;}}<\/style>\n<div class=\"wp-block-kadence-column kadence-column10791_3b302c-af\"><div class=\"kt-inside-inner-col\"><style>.wp-block-kadence-advancedheading.kt-adv-heading10791_c275e5-eb, .wp-block-kadence-advancedheading.kt-adv-heading10791_c275e5-eb[data-kb-block=\"kb-adv-heading10791_c275e5-eb\"]{font-size:var(--global-kb-font-size-lg, 2rem);font-style:normal;}.wp-block-kadence-advancedheading.kt-adv-heading10791_c275e5-eb mark.kt-highlight, .wp-block-kadence-advancedheading.kt-adv-heading10791_c275e5-eb[data-kb-block=\"kb-adv-heading10791_c275e5-eb\"] mark.kt-highlight{font-style:normal;color:#f76a0c;-webkit-box-decoration-break:clone;box-decoration-break:clone;padding-top:0px;padding-right:0px;padding-bottom:0px;padding-left:0px;}.wp-block-kadence-advancedheading.kt-adv-heading10791_c275e5-eb img.kb-inline-image, .wp-block-kadence-advancedheading.kt-adv-heading10791_c275e5-eb[data-kb-block=\"kb-adv-heading10791_c275e5-eb\"] img.kb-inline-image{width:150px;vertical-align:baseline;}<\/style>\n<h2 class=\"kt-adv-heading10791_c275e5-eb wp-block-kadence-advancedheading\" data-kb-block=\"kb-adv-heading10791_c275e5-eb\">Spilerdug ApS har udviklet et E-l\u00e6ringsmodul med fokus p\u00e5 forflytningskundskab<\/h2>\n\n\n\n<p>E-l\u00e6ringsmodulet supplerer vores \u201dhands-on\u201d undervisning og kan anvendes til at underst\u00f8tte denne, men ogs\u00e5 som et selvst\u00e6ndigt forl\u00f8b, der giver en god indledende viden eller lige \u201cpudser\u201d de grundl\u00e6ggende principper af.<\/p>\n\n\n\n<h2 class=\"wp-block-heading\">Hvad l\u00e6rer du p\u00e5 Spilerdug E-l\u00e6ringskursus?<\/h2>\n\n\n\n<p>P\u00e5 vores E-l\u00e6ringskursus l\u00e6rer kursisten de grundl\u00e6ggende principper ved s\u00e5vel forflytning som ved anvendelse af Spilerdug.<\/p>\n\n\n\n<p>Kurset underst\u00f8tter forflytningsvejledernes og koordinatorernes daglige arbejde med at fastholde og udvikle hensigtsm\u00e6ssige forflytninger. Kurset kan tages hvor du vil og n\u00e5r du vil, og kan ogs\u00e5 anvendes som blended l\u00e6ring, f.eks. i relation til jeres egne kurser og uddannelser i forflytning.&nbsp;<\/p>\n\n\n<style>.wp-block-kadence-advancedbtn.kb-btns10791_03f700-96{gap:var(--global-kb-gap-xs, 0.5rem );justify-content:flex-start;align-items:center;}.kt-btns10791_03f700-96 .kt-button{font-weight:normal;font-style:normal;}.kt-btns10791_03f700-96 .kt-btn-wrap-0{margin-right:5px;}.wp-block-kadence-advancedbtn.kt-btns10791_03f700-96 .kt-btn-wrap-0 .kt-button{color:#555555;border-color:#555555;}.wp-block-kadence-advancedbtn.kt-btns10791_03f700-96 .kt-btn-wrap-0 .kt-button:hover, .wp-block-kadence-advancedbtn.kt-btns10791_03f700-96 .kt-btn-wrap-0 .kt-button:focus{color:#ffffff;border-color:#444444;}.wp-block-kadence-advancedbtn.kt-btns10791_03f700-96 .kt-btn-wrap-0 .kt-button::before{display:none;}.wp-block-kadence-advancedbtn.kt-btns10791_03f700-96 .kt-btn-wrap-0 .kt-button:hover, .wp-block-kadence-advancedbtn.kt-btns10791_03f700-96 .kt-btn-wrap-0 .kt-button:focus{background:#444444;}<\/style>\n<div class=\"wp-block-kadence-advancedbtn kb-buttons-wrap kb-btns10791_03f700-96\"><style>ul.menu .wp-block-kadence-advancedbtn .kb-btn10791_1774b3-b7.kb-button{width:initial;}<\/style><a class=\"kb-button kt-button button kb-btn10791_1774b3-b7 kt-btn-size-standard kt-btn-width-type-auto kb-btn-global-inherit  kt-btn-has-text-true kt-btn-has-svg-false  wp-block-button__link wp-block-kadence-singlebtn\" href=\"https:\/\/app.cloud.scorm.com\/sc\/InvitationConfirmEmail?publicInvitationId=d167f09d-4e11-4bfd-b603-da4282e777f4\" target=\"_blank\" rel=\"noreferrer noopener\"><span class=\"kt-btn-inner-text\">Start e-l\u00e6ring her<\/span><\/a><\/div>\n<\/div><\/div>\n\n\n<style>.kadence-column10791_eaec5a-59 > .kt-inside-inner-col,.kadence-column10791_eaec5a-59 > .kt-inside-inner-col:before{border-top-left-radius:0px;border-top-right-radius:0px;border-bottom-right-radius:0px;border-bottom-left-radius:0px;}.kadence-column10791_eaec5a-59 > .kt-inside-inner-col{column-gap:var(--global-kb-gap-sm, 1rem);}.kadence-column10791_eaec5a-59 > .kt-inside-inner-col{flex-direction:column;}.kadence-column10791_eaec5a-59 > .kt-inside-inner-col > .aligncenter{width:100%;}.kadence-column10791_eaec5a-59 > .kt-inside-inner-col:before{opacity:0.3;}.kadence-column10791_eaec5a-59{position:relative;}@media all and (max-width: 1024px){.kadence-column10791_eaec5a-59 > .kt-inside-inner-col{flex-direction:column;justify-content:center;}}@media all and (max-width: 767px){.kadence-column10791_eaec5a-59 > .kt-inside-inner-col{flex-direction:column;justify-content:center;}}<\/style>\n<div class=\"wp-block-kadence-column kadence-column10791_eaec5a-59\"><div class=\"kt-inside-inner-col\"><style>.kb-image10791_94f857-49 .kb-image-has-overlay:after{opacity:0.3;}<\/style>\n<figure class=\"wp-block-kadence-image kb-image10791_94f857-49 size-full\"><img loading=\"lazy\" decoding=\"async\" width=\"749\" height=\"510\" src=\"https:\/\/spilerdug.dk\/wp-content\/uploads\/2024\/07\/elaering.jpg\" alt=\"\" class=\"kb-img wp-image-11360\" title=\"\" srcset=\"https:\/\/spilerdug.dk\/wp-content\/uploads\/2024\/07\/elaering.jpg 749w, https:\/\/spilerdug.dk\/wp-content\/uploads\/2024\/07\/elaering-300x204.jpg 300w, https:\/\/spilerdug.dk\/wp-content\/uploads\/2024\/07\/elaering-600x409.jpg 600w\" sizes=\"auto, (max-width: 749px) 100vw, 749px\" \/><\/figure>\n<\/div><\/div>\n\n<\/div><\/div>","protected":false},"excerpt":{"rendered":"<p>Spilerdug ApS har udviklet et E-l\u00e6ringsmodul med fokus p\u00e5 forflytningskundskab E-l\u00e6ringsmodulet supplerer vores \u201dhands-on\u201d undervisning og kan anvendes til at underst\u00f8tte denne, men ogs\u00e5 som et selvst\u00e6ndigt forl\u00f8b, der giver en god indledende viden eller lige \u201cpudser\u201d de grundl\u00e6ggende principper af. Hvad l\u00e6rer du p\u00e5 Spilerdug E-l\u00e6ringskursus? P\u00e5 vores E-l\u00e6ringskursus l\u00e6rer kursisten de grundl\u00e6ggende principper&#8230;<\/p>","protected":false},"author":888008933,"featured_media":0,"parent":3847,"menu_order":0,"comment_status":"closed","ping_status":"closed","template":"","meta":{"_acf_changed":false,"inline_featured_image":false,"_kad_blocks_custom_css":"","_kad_blocks_head_custom_js":"","_kad_blocks_body_custom_js":"","_kad_blocks_footer_custom_js":"","_kad_post_transparent":"","_kad_post_title":"","_kad_post_layout":"","_kad_post_sidebar_id":"","_kad_post_content_style":"","_kad_post_vertical_padding":"","_kad_post_feature":"","_kad_post_feature_position":"","_kad_post_header":false,"_kad_post_footer":false,"_kad_post_classname":"","footnotes":""},"class_list":["post-10791","page","type-page","status-publish","hentry"],"acf":[],"taxonomy_info":[],"featured_image_src_large":false,"author_info":{"display_name":"webto","author_link":"https:\/\/spilerdug.dk\/sv\/author\/webto\/"},"comment_info":0,"_links":{"self":[{"href":"https:\/\/spilerdug.dk\/sv\/wp-json\/wp\/v2\/pages\/10791","targetHints":{"allow":["GET"]}}],"collection":[{"href":"https:\/\/spilerdug.dk\/sv\/wp-json\/wp\/v2\/pages"}],"about":[{"href":"https:\/\/spilerdug.dk\/sv\/wp-json\/wp\/v2\/types\/page"}],"author":[{"embeddable":true,"href":"https:\/\/spilerdug.dk\/sv\/wp-json\/wp\/v2\/users\/888008933"}],"replies":[{"embeddable":true,"href":"https:\/\/spilerdug.dk\/sv\/wp-json\/wp\/v2\/comments?post=10791"}],"version-history":[{"count":3,"href":"https:\/\/spilerdug.dk\/sv\/wp-json\/wp\/v2\/pages\/10791\/revisions"}],"predecessor-version":[{"id":12415,"href":"https:\/\/spilerdug.dk\/sv\/wp-json\/wp\/v2\/pages\/10791\/revisions\/12415"}],"up":[{"embeddable":true,"href":"https:\/\/spilerdug.dk\/sv\/wp-json\/wp\/v2\/pages\/3847"}],"wp:attachment":[{"href":"https:\/\/spilerdug.dk\/sv\/wp-json\/wp\/v2\/media?parent=10791"}],"curies":[{"name":"wp","href":"https:\/\/api.w.org\/{rel}","templated":true}]}}