{"id":12127,"date":"2025-06-23T13:53:22","date_gmt":"2025-06-23T11:53:22","guid":{"rendered":"https:\/\/spilerdug.dk\/?page_id=12127"},"modified":"2025-06-23T14:06:04","modified_gmt":"2025-06-23T12:06:04","slug":"spilerdug-paaklaedning","status":"publish","type":"page","link":"https:\/\/spilerdug.dk\/sv\/undervisning\/spilerdug-paaklaedning\/","title":{"rendered":"Spilerdug &amp; P\u00e5kl\u00e6dning"},"content":{"rendered":"<style>.kb-row-layout-id12127_2d1af9-bb > .kt-row-column-wrap{align-content:start;}:where(.kb-row-layout-id12127_2d1af9-bb > .kt-row-column-wrap) > .wp-block-kadence-column{justify-content:start;}.kb-row-layout-id12127_2d1af9-bb > .kt-row-column-wrap{column-gap:var(--global-kb-gap-md, 2rem);row-gap:var(--global-kb-gap-md, 2rem);max-width:var( --global-content-width, 1400px );padding-left:var(--global-content-edge-padding);padding-right:var(--global-content-edge-padding);padding-top:var(--global-kb-spacing-3xl, 6.5rem);padding-bottom:var(--global-kb-spacing-3xl, 6.5rem);grid-template-columns:minmax(0, calc(40% - ((var(--global-kb-gap-md, 2rem) * 1 )\/2)))minmax(0, calc(60% - ((var(--global-kb-gap-md, 2rem) * 1 )\/2)));}.kb-row-layout-id12127_2d1af9-bb > .kt-row-layout-overlay{opacity:0.30;}@media all and (max-width: 1024px){.kb-row-layout-id12127_2d1af9-bb > .kt-row-column-wrap{padding-top:var(--global-kb-spacing-xxl, 5rem);padding-bottom:var(--global-kb-spacing-xxl, 5rem);grid-template-columns:minmax(0, 1fr);}}@media all and (max-width: 767px){.kb-row-layout-id12127_2d1af9-bb > .kt-row-column-wrap{padding-top:var(--global-kb-spacing-lg, 3rem);padding-bottom:var(--global-kb-spacing-lg, 3rem);grid-template-columns:minmax(0, 1fr);}}<\/style><div class=\"kb-row-layout-wrap kb-row-layout-id12127_2d1af9-bb aligncenter wp-block-kadence-rowlayout\"><div class=\"kt-row-column-wrap kt-has-2-columns kt-row-layout-equal kt-tab-layout-row kt-mobile-layout-row kt-row-valign-top kb-theme-content-width\">\n<style>.kadence-column12127_69dc04-0d > .kt-inside-inner-col,.kadence-column12127_69dc04-0d > .kt-inside-inner-col:before{border-top-left-radius:0px;border-top-right-radius:0px;border-bottom-right-radius:0px;border-bottom-left-radius:0px;}.kadence-column12127_69dc04-0d > .kt-inside-inner-col{column-gap:var(--global-kb-gap-sm, 1rem);}.kadence-column12127_69dc04-0d > .kt-inside-inner-col{flex-direction:column;}.kadence-column12127_69dc04-0d > .kt-inside-inner-col > .aligncenter{width:100%;}.kadence-column12127_69dc04-0d > .kt-inside-inner-col:before{opacity:0.3;}.kadence-column12127_69dc04-0d{position:relative;}@media all and (max-width: 1024px){.kadence-column12127_69dc04-0d > .kt-inside-inner-col{flex-direction:column;justify-content:center;}}@media all and (max-width: 767px){.kadence-column12127_69dc04-0d > .kt-inside-inner-col{flex-direction:column;justify-content:center;}}<\/style>\n<div class=\"wp-block-kadence-column kadence-column12127_69dc04-0d\"><div class=\"kt-inside-inner-col\">\n<h1 class=\"wp-block-heading\"><\/h1>\n\n\n\n<p><strong>F\u00e5 udviklet jeres kompetencer i brugen af Spilerdug og P\u00e5kl\u00e6dning, s\u00e5 I kan forebygge fysisk belastning og nedslidning af medarbejderne og skabe sk\u00e5nsomme og v\u00e6rdige p\u00e5kl\u00e6dningssituationer.<\/strong><\/p>\n\n\n\n<p>I samarbete med Spilerdug ApS har ni m\u00f6jlighet att designa kurser som passar just er arbetsplats. Vi anpassar alltid v\u00e5ra kurser utifr\u00e5n era \u00f6nskem\u00e5l, det kan till exempel vara i f\u00f6rh\u00e5llande till den grupp brukare\/patienter som ni arbetar med eller utifr\u00e5n den niv\u00e5 och kunskap ni som medarbetargrupp har i anv\u00e4ndningen av Spilerdug.<\/p>\n\n\n\n<p>Undervisningen leds av erfarna terapeuter med stor undervisningserfarenhet inom f\u00f6rflyttningsomr\u00e5det och i anv\u00e4ndningen av Spilerdug. Om ni \u00e4r en st\u00f6rre grupp som \u00f6nskar undervisning genomf\u00f6rs undervisningen med tv\u00e5 l\u00e4rare p\u00e5 kursen, detta f\u00f6r att s\u00e4kerst\u00e4lla god kvalitet och ett gott utbyte f\u00f6r deltagarna.<\/p>\n\n\n\n<h3 class=\"wp-block-heading\">Pris f\u00f6r Spilerdugskurser<\/h3>\n\n\n\n<p>Priset kommer att bero p\u00e5 kursens omfattning och p\u00e5 om ni \u00e4r kunder hos oss.<\/p>\n\n\n\n<p><a href=\"https:\/\/spilerdug.dk\/sv\/om-os\/medarbejderne\/\" data-type=\"page\" data-id=\"3634\"><strong>Kontakt den af os<\/strong>,<\/a> der er tilknyttet dit omr\u00e5de for at h\u00f8re n\u00e6rmere om mulighederne og for at f\u00e5 et uforpligtende tilbud.<\/p>\n<\/div><\/div>\n\n\n<style>.kadence-column12127_2568ab-8b > .kt-inside-inner-col,.kadence-column12127_2568ab-8b > .kt-inside-inner-col:before{border-top-left-radius:0px;border-top-right-radius:0px;border-bottom-right-radius:0px;border-bottom-left-radius:0px;}.kadence-column12127_2568ab-8b > .kt-inside-inner-col{column-gap:var(--global-kb-gap-sm, 1rem);}.kadence-column12127_2568ab-8b > .kt-inside-inner-col{flex-direction:column;}.kadence-column12127_2568ab-8b > .kt-inside-inner-col > .aligncenter{width:100%;}.kadence-column12127_2568ab-8b > .kt-inside-inner-col:before{opacity:0.3;}.kadence-column12127_2568ab-8b{position:relative;}@media all and (max-width: 1024px){.kadence-column12127_2568ab-8b > .kt-inside-inner-col{flex-direction:column;justify-content:center;}}@media all and (max-width: 767px){.kadence-column12127_2568ab-8b > .kt-inside-inner-col{flex-direction:column;justify-content:center;}}<\/style>\n<div class=\"wp-block-kadence-column kadence-column12127_2568ab-8b\"><div class=\"kt-inside-inner-col\"><style>.kadence-column12127_0cc21d-2a > .kt-inside-inner-col,.kadence-column12127_0cc21d-2a > .kt-inside-inner-col:before{border-top-left-radius:0px;border-top-right-radius:0px;border-bottom-right-radius:0px;border-bottom-left-radius:0px;}.kadence-column12127_0cc21d-2a > .kt-inside-inner-col{column-gap:var(--global-kb-gap-sm, 1rem);}.kadence-column12127_0cc21d-2a > .kt-inside-inner-col{flex-direction:column;}.kadence-column12127_0cc21d-2a > .kt-inside-inner-col > .aligncenter{width:100%;}.kadence-column12127_0cc21d-2a > .kt-inside-inner-col:before{opacity:0.3;}.kadence-column12127_0cc21d-2a{position:relative;}@media all and (max-width: 1024px){.kadence-column12127_0cc21d-2a > .kt-inside-inner-col{flex-direction:column;justify-content:center;}}@media all and (max-width: 767px){.kadence-column12127_0cc21d-2a > .kt-inside-inner-col{flex-direction:column;justify-content:center;}}<\/style>\n<div class=\"wp-block-kadence-column kadence-column12127_0cc21d-2a\"><div class=\"kt-inside-inner-col\"><style>.kadence-column12127_4c73a8-5e > .kt-inside-inner-col,.kadence-column12127_4c73a8-5e > .kt-inside-inner-col:before{border-top-left-radius:0px;border-top-right-radius:0px;border-bottom-right-radius:0px;border-bottom-left-radius:0px;}.kadence-column12127_4c73a8-5e > .kt-inside-inner-col{column-gap:var(--global-kb-gap-sm, 1rem);}.kadence-column12127_4c73a8-5e > .kt-inside-inner-col{flex-direction:column;}.kadence-column12127_4c73a8-5e > .kt-inside-inner-col > .aligncenter{width:100%;}.kadence-column12127_4c73a8-5e > .kt-inside-inner-col:before{opacity:0.3;}.kadence-column12127_4c73a8-5e{position:relative;}@media all and (max-width: 1024px){.kadence-column12127_4c73a8-5e > .kt-inside-inner-col{flex-direction:column;justify-content:center;}}@media all and (max-width: 767px){.kadence-column12127_4c73a8-5e > .kt-inside-inner-col{flex-direction:column;justify-content:center;}}<\/style>\n<div class=\"wp-block-kadence-column kadence-column12127_4c73a8-5e\"><div class=\"kt-inside-inner-col\">\n<p><\/p>\n<\/div><\/div>\n<\/div><\/div>\n\n\n<style>.kadence-column12127_bac261-63 > .kt-inside-inner-col,.kadence-column12127_bac261-63 > .kt-inside-inner-col:before{border-top-left-radius:0px;border-top-right-radius:0px;border-bottom-right-radius:0px;border-bottom-left-radius:0px;}.kadence-column12127_bac261-63 > .kt-inside-inner-col{column-gap:var(--global-kb-gap-sm, 1rem);}.kadence-column12127_bac261-63 > .kt-inside-inner-col{flex-direction:column;}.kadence-column12127_bac261-63 > .kt-inside-inner-col > .aligncenter{width:100%;}.kadence-column12127_bac261-63 > .kt-inside-inner-col:before{opacity:0.3;}.kadence-column12127_bac261-63{position:relative;}@media all and (max-width: 1024px){.kadence-column12127_bac261-63 > .kt-inside-inner-col{flex-direction:column;justify-content:center;}}@media all and (max-width: 767px){.kadence-column12127_bac261-63 > .kt-inside-inner-col{flex-direction:column;justify-content:center;}}<\/style>\n<div class=\"wp-block-kadence-column kadence-column12127_bac261-63\"><div class=\"kt-inside-inner-col\"><style>.kb-image12127_d4ef6f-0d .kb-image-has-overlay:after{opacity:0.3;}<\/style>\n<div class=\"wp-block-kadence-image kb-image12127_d4ef6f-0d\"><figure class=\"aligncenter size-medium\"><img loading=\"lazy\" decoding=\"async\" width=\"300\" height=\"205\" src=\"https:\/\/spilerdug.dk\/wp-content\/uploads\/2024\/06\/bluse-paa-og-af-i-koerestol-e1594022916168_2-300x205.png\" alt=\"\" class=\"kb-img wp-image-10486\" title=\"\" srcset=\"https:\/\/spilerdug.dk\/wp-content\/uploads\/2024\/06\/bluse-paa-og-af-i-koerestol-e1594022916168_2-300x205.png 300w, https:\/\/spilerdug.dk\/wp-content\/uploads\/2024\/06\/bluse-paa-og-af-i-koerestol-e1594022916168_2-768x526.png 768w, https:\/\/spilerdug.dk\/wp-content\/uploads\/2024\/06\/bluse-paa-og-af-i-koerestol-e1594022916168_2-18x12.png 18w, https:\/\/spilerdug.dk\/wp-content\/uploads\/2024\/06\/bluse-paa-og-af-i-koerestol-e1594022916168_2-600x411.png 600w, https:\/\/spilerdug.dk\/wp-content\/uploads\/2024\/06\/bluse-paa-og-af-i-koerestol-e1594022916168_2.png 818w\" sizes=\"auto, (max-width: 300px) 100vw, 300px\" \/><\/figure><\/div>\n\n\n<style>.kb-image12127_4bcccb-4a .kb-image-has-overlay:after{opacity:0.3;}<\/style>\n<div class=\"wp-block-kadence-image kb-image12127_4bcccb-4a\"><figure class=\"aligncenter size-medium\"><img loading=\"lazy\" decoding=\"async\" width=\"300\" height=\"205\" src=\"https:\/\/spilerdug.dk\/wp-content\/uploads\/2024\/06\/img_1362-tjek-linning-og-traek-op_2-300x205.png\" alt=\"\" class=\"kb-img wp-image-10483\" title=\"\" srcset=\"https:\/\/spilerdug.dk\/wp-content\/uploads\/2024\/06\/img_1362-tjek-linning-og-traek-op_2-300x205.png 300w, https:\/\/spilerdug.dk\/wp-content\/uploads\/2024\/06\/img_1362-tjek-linning-og-traek-op_2-768x526.png 768w, https:\/\/spilerdug.dk\/wp-content\/uploads\/2024\/06\/img_1362-tjek-linning-og-traek-op_2-18x12.png 18w, https:\/\/spilerdug.dk\/wp-content\/uploads\/2024\/06\/img_1362-tjek-linning-og-traek-op_2-600x411.png 600w, https:\/\/spilerdug.dk\/wp-content\/uploads\/2024\/06\/img_1362-tjek-linning-og-traek-op_2.png 818w\" sizes=\"auto, (max-width: 300px) 100vw, 300px\" \/><\/figure><\/div>\n\n\n<style>.kb-image12127_a2fa97-74 .kb-image-has-overlay:after{opacity:0.3;}<\/style>\n<div class=\"wp-block-kadence-image kb-image12127_a2fa97-74\"><figure class=\"aligncenter size-medium\"><img loading=\"lazy\" decoding=\"async\" width=\"300\" height=\"168\" src=\"https:\/\/spilerdug.dk\/wp-content\/uploads\/2024\/07\/IMG_2538-300x168.jpg\" alt=\"\" class=\"kb-img wp-image-11344\" title=\"\" srcset=\"https:\/\/spilerdug.dk\/wp-content\/uploads\/2024\/07\/IMG_2538-300x168.jpg 300w, https:\/\/spilerdug.dk\/wp-content\/uploads\/2024\/07\/IMG_2538-1024x575.jpg 1024w, https:\/\/spilerdug.dk\/wp-content\/uploads\/2024\/07\/IMG_2538-768x431.jpg 768w, https:\/\/spilerdug.dk\/wp-content\/uploads\/2024\/07\/IMG_2538-1536x862.jpg 1536w, https:\/\/spilerdug.dk\/wp-content\/uploads\/2024\/07\/IMG_2538-2048x1150.jpg 2048w, https:\/\/spilerdug.dk\/wp-content\/uploads\/2024\/07\/IMG_2538-600x337.jpg 600w\" sizes=\"auto, (max-width: 300px) 100vw, 300px\" \/><\/figure><\/div>\n<\/div><\/div>\n<\/div><\/div>\n\n<\/div><\/div>","protected":false},"excerpt":{"rendered":"<p>F\u00e5 udviklet jeres kompetencer i brugen af Spilerdug og P\u00e5kl\u00e6dning, s\u00e5 I kan forebygge fysisk belastning og nedslidning af medarbejderne og skabe sk\u00e5nsomme og v\u00e6rdige p\u00e5kl\u00e6dningssituationer. I samarbejde med Spilerdug ApS, har I mulighed for at designe kurser der passer til netop jeres arbejdsplads. Vi tilpasser altid vores kurser ud fra jeres \u00f8nsker, det kan&#8230;<\/p>","protected":false},"author":24,"featured_media":0,"parent":3553,"menu_order":0,"comment_status":"closed","ping_status":"closed","template":"","meta":{"_acf_changed":false,"inline_featured_image":false,"_kad_blocks_custom_css":"","_kad_blocks_head_custom_js":"","_kad_blocks_body_custom_js":"","_kad_blocks_footer_custom_js":"","_kad_post_transparent":"","_kad_post_title":"","_kad_post_layout":"","_kad_post_sidebar_id":"","_kad_post_content_style":"","_kad_post_vertical_padding":"","_kad_post_feature":"","_kad_post_feature_position":"","_kad_post_header":false,"_kad_post_footer":false,"_kad_post_classname":"","footnotes":""},"class_list":["post-12127","page","type-page","status-publish","hentry"],"acf":[],"taxonomy_info":[],"featured_image_src_large":false,"author_info":{"display_name":"Nanna Westby","author_link":"https:\/\/spilerdug.dk\/sv\/author\/nanna\/"},"comment_info":0,"_links":{"self":[{"href":"https:\/\/spilerdug.dk\/sv\/wp-json\/wp\/v2\/pages\/12127","targetHints":{"allow":["GET"]}}],"collection":[{"href":"https:\/\/spilerdug.dk\/sv\/wp-json\/wp\/v2\/pages"}],"about":[{"href":"https:\/\/spilerdug.dk\/sv\/wp-json\/wp\/v2\/types\/page"}],"author":[{"embeddable":true,"href":"https:\/\/spilerdug.dk\/sv\/wp-json\/wp\/v2\/users\/24"}],"replies":[{"embeddable":true,"href":"https:\/\/spilerdug.dk\/sv\/wp-json\/wp\/v2\/comments?post=12127"}],"version-history":[{"count":5,"href":"https:\/\/spilerdug.dk\/sv\/wp-json\/wp\/v2\/pages\/12127\/revisions"}],"predecessor-version":[{"id":12138,"href":"https:\/\/spilerdug.dk\/sv\/wp-json\/wp\/v2\/pages\/12127\/revisions\/12138"}],"up":[{"embeddable":true,"href":"https:\/\/spilerdug.dk\/sv\/wp-json\/wp\/v2\/pages\/3553"}],"wp:attachment":[{"href":"https:\/\/spilerdug.dk\/sv\/wp-json\/wp\/v2\/media?parent=12127"}],"curies":[{"name":"wp","href":"https:\/\/api.w.org\/{rel}","templated":true}]}}