{"id":3553,"date":"2020-03-30T13:58:29","date_gmt":"2020-03-30T11:58:29","guid":{"rendered":"https:\/\/spilerdug.dk.web05.webtohosting.dk\/?page_id=3553"},"modified":"2025-10-23T10:12:08","modified_gmt":"2025-10-23T08:12:08","slug":"undervisning","status":"publish","type":"page","link":"https:\/\/spilerdug.dk\/sv\/undervisning\/","title":{"rendered":"Utbildning"},"content":{"rendered":"<style>.kb-row-layout-id3553_1ae7a6-2d > .kt-row-column-wrap{align-content:start;}:where(.kb-row-layout-id3553_1ae7a6-2d > .kt-row-column-wrap) > .wp-block-kadence-column{justify-content:start;}.kb-row-layout-id3553_1ae7a6-2d > .kt-row-column-wrap{column-gap:var(--global-kb-gap-lg, 4rem);row-gap:var(--global-kb-gap-lg, 4rem);max-width:var( --global-content-width, 1400px );padding-left:var(--global-content-edge-padding);padding-right:var(--global-content-edge-padding);padding-top:var(--global-kb-spacing-3xl, 6.5rem);padding-bottom:var(--global-kb-spacing-3xl, 6.5rem);grid-template-columns:repeat(2, minmax(0, 1fr));}.kb-row-layout-id3553_1ae7a6-2d > .kt-row-layout-overlay{opacity:0.30;}@media all and (max-width: 1024px){.kb-row-layout-id3553_1ae7a6-2d > .kt-row-column-wrap{padding-top:var(--global-kb-spacing-xxl, 5rem);padding-bottom:var(--global-kb-spacing-xxl, 5rem);grid-template-columns:repeat(2, minmax(0, 1fr));}}@media all and (max-width: 767px){.kb-row-layout-id3553_1ae7a6-2d > .kt-row-column-wrap{padding-top:var(--global-kb-spacing-lg, 3rem);padding-bottom:var(--global-kb-spacing-lg, 3rem);grid-template-columns:minmax(0, 1fr);}}<\/style><div class=\"kb-row-layout-wrap kb-row-layout-id3553_1ae7a6-2d alignnone wp-block-kadence-rowlayout\"><div class=\"kt-row-column-wrap kt-has-2-columns kt-row-layout-equal kt-tab-layout-inherit kt-mobile-layout-row kt-row-valign-top kb-theme-content-width\">\n<style>.kadence-column3553_39bd55-7b > .kt-inside-inner-col,.kadence-column3553_39bd55-7b > .kt-inside-inner-col:before{border-top-left-radius:0px;border-top-right-radius:0px;border-bottom-right-radius:0px;border-bottom-left-radius:0px;}.kadence-column3553_39bd55-7b > .kt-inside-inner-col{column-gap:var(--global-kb-gap-sm, 1rem);}.kadence-column3553_39bd55-7b > .kt-inside-inner-col{flex-direction:column;}.kadence-column3553_39bd55-7b > .kt-inside-inner-col > .aligncenter{width:100%;}.kadence-column3553_39bd55-7b > .kt-inside-inner-col:before{opacity:0.3;}.kadence-column3553_39bd55-7b{position:relative;}@media all and (max-width: 1024px){.kadence-column3553_39bd55-7b > .kt-inside-inner-col{flex-direction:column;justify-content:center;}}@media all and (max-width: 767px){.kadence-column3553_39bd55-7b > .kt-inside-inner-col{flex-direction:column;justify-content:center;}}<\/style>\n<div class=\"wp-block-kadence-column kadence-column3553_39bd55-7b\"><div class=\"kt-inside-inner-col\">\n<h2 class=\"wp-block-heading\">Spilerdug f\u00e5r du meget gl\u00e6de af <\/h2>\n\n\n\n<p> &#8211; <strong>n\u00e5r du har l\u00e6rt hvordan du anvender det<\/strong><\/p>\n\n\n\n<h2 class=\"wp-block-heading\"><strong>Bliv god til \u201dhands on\u201d brug af Spilerdug<\/strong><\/h2>\n\n\n\n<p>Vores mission i Spilerdug ApS er bl.a. at formidle og sprede viden om personforflytning, med det form\u00e5l at forebygge fysisk belastning og nedslidning af medarbejderne og skabe sk\u00e5nsomme og v\u00e6rdige forflytninger \u2013 derfor er undervisning en vigtig del af vores tilbud.<\/p>\n\n\n\n<p>Vi tilbyder undervisning i viden om, samt brugen af vores produkter, s\u00e5 du kan vurdere, hvor, hvorn\u00e5r og hvordan de kan bruges. Vores undervisning er lagt an p\u00e5 praktisk tr\u00e6ning, suppleret med relevant teori og med refleksion over din egen praksis.<\/p>\n\n\n\n<h3 class=\"wp-block-heading\"><strong>Bliv en kompetent forflytningsvejleder for din arbejdsplads<\/strong><\/h3>\n\n\n\n<p>G\u00f8r hverdagen lettere med sk\u00e5nsomme forflytninger.<br>P\u00e5 vores forflytningsvejleder uddannelse udfordrer vi din kreativitet, da man kan alt \u2013 n\u00e6sten \u2013 med Spilerdug. Grundl\u00e6ggende forflytningsprincipper og metoder er grundlaget.<br>Vores faglige konsulenter er alle uddannede terapeuter med en solid faglig baggrund \u2013 b\u00e5de praktisk og undervisningsm\u00e6ssigt. Vi udvikler hele tiden p\u00e5 metoder og teknikker, med det form\u00e5l at g\u00f8re hverdagen s\u00e5 lidt belastende som muligt for dig og dine kolleger.<\/p>\n\n\n\n<h5 class=\"wp-block-heading\"><strong>G\u00e5 p\u00e5 opdagelse i vores undervisningstilbud&nbsp;<\/strong><\/h5>\n\n\n\n<p>Du finder helt sikkert noget, der er inspirerende, sp\u00e6ndende og nyttigt for b\u00e5de dig og din arbejdsplads.<\/p>\n<\/div><\/div>\n\n\n<style>.kadence-column3553_e43c2f-01 > .kt-inside-inner-col,.kadence-column3553_e43c2f-01 > .kt-inside-inner-col:before{border-top-left-radius:0px;border-top-right-radius:0px;border-bottom-right-radius:0px;border-bottom-left-radius:0px;}.kadence-column3553_e43c2f-01 > .kt-inside-inner-col{column-gap:var(--global-kb-gap-sm, 1rem);}.kadence-column3553_e43c2f-01 > .kt-inside-inner-col{flex-direction:column;}.kadence-column3553_e43c2f-01 > .kt-inside-inner-col > .aligncenter{width:100%;}.kadence-column3553_e43c2f-01 > .kt-inside-inner-col:before{opacity:0.3;}.kadence-column3553_e43c2f-01{text-align:center;}.kadence-column3553_e43c2f-01{position:relative;}@media all and (max-width: 1024px){.kadence-column3553_e43c2f-01 > .kt-inside-inner-col{flex-direction:column;justify-content:center;}}@media all and (max-width: 767px){.kadence-column3553_e43c2f-01 > .kt-inside-inner-col{flex-direction:column;justify-content:center;}}<\/style>\n<div class=\"wp-block-kadence-column kadence-column3553_e43c2f-01\"><div class=\"kt-inside-inner-col\"><style>.wp-block-kadence-advancedheading.kt-adv-heading3553_c92d97-7f, .wp-block-kadence-advancedheading.kt-adv-heading3553_c92d97-7f[data-kb-block=\"kb-adv-heading3553_c92d97-7f\"]{font-size:var(--global-kb-font-size-md, 1.25rem);font-style:normal;border-top-left-radius:10px;border-top-right-radius:10px;border-bottom-right-radius:10px;border-bottom-left-radius:10px;}.wp-block-kadence-advancedheading.kt-adv-heading3553_c92d97-7f mark.kt-highlight, .wp-block-kadence-advancedheading.kt-adv-heading3553_c92d97-7f[data-kb-block=\"kb-adv-heading3553_c92d97-7f\"] mark.kt-highlight{font-style:normal;color:#f76a0c;-webkit-box-decoration-break:clone;box-decoration-break:clone;padding-top:0px;padding-right:0px;padding-bottom:0px;padding-left:0px;}.wp-block-kadence-advancedheading.kt-adv-heading3553_c92d97-7f img.kb-inline-image, .wp-block-kadence-advancedheading.kt-adv-heading3553_c92d97-7f[data-kb-block=\"kb-adv-heading3553_c92d97-7f\"] img.kb-inline-image{width:150px;vertical-align:baseline;}<\/style>\n<h3 class=\"kt-adv-heading3553_c92d97-7f wp-block-kadence-advancedheading has-theme-palette-6-background-color has-background\" data-kb-block=\"kb-adv-heading3553_c92d97-7f\"><strong><a href=\"\/undervisning\/forflytningsvejlederuddannelse\/\">Forflytningsvejlederuddannelse<\/a><\/strong><\/h3>\n\n\n<style>.wp-block-kadence-advancedheading.kt-adv-heading3553_f6d16c-ad, .wp-block-kadence-advancedheading.kt-adv-heading3553_f6d16c-ad[data-kb-block=\"kb-adv-heading3553_f6d16c-ad\"]{font-size:var(--global-kb-font-size-md, 1.25rem);font-style:normal;border-top-left-radius:10px;border-top-right-radius:10px;border-bottom-right-radius:10px;border-bottom-left-radius:10px;}.wp-block-kadence-advancedheading.kt-adv-heading3553_f6d16c-ad mark.kt-highlight, .wp-block-kadence-advancedheading.kt-adv-heading3553_f6d16c-ad[data-kb-block=\"kb-adv-heading3553_f6d16c-ad\"] mark.kt-highlight{font-style:normal;color:#f76a0c;-webkit-box-decoration-break:clone;box-decoration-break:clone;padding-top:0px;padding-right:0px;padding-bottom:0px;padding-left:0px;}.wp-block-kadence-advancedheading.kt-adv-heading3553_f6d16c-ad img.kb-inline-image, .wp-block-kadence-advancedheading.kt-adv-heading3553_f6d16c-ad[data-kb-block=\"kb-adv-heading3553_f6d16c-ad\"] img.kb-inline-image{width:150px;vertical-align:baseline;}<\/style>\n<h3 class=\"kt-adv-heading3553_f6d16c-ad wp-block-kadence-advancedheading has-theme-palette-6-background-color has-background\" data-kb-block=\"kb-adv-heading3553_f6d16c-ad\"><strong><a href=\"https:\/\/spilerdug.dk\/undervisning\/efteruddannelser\/spilerdug-undervisere\/\" data-type=\"link\" data-id=\"https:\/\/spilerdug.dk\/undervisning\/efteruddannelser\/spilerdug-undervisere\/\">Spilerdug &amp; Underviser <\/a><\/strong><\/h3>\n\n\n<style>.wp-block-kadence-advancedheading.kt-adv-heading3553_a175a7-d1, .wp-block-kadence-advancedheading.kt-adv-heading3553_a175a7-d1[data-kb-block=\"kb-adv-heading3553_a175a7-d1\"]{font-size:var(--global-kb-font-size-md, 1.25rem);font-style:normal;border-top-left-radius:10px;border-top-right-radius:10px;border-bottom-right-radius:10px;border-bottom-left-radius:10px;}.wp-block-kadence-advancedheading.kt-adv-heading3553_a175a7-d1 mark.kt-highlight, .wp-block-kadence-advancedheading.kt-adv-heading3553_a175a7-d1[data-kb-block=\"kb-adv-heading3553_a175a7-d1\"] mark.kt-highlight{font-style:normal;color:#f76a0c;-webkit-box-decoration-break:clone;box-decoration-break:clone;padding-top:0px;padding-right:0px;padding-bottom:0px;padding-left:0px;}.wp-block-kadence-advancedheading.kt-adv-heading3553_a175a7-d1 img.kb-inline-image, .wp-block-kadence-advancedheading.kt-adv-heading3553_a175a7-d1[data-kb-block=\"kb-adv-heading3553_a175a7-d1\"] img.kb-inline-image{width:150px;vertical-align:baseline;}<\/style>\n<h3 class=\"kt-adv-heading3553_a175a7-d1 wp-block-kadence-advancedheading has-theme-palette-6-background-color has-background\" data-kb-block=\"kb-adv-heading3553_a175a7-d1\"><a href=\"https:\/\/spilerdug.dk\/undervisning\/kurser-paa-din-arbejdsplads\/\" data-type=\"page\" data-id=\"4250\"><strong>Undervisning i Spilerdug p\u00e5 din arbejdsplads<\/strong><\/a><\/h3>\n\n\n<style>.wp-block-kadence-advancedheading.kt-adv-heading3553_36de81-48, .wp-block-kadence-advancedheading.kt-adv-heading3553_36de81-48[data-kb-block=\"kb-adv-heading3553_36de81-48\"]{font-size:var(--global-kb-font-size-md, 1.25rem);font-style:normal;border-top-left-radius:10px;border-top-right-radius:10px;border-bottom-right-radius:10px;border-bottom-left-radius:10px;}.wp-block-kadence-advancedheading.kt-adv-heading3553_36de81-48 mark.kt-highlight, .wp-block-kadence-advancedheading.kt-adv-heading3553_36de81-48[data-kb-block=\"kb-adv-heading3553_36de81-48\"] mark.kt-highlight{font-style:normal;color:#f76a0c;-webkit-box-decoration-break:clone;box-decoration-break:clone;padding-top:0px;padding-right:0px;padding-bottom:0px;padding-left:0px;}.wp-block-kadence-advancedheading.kt-adv-heading3553_36de81-48 img.kb-inline-image, .wp-block-kadence-advancedheading.kt-adv-heading3553_36de81-48[data-kb-block=\"kb-adv-heading3553_36de81-48\"] img.kb-inline-image{width:150px;vertical-align:baseline;}<\/style>\n<h3 class=\"kt-adv-heading3553_36de81-48 wp-block-kadence-advancedheading has-theme-palette-6-background-color has-background\" data-kb-block=\"kb-adv-heading3553_36de81-48\"><a href=\"https:\/\/spilerdug.dk\/spilerdug-paaklaedning\/\" data-type=\"page\" data-id=\"8682\"><strong>Spilerdug &amp; P\u00e5kl\u00e6dning<\/strong><\/a><\/h3>\n\n\n<style>.wp-block-kadence-advancedheading.kt-adv-heading3553_b24f31-19, .wp-block-kadence-advancedheading.kt-adv-heading3553_b24f31-19[data-kb-block=\"kb-adv-heading3553_b24f31-19\"]{font-size:var(--global-kb-font-size-md, 1.25rem);font-style:normal;border-top-left-radius:10px;border-top-right-radius:10px;border-bottom-right-radius:10px;border-bottom-left-radius:10px;}.wp-block-kadence-advancedheading.kt-adv-heading3553_b24f31-19 mark.kt-highlight, .wp-block-kadence-advancedheading.kt-adv-heading3553_b24f31-19[data-kb-block=\"kb-adv-heading3553_b24f31-19\"] mark.kt-highlight{font-style:normal;color:#f76a0c;-webkit-box-decoration-break:clone;box-decoration-break:clone;padding-top:0px;padding-right:0px;padding-bottom:0px;padding-left:0px;}.wp-block-kadence-advancedheading.kt-adv-heading3553_b24f31-19 img.kb-inline-image, .wp-block-kadence-advancedheading.kt-adv-heading3553_b24f31-19[data-kb-block=\"kb-adv-heading3553_b24f31-19\"] img.kb-inline-image{width:150px;vertical-align:baseline;}<\/style>\n<h3 class=\"kt-adv-heading3553_b24f31-19 wp-block-kadence-advancedheading has-theme-palette-6-background-color has-background\" data-kb-block=\"kb-adv-heading3553_b24f31-19\"><a href=\"\/undervisning\/e-laering-undervisning\"><strong>E-l\u00e6ring<\/strong><\/a><\/h3>\n<\/div><\/div>\n\n<\/div><\/div>","protected":false},"excerpt":{"rendered":"<p>Spilerdug f\u00e5r du meget gl\u00e6de af &#8211; n\u00e5r du har l\u00e6rt hvordan du anvender det Bliv god til \u201dhands on\u201d brug af Spilerdug Vores mission i Spilerdug ApS er bl.a. at formidle og sprede viden om personforflytning, med det form\u00e5l at forebygge fysisk belastning og nedslidning af medarbejderne og skabe sk\u00e5nsomme og v\u00e6rdige forflytninger \u2013&#8230;<\/p>","protected":false},"author":24,"featured_media":0,"parent":0,"menu_order":0,"comment_status":"closed","ping_status":"closed","template":"","meta":{"_acf_changed":false,"inline_featured_image":false,"_kad_blocks_custom_css":"","_kad_blocks_head_custom_js":"","_kad_blocks_body_custom_js":"","_kad_blocks_footer_custom_js":"","_kad_post_transparent":"","_kad_post_title":"","_kad_post_layout":"","_kad_post_sidebar_id":"","_kad_post_content_style":"","_kad_post_vertical_padding":"","_kad_post_feature":"","_kad_post_feature_position":"","_kad_post_header":false,"_kad_post_footer":false,"_kad_post_classname":"","footnotes":""},"class_list":["post-3553","page","type-page","status-publish","hentry"],"acf":[],"taxonomy_info":[],"featured_image_src_large":false,"author_info":{"display_name":"Nanna Westby","author_link":"https:\/\/spilerdug.dk\/sv\/author\/nanna\/"},"comment_info":0,"_links":{"self":[{"href":"https:\/\/spilerdug.dk\/sv\/wp-json\/wp\/v2\/pages\/3553","targetHints":{"allow":["GET"]}}],"collection":[{"href":"https:\/\/spilerdug.dk\/sv\/wp-json\/wp\/v2\/pages"}],"about":[{"href":"https:\/\/spilerdug.dk\/sv\/wp-json\/wp\/v2\/types\/page"}],"author":[{"embeddable":true,"href":"https:\/\/spilerdug.dk\/sv\/wp-json\/wp\/v2\/users\/24"}],"replies":[{"embeddable":true,"href":"https:\/\/spilerdug.dk\/sv\/wp-json\/wp\/v2\/comments?post=3553"}],"version-history":[{"count":77,"href":"https:\/\/spilerdug.dk\/sv\/wp-json\/wp\/v2\/pages\/3553\/revisions"}],"predecessor-version":[{"id":12534,"href":"https:\/\/spilerdug.dk\/sv\/wp-json\/wp\/v2\/pages\/3553\/revisions\/12534"}],"wp:attachment":[{"href":"https:\/\/spilerdug.dk\/sv\/wp-json\/wp\/v2\/media?parent=3553"}],"curies":[{"name":"wp","href":"https:\/\/api.w.org\/{rel}","templated":true}]}}