{"id":3597,"date":"2020-03-31T13:37:20","date_gmt":"2020-03-31T11:37:20","guid":{"rendered":"https:\/\/spilerdug.dk.web05.webtohosting.dk\/?page_id=3597"},"modified":"2025-06-18T15:10:18","modified_gmt":"2025-06-18T13:10:18","slug":"lav-en-samhandelsaftale","status":"publish","type":"page","link":"https:\/\/spilerdug.dk\/sv\/lav-en-samhandelsaftale\/","title":{"rendered":"Ing\u00e5 ett handelsavtal"},"content":{"rendered":"<style>.kb-row-layout-id3597_e5f482-1e > .kt-row-column-wrap{align-content:start;}:where(.kb-row-layout-id3597_e5f482-1e > .kt-row-column-wrap) > .wp-block-kadence-column{justify-content:start;}.kb-row-layout-id3597_e5f482-1e > .kt-row-column-wrap{column-gap:var(--global-kb-gap-lg, 4rem);row-gap:var(--global-kb-gap-lg, 4rem);max-width:var( --global-content-width, 1400px );padding-left:var(--global-content-edge-padding);padding-right:var(--global-content-edge-padding);padding-top:var(--global-kb-spacing-3xl, 6.5rem);padding-bottom:var(--global-kb-spacing-3xl, 6.5rem);}.kb-row-layout-id3597_e5f482-1e > .kt-row-column-wrap > div:not(.added-for-specificity){grid-column:initial;}.kb-row-layout-id3597_e5f482-1e > .kt-row-column-wrap{grid-template-columns:repeat(3, minmax(0, 1fr));}.kb-row-layout-id3597_e5f482-1e > .kt-row-layout-overlay{opacity:0.30;}@media all and (max-width: 1024px){.kb-row-layout-id3597_e5f482-1e > .kt-row-column-wrap{padding-top:var(--global-kb-spacing-xxl, 5rem);padding-bottom:var(--global-kb-spacing-xxl, 5rem);grid-template-columns:repeat(3, minmax(0, 1fr));}}@media all and (max-width: 1024px){.kb-row-layout-id3597_e5f482-1e > .kt-row-column-wrap > div:not(.added-for-specificity){grid-column:initial;}}@media all and (max-width: 767px){.kb-row-layout-id3597_e5f482-1e > .kt-row-column-wrap{padding-top:var(--global-kb-spacing-lg, 3rem);padding-bottom:var(--global-kb-spacing-lg, 3rem);grid-template-columns:minmax(0, 1fr);}.kb-row-layout-id3597_e5f482-1e > .kt-row-column-wrap > div:not(.added-for-specificity){grid-column:initial;}}<\/style><div class=\"kb-row-layout-wrap kb-row-layout-id3597_e5f482-1e alignnone wp-block-kadence-rowlayout\"><div class=\"kt-row-column-wrap kt-has-3-columns kt-row-layout-equal kt-tab-layout-inherit kt-mobile-layout-row kt-row-valign-top kb-theme-content-width\">\n<style>.kadence-column3597_d0beb6-72 > .kt-inside-inner-col,.kadence-column3597_d0beb6-72 > .kt-inside-inner-col:before{border-top-left-radius:0px;border-top-right-radius:0px;border-bottom-right-radius:0px;border-bottom-left-radius:0px;}.kadence-column3597_d0beb6-72 > .kt-inside-inner-col{column-gap:var(--global-kb-gap-sm, 1rem);}.kadence-column3597_d0beb6-72 > .kt-inside-inner-col{flex-direction:column;}.kadence-column3597_d0beb6-72 > .kt-inside-inner-col > .aligncenter{width:100%;}.kadence-column3597_d0beb6-72 > .kt-inside-inner-col:before{opacity:0.3;}.kadence-column3597_d0beb6-72{position:relative;}@media all and (max-width: 1024px){.kadence-column3597_d0beb6-72 > .kt-inside-inner-col{flex-direction:column;justify-content:center;}}@media all and (max-width: 767px){.kadence-column3597_d0beb6-72 > .kt-inside-inner-col{flex-direction:column;justify-content:center;}}<\/style>\n<div class=\"wp-block-kadence-column kadence-column3597_d0beb6-72\"><div class=\"kt-inside-inner-col\">\n<p>Spilerdug ApS bygger p\u00e5 djupg\u00e5ende professionellt intresse och kunskap kring f\u00f6rflyttningskunskap samt visionen att f\u00f6rmedla och sprida denna kunskap.<\/p>\n\n\n\n<p>Vi utvecklar st\u00e4ndigt nya metoder och m\u00f6jligheter i arbetet med f\u00f6rflyttningskunskap som f\u00f6rmedlas genom handledningar och videor, nya produkter som g\u00f6r det dagliga f\u00f6rflyttningsarbetet enklare samt nya s\u00e4tt att f\u00f6rmedla kunskap i undervisning och p\u00e5 digitala plattformar.<\/p>\n\n\n\n<p>Denna strategi kr\u00e4ver en stor insats av resurser med omfattande professionell kunskap och erfarenhet fr\u00e5n brukarnas vardag.<\/p>\n\n\n\n<p class=\"translation-block\">D\u00e4rf\u00f6r kan v\u00e5ra produkter och v\u00e5r kunskap inte skiljas \u00e5t \u2013 det \u00e4r <strong><a href=\"https:\/\/spilerdug.dk\/wp-content\/uploads\/2024\/07\/Spilerdug-et-godt-fagligt-valg.pdf\" data-type=\"link\" data-id=\"https:\/\/spilerdug.dk\/wp-content\/uploads\/2024\/07\/Spilerdug-et-godt-fagligt-valg.pdf\" target=\"_self\">ett helhetserbjudande.<\/a><\/strong><\/p>\n\n\n\n<p>Vi s\u00e4tter en \u00e4ra i att utveckla v\u00e5ra kunders f\u00f6rflyttningsarbete.<\/p>\n<\/div><\/div>\n\n\n<style>.kadence-column3597_770594-e5 > .kt-inside-inner-col,.kadence-column3597_770594-e5 > .kt-inside-inner-col:before{border-top-left-radius:0px;border-top-right-radius:0px;border-bottom-right-radius:0px;border-bottom-left-radius:0px;}.kadence-column3597_770594-e5 > .kt-inside-inner-col{column-gap:var(--global-kb-gap-sm, 1rem);}.kadence-column3597_770594-e5 > .kt-inside-inner-col{flex-direction:column;}.kadence-column3597_770594-e5 > .kt-inside-inner-col > .aligncenter{width:100%;}.kadence-column3597_770594-e5 > .kt-inside-inner-col:before{opacity:0.3;}.kadence-column3597_770594-e5{position:relative;}@media all and (max-width: 1024px){.kadence-column3597_770594-e5 > .kt-inside-inner-col{flex-direction:column;justify-content:center;}}@media all and (max-width: 767px){.kadence-column3597_770594-e5 > .kt-inside-inner-col{flex-direction:column;justify-content:center;}}<\/style>\n<div class=\"wp-block-kadence-column kadence-column3597_770594-e5\"><div class=\"kt-inside-inner-col\">\n<figure class=\"wp-block-image\"><img decoding=\"async\" src=\"https:\/\/spilerdug.dk\/wp-content\/uploads\/2020\/07\/h\u00e5ndtryk-e1594059303159.png\" alt=\"h\u00e5ndtryk e1594059303159\" title=\"Lav en samhandelseaftale 1\"\/><\/figure>\n\n\n\n<p class=\"translation-block\"><a href=\"\/sv\/om-os\/medarbejderne\/\" target=\"_self\"><strong>Kontakta den av oss<\/strong><\/a> som \u00e4r knuten till ditt omr\u00e5de och h\u00f6r mer om vad vi kan erbjuda.<\/p>\n<\/div><\/div>\n\n\n<style>.kadence-column3597_683735-37 > .kt-inside-inner-col,.kadence-column3597_683735-37 > .kt-inside-inner-col:before{border-top-left-radius:0px;border-top-right-radius:0px;border-bottom-right-radius:0px;border-bottom-left-radius:0px;}.kadence-column3597_683735-37 > .kt-inside-inner-col{column-gap:var(--global-kb-gap-sm, 1rem);}.kadence-column3597_683735-37 > .kt-inside-inner-col{flex-direction:column;}.kadence-column3597_683735-37 > .kt-inside-inner-col > .aligncenter{width:100%;}.kadence-column3597_683735-37 > .kt-inside-inner-col:before{opacity:0.3;}.kadence-column3597_683735-37{position:relative;}@media all and (max-width: 1024px){.kadence-column3597_683735-37 > .kt-inside-inner-col{flex-direction:column;justify-content:center;}}@media all and (max-width: 767px){.kadence-column3597_683735-37 > .kt-inside-inner-col{flex-direction:column;justify-content:center;}}<\/style>\n<div class=\"wp-block-kadence-column kadence-column3597_683735-37\"><div class=\"kt-inside-inner-col\">\n<p><strong>Med ett avtal f\u00e5r du:<\/strong><\/p>\n\n\n\n<ul class=\"wp-block-list\">\n<li>En bra rabatt p\u00e5 dina k\u00f6p<\/li>\n\n\n\n<li>Full tillg\u00e5ng till handledningar och instruktionsfilmer p\u00e5 webbplatsen<\/li>\n\n\n\n<li>Tillg\u00e5ng till e-l\u00e4rningsmodul om f\u00f6rflyttning f\u00f6r relevanta medarbetare<\/li>\n\n\n\n<li>M\u00f6jlighet till gratis kundanpassad utbildning p\u00e5 enheter\/institutioner<\/li>\n\n\n\n<li>Tillg\u00e5ng till deltagande i kurs- och utbildningsaktiviteter<\/li>\n\n\n\n<li>Support och sparring g\u00e4llande f\u00f6rflyttning och Spilerdug via mail och telefon<\/li>\n<\/ul>\n\n\n\n<p>Som samarbetskund f\u00e5r du tillg\u00e5ng till alla de resurser som bidrar till att skapa optimala resultat i ert arbete med f\u00f6rflyttningsteknik.&nbsp;<\/p>\n<\/div><\/div>\n\n<\/div><\/div>","protected":false},"excerpt":{"rendered":"<p>Spilerdug ApS bygger p\u00e5 dyb faglig interesse og viden omkring forflytningskundskab samt visionen om at formidle og sprede denne viden. Vi udvikler konstant nye metoder og muligheder i arbejdet med forflytningskundskab som formidles gennem vejledninger og videoer, nye produkter der g\u00f8r det daglige forflytningsarbejde nemmere samt nye m\u00e5der at formidle viden i undervisning og p\u00e5&#8230;<\/p>","protected":false},"author":24,"featured_media":0,"parent":0,"menu_order":0,"comment_status":"closed","ping_status":"closed","template":"","meta":{"_acf_changed":false,"inline_featured_image":false,"_kad_blocks_custom_css":"","_kad_blocks_head_custom_js":"","_kad_blocks_body_custom_js":"","_kad_blocks_footer_custom_js":"","_kad_post_transparent":"","_kad_post_title":"","_kad_post_layout":"","_kad_post_sidebar_id":"","_kad_post_content_style":"","_kad_post_vertical_padding":"","_kad_post_feature":"","_kad_post_feature_position":"","_kad_post_header":false,"_kad_post_footer":false,"_kad_post_classname":"","footnotes":""},"class_list":["post-3597","page","type-page","status-publish","hentry"],"acf":[],"taxonomy_info":[],"featured_image_src_large":false,"author_info":{"display_name":"Nanna Westby","author_link":"https:\/\/spilerdug.dk\/sv\/author\/nanna\/"},"comment_info":0,"_links":{"self":[{"href":"https:\/\/spilerdug.dk\/sv\/wp-json\/wp\/v2\/pages\/3597","targetHints":{"allow":["GET"]}}],"collection":[{"href":"https:\/\/spilerdug.dk\/sv\/wp-json\/wp\/v2\/pages"}],"about":[{"href":"https:\/\/spilerdug.dk\/sv\/wp-json\/wp\/v2\/types\/page"}],"author":[{"embeddable":true,"href":"https:\/\/spilerdug.dk\/sv\/wp-json\/wp\/v2\/users\/24"}],"replies":[{"embeddable":true,"href":"https:\/\/spilerdug.dk\/sv\/wp-json\/wp\/v2\/comments?post=3597"}],"version-history":[{"count":18,"href":"https:\/\/spilerdug.dk\/sv\/wp-json\/wp\/v2\/pages\/3597\/revisions"}],"predecessor-version":[{"id":12045,"href":"https:\/\/spilerdug.dk\/sv\/wp-json\/wp\/v2\/pages\/3597\/revisions\/12045"}],"wp:attachment":[{"href":"https:\/\/spilerdug.dk\/sv\/wp-json\/wp\/v2\/media?parent=3597"}],"curies":[{"name":"wp","href":"https:\/\/api.w.org\/{rel}","templated":true}]}}