{"id":3627,"date":"2020-04-15T10:03:09","date_gmt":"2020-04-15T08:03:09","guid":{"rendered":"https:\/\/spilerdug.dk.web05.webtohosting.dk\/?page_id=3627"},"modified":"2025-04-02T09:59:42","modified_gmt":"2025-04-02T07:59:42","slug":"om-brehms-spilerdug","status":"publish","type":"page","link":"https:\/\/spilerdug.dk\/sv\/om-os\/om-brehms-spilerdug\/","title":{"rendered":"Om Spilerdug ApS"},"content":{"rendered":"<style>.kb-row-layout-id3627_bf59d8-07 > .kt-row-column-wrap{align-content:start;}:where(.kb-row-layout-id3627_bf59d8-07 > .kt-row-column-wrap) > .wp-block-kadence-column{justify-content:start;}.kb-row-layout-id3627_bf59d8-07 > .kt-row-column-wrap{column-gap:var(--global-kb-gap-lg, 4rem);row-gap:var(--global-kb-gap-lg, 4rem);max-width:var( --global-content-width, 1400px );padding-left:var(--global-content-edge-padding);padding-right:var(--global-content-edge-padding);padding-top:var(--global-kb-spacing-3xl, 6.5rem);padding-bottom:var(--global-kb-spacing-3xl, 6.5rem);grid-template-columns:minmax(0, calc(55% - ((var(--global-kb-gap-lg, 4rem) * 1 )\/2)))minmax(0, calc(45% - ((var(--global-kb-gap-lg, 4rem) * 1 )\/2)));}.kb-row-layout-id3627_bf59d8-07 > .kt-row-layout-overlay{opacity:0.30;}@media all and (max-width: 1024px){.kb-row-layout-id3627_bf59d8-07 > .kt-row-column-wrap{padding-top:var(--global-kb-spacing-xxl, 5rem);padding-bottom:var(--global-kb-spacing-xxl, 5rem);grid-template-columns:repeat(2, minmax(0, 1fr));}}@media all and (max-width: 767px){.kb-row-layout-id3627_bf59d8-07 > .kt-row-column-wrap{padding-top:var(--global-kb-spacing-lg, 3rem);padding-bottom:var(--global-kb-spacing-lg, 3rem);grid-template-columns:minmax(0, 1fr);}}<\/style><div class=\"kb-row-layout-wrap kb-row-layout-id3627_bf59d8-07 alignnone wp-block-kadence-rowlayout\"><div class=\"kt-row-column-wrap kt-has-2-columns kt-row-layout-equal kt-tab-layout-inherit kt-mobile-layout-row kt-row-valign-top kb-theme-content-width\">\n<style>.kadence-column3627_2fdd28-c7 > .kt-inside-inner-col,.kadence-column3627_2fdd28-c7 > .kt-inside-inner-col:before{border-top-left-radius:0px;border-top-right-radius:0px;border-bottom-right-radius:0px;border-bottom-left-radius:0px;}.kadence-column3627_2fdd28-c7 > .kt-inside-inner-col{column-gap:var(--global-kb-gap-sm, 1rem);}.kadence-column3627_2fdd28-c7 > .kt-inside-inner-col{flex-direction:column;}.kadence-column3627_2fdd28-c7 > .kt-inside-inner-col > .aligncenter{width:100%;}.kadence-column3627_2fdd28-c7 > .kt-inside-inner-col:before{opacity:0.3;}.kadence-column3627_2fdd28-c7{position:relative;}@media all and (max-width: 1024px){.kadence-column3627_2fdd28-c7 > .kt-inside-inner-col{flex-direction:column;justify-content:center;}}@media all and (max-width: 767px){.kadence-column3627_2fdd28-c7 > .kt-inside-inner-col{flex-direction:column;justify-content:center;}}<\/style>\n<div class=\"wp-block-kadence-column kadence-column3627_2fdd28-c7\"><div class=\"kt-inside-inner-col\">\n<p><strong><u>Vision:<\/u><\/strong><\/p>\n\n\n\n<p class=\"translation-block\"><strong>Den b\u00e4sta partnern f\u00f6r personf\u00f6rflyttning<\/strong> <strong>\u2013 F\u00f6r alla involverade, i alla relevanta organisationer<\/strong><\/p>\n\n\n\n<p><strong><u>Mission:<\/u><\/strong><\/p>\n\n\n\n<p><strong>Vi utvecklar, f\u00f6rmedlar och sprider kunskap om personf\u00f6rflyttning, i syfte att f\u00f6rebygga fysisk belastning och f\u00f6rslitningsskador hos medarbetare samt att skapa skonsamma och v\u00e4rdiga omsorgssituationer och f\u00f6rflyttningar.<\/strong><\/p>\n\n\n\n<p class=\"translation-block\">Spilerdug ApS \u00e4r ett litet privat\u00e4gt f\u00f6retag som bygger p\u00e5 v\u00e4rderingarna om att vara den <strong>ambiti\u00f6sa, professionella<\/strong> och <strong>ordentliga <\/strong>samarbetspartnern. V\u00e5ra v\u00e4rderingar uttrycker vad vi \u00e4r, vad vi st\u00e5r f\u00f6r och hur vi g\u00f6r saker.<\/p>\n\n\n\n<p class=\"translation-block\">Vi \u00e4r <strong>ambiti\u00f6sa<\/strong> med att s\u00e4kerst\u00e4lla h\u00f6g produktkvalitet samtidigt som vi \u00e4r konkurrenskraftiga kommersiellt. Vi \u00e4r ambiti\u00f6sa n\u00e4r det g\u00e4ller v\u00e5r kunskap och kompetenser som f\u00f6rmedlare och utbildare inom f\u00f6rflyttningsomr\u00e5det.<\/p>\n\n\n\n<p class=\"translation-block\">V\u00e5r <strong>professionella<\/strong> kunskap baserar sig p\u00e5 m\u00e5nga \u00e5rs erfarenhet och intresse inom f\u00f6rflyttnings- och hj\u00e4lpmedelsomr\u00e5det. Vi s\u00e4kerst\u00e4ller v\u00e5r professionalism genom att h\u00e5lla oss uppdaterade med forskning och utveckling inom omr\u00e5det, vara n\u00e4ra praktiken och genom att kontinuerligt utveckla v\u00e5r egen praxis i form av nya tekniker och metoder.<\/p>\n\n\n\n<p class=\"translation-block\">Vi \u00e4r <strong>ordentliga<\/strong> i kontakten med v\u00e5ra kunder. Vi s\u00e4tter en \u00e4ra i att leverera god service, att leva upp till det vi lovar och att s\u00e4kerst\u00e4lla h\u00f6g kvalitet i v\u00e5ra produkter och v\u00e5r professionalism.<\/p>\n\n\n\n<p><strong>Historien bakom Spilerdug ApS<\/strong><\/p>\n\n\n\n<p>I slutet p\u00e5 80-talet arbetade Inge Brehm \u2013 Spilerdugs grundl\u00e4ggare \u2013 som arbetsterapeut p\u00e5 ett v\u00e5rdhem i Danmark, d\u00e4r en undersk\u00f6terska anv\u00e4nde sm\u00e5 bitar spinnakerduk ifr\u00e5n hennes och makens segelb\u00e5t. Undersk\u00f6terskan tyckte, att de tyngre f\u00f6rflyttningarna blev l\u00e4ttare p\u00e5 s\u00e5 s\u00e4tt. Inge hade under flera \u00e5r undervisat i f\u00f6rflyttningskunskap, s\u00e5 hon f\u00e5ngade id\u00e9n med spinnakerduk, implementerade den i sin utbildning och utvecklade under \u00e5ren de grundl\u00e4ggande principerna f\u00f6r anv\u00e4ndning av Spilerdug.<\/p>\n\n\n\n<p>Fr\u00e5n att \u00f6verv\u00e4gande anv\u00e4nda Spilerdug till f\u00f6rflyttning experimenterade hon ocks\u00e5 med att anv\u00e4nda den vid av- och p\u00e5kl\u00e4dsel. Den standardiserade spinnakerduken till segelb\u00e5tar visade sig sakna vissa egenskaper. Inge ville ogs\u00e5 ha spinnakerduk som gav minimalt ljud vid anv\u00e4ndning och som var flexibel.<\/p>\n\n\n\n<p>\u00c4r 2006 lyckades Inge Brehm i samarbete med en leverant\u00f6r att utveckla v\u00e4rldens f\u00f6rsta flexibla och tysta Spilerdug, och nu har vi tre produkter, den bl\u00e5 (den ursprungliga) samt den gr\u00f6na och den r\u00f6da. Samma \u00e5r blev Spilerdug CE-m\u00e4rkt.<\/p>\n\n\n\n<p>D\u00e4refter har andra produkter utvecklats, s\u00e5som v\u00e4ndsystemet Spiler+ och att Spilerduk nu ocks\u00e5 kan k\u00f6pas som enstaka stycken. Utvecklingen av dessa produkter bygger p\u00e5 tanken att det ska vara l\u00e4ttillg\u00e4ngligt samtidigt som det ska vara enkelt att anv\u00e4nda med minimal instruktion av medarbetarna ute i organisationerna.<\/p>\n\n\n\n<p>\u00c5r 2014 tog Christian Krogh-Jeppesen \u00f6ver Spilerdug ApS. F\u00f6retaget utvecklas kontinuerligt i takt med tiden och utvecklingen p\u00e5 marknaden, men alltid med det st\u00f6rsta fokus p\u00e5 att s\u00e4kerst\u00e4lla den h\u00f6ga professionella kvaliteten i v\u00e5ra produkter och tj\u00e4nster. \u00c5r 2023 bytte f\u00f6retaget namn till Spilerdug ApS.<\/p>\n<\/div><\/div>\n\n\n<style>.kadence-column3627_67fe0c-94 > .kt-inside-inner-col{display:flex;}.kadence-column3627_67fe0c-94 > .kt-inside-inner-col,.kadence-column3627_67fe0c-94 > .kt-inside-inner-col:before{border-top-left-radius:0px;border-top-right-radius:0px;border-bottom-right-radius:0px;border-bottom-left-radius:0px;}.kadence-column3627_67fe0c-94 > .kt-inside-inner-col{column-gap:var(--global-kb-gap-sm, 1rem);}.kadence-column3627_67fe0c-94 > .kt-inside-inner-col{flex-direction:column;align-items:center;}.kadence-column3627_67fe0c-94 > .kt-inside-inner-col > .kb-image-is-ratio-size{align-self:stretch;}.kadence-column3627_67fe0c-94 > .kt-inside-inner-col > .wp-block-kadence-advancedgallery{align-self:stretch;}.kadence-column3627_67fe0c-94 > .kt-inside-inner-col > .aligncenter{width:100%;}.kadence-column3627_67fe0c-94 > .kt-inside-inner-col:before{opacity:0.3;}.kadence-column3627_67fe0c-94{position:relative;}@media all and (max-width: 1024px){.kadence-column3627_67fe0c-94 > .kt-inside-inner-col{flex-direction:column;justify-content:center;align-items:center;}}@media all and (max-width: 767px){.kadence-column3627_67fe0c-94 > .kt-inside-inner-col{flex-direction:column;justify-content:center;align-items:center;}}<\/style>\n<div class=\"wp-block-kadence-column kadence-column3627_67fe0c-94 kb-section-dir-vertical\"><div class=\"kt-inside-inner-col\"><div class=\"wp-block-image\">\n<figure class=\"aligncenter size-full is-resized\"><img loading=\"lazy\" decoding=\"async\" width=\"2560\" height=\"1920\" src=\"https:\/\/spilerdug.dk\/wp-content\/uploads\/2024\/07\/IMG_6324-scaled.jpg\" alt=\"\" class=\"wp-image-10947\" style=\"object-fit:cover;width:351px;height:auto\" title=\"\" srcset=\"https:\/\/spilerdug.dk\/wp-content\/uploads\/2024\/07\/IMG_6324-scaled.jpg 2560w, https:\/\/spilerdug.dk\/wp-content\/uploads\/2024\/07\/IMG_6324-300x225.jpg 300w, https:\/\/spilerdug.dk\/wp-content\/uploads\/2024\/07\/IMG_6324-1024x768.jpg 1024w, https:\/\/spilerdug.dk\/wp-content\/uploads\/2024\/07\/IMG_6324-768x576.jpg 768w, https:\/\/spilerdug.dk\/wp-content\/uploads\/2024\/07\/IMG_6324-1536x1152.jpg 1536w, https:\/\/spilerdug.dk\/wp-content\/uploads\/2024\/07\/IMG_6324-2048x1536.jpg 2048w, https:\/\/spilerdug.dk\/wp-content\/uploads\/2024\/07\/IMG_6324-600x450.jpg 600w\" sizes=\"auto, (max-width: 2560px) 100vw, 2560px\" \/><\/figure>\n<\/div><\/div><\/div>\n\n<\/div><\/div>","protected":false},"excerpt":{"rendered":"<p>Vision: Den bedste partner til personforflytning &#8211; For alle involverede, i alle relevante organisationer Mission: Vi udvikler, formidler og spreder viden om personforflytning, med det form\u00e5l at forebygge fysisk belastning og nedslidning af medarbejderen og at skabe sk\u00e5nsomme og v\u00e6rdige omsorgssituationer og forflytninger. Spilerdug ApS er en lille privatejet virksomhed, som bygger p\u00e5 v\u00e6rdierne om&#8230;<\/p>","protected":false},"author":24,"featured_media":0,"parent":3504,"menu_order":0,"comment_status":"closed","ping_status":"closed","template":"","meta":{"_acf_changed":false,"inline_featured_image":false,"_kad_blocks_custom_css":"","_kad_blocks_head_custom_js":"","_kad_blocks_body_custom_js":"","_kad_blocks_footer_custom_js":"","_kad_post_transparent":"","_kad_post_title":"","_kad_post_layout":"","_kad_post_sidebar_id":"","_kad_post_content_style":"","_kad_post_vertical_padding":"","_kad_post_feature":"","_kad_post_feature_position":"","_kad_post_header":false,"_kad_post_footer":false,"_kad_post_classname":"","footnotes":""},"class_list":["post-3627","page","type-page","status-publish","hentry"],"acf":[],"taxonomy_info":[],"featured_image_src_large":false,"author_info":{"display_name":"Nanna Westby","author_link":"https:\/\/spilerdug.dk\/sv\/author\/nanna\/"},"comment_info":0,"_links":{"self":[{"href":"https:\/\/spilerdug.dk\/sv\/wp-json\/wp\/v2\/pages\/3627","targetHints":{"allow":["GET"]}}],"collection":[{"href":"https:\/\/spilerdug.dk\/sv\/wp-json\/wp\/v2\/pages"}],"about":[{"href":"https:\/\/spilerdug.dk\/sv\/wp-json\/wp\/v2\/types\/page"}],"author":[{"embeddable":true,"href":"https:\/\/spilerdug.dk\/sv\/wp-json\/wp\/v2\/users\/24"}],"replies":[{"embeddable":true,"href":"https:\/\/spilerdug.dk\/sv\/wp-json\/wp\/v2\/comments?post=3627"}],"version-history":[{"count":21,"href":"https:\/\/spilerdug.dk\/sv\/wp-json\/wp\/v2\/pages\/3627\/revisions"}],"predecessor-version":[{"id":11888,"href":"https:\/\/spilerdug.dk\/sv\/wp-json\/wp\/v2\/pages\/3627\/revisions\/11888"}],"up":[{"embeddable":true,"href":"https:\/\/spilerdug.dk\/sv\/wp-json\/wp\/v2\/pages\/3504"}],"wp:attachment":[{"href":"https:\/\/spilerdug.dk\/sv\/wp-json\/wp\/v2\/media?parent=3627"}],"curies":[{"name":"wp","href":"https:\/\/api.w.org\/{rel}","templated":true}]}}