{"id":3634,"date":"2020-04-16T11:04:14","date_gmt":"2020-04-16T09:04:14","guid":{"rendered":"https:\/\/spilerdug.dk.web05.webtohosting.dk\/?page_id=3634"},"modified":"2025-09-04T10:14:04","modified_gmt":"2025-09-04T08:14:04","slug":"medarbejderne","status":"publish","type":"page","link":"https:\/\/spilerdug.dk\/sv\/om-os\/medarbejderne\/","title":{"rendered":"Medarbetare"},"content":{"rendered":"<style>.kb-row-layout-id3634_00f2e7-93 > .kt-row-column-wrap{align-content:start;}:where(.kb-row-layout-id3634_00f2e7-93 > .kt-row-column-wrap) > .wp-block-kadence-column{justify-content:start;}.kb-row-layout-id3634_00f2e7-93 > .kt-row-column-wrap{column-gap:var(--global-kb-gap-lg, 4rem);row-gap:var(--global-kb-gap-lg, 4rem);max-width:var( --global-content-width, 1400px );padding-left:var(--global-content-edge-padding);padding-right:var(--global-content-edge-padding);padding-top:var(--global-kb-spacing-3xl, 6.5rem);padding-bottom:var(--global-kb-spacing-lg, 3rem);grid-template-columns:repeat(2, minmax(0, 1fr));}.kb-row-layout-id3634_00f2e7-93 > .kt-row-layout-overlay{opacity:0.30;}@media all and (max-width: 1024px){.kb-row-layout-id3634_00f2e7-93 > .kt-row-column-wrap{padding-top:var(--global-kb-spacing-xxl, 5rem);padding-bottom:var(--global-kb-spacing-xxl, 5rem);grid-template-columns:repeat(2, minmax(0, 1fr));}}@media all and (max-width: 767px){.kb-row-layout-id3634_00f2e7-93 > .kt-row-column-wrap{padding-top:var(--global-kb-spacing-lg, 3rem);padding-bottom:var(--global-kb-spacing-lg, 3rem);grid-template-columns:minmax(0, 1fr);}}<\/style><div class=\"kb-row-layout-wrap kb-row-layout-id3634_00f2e7-93 alignnone has-theme-palette8-background-color kt-row-has-bg wp-block-kadence-rowlayout\"><div class=\"kt-row-column-wrap kt-has-2-columns kt-row-layout-equal kt-tab-layout-inherit kt-mobile-layout-row kt-row-valign-top kt-inner-column-height-full kb-theme-content-width\">\n<style>.kadence-column3634_51361d-11 > .kt-inside-inner-col,.kadence-column3634_51361d-11 > .kt-inside-inner-col:before{border-top-left-radius:0px;border-top-right-radius:0px;border-bottom-right-radius:0px;border-bottom-left-radius:0px;}.kadence-column3634_51361d-11 > .kt-inside-inner-col{column-gap:var(--global-kb-gap-sm, 1rem);}.kadence-column3634_51361d-11 > .kt-inside-inner-col{flex-direction:column;}.kadence-column3634_51361d-11 > .kt-inside-inner-col > .aligncenter{width:100%;}.kadence-column3634_51361d-11 > .kt-inside-inner-col:before{opacity:0.3;}.kadence-column3634_51361d-11{position:relative;}@media all and (max-width: 1024px){.kadence-column3634_51361d-11 > .kt-inside-inner-col{flex-direction:column;justify-content:center;}}@media all and (max-width: 767px){.kadence-column3634_51361d-11 > .kt-inside-inner-col{flex-direction:column;justify-content:center;}}<\/style>\n<div class=\"wp-block-kadence-column kadence-column3634_51361d-11\"><div class=\"kt-inside-inner-col\">\n<h1 class=\"wp-block-heading\">Vi er klar til at hj\u00e6lpe dig<\/h1>\n\n\n\n<p>Har du sp\u00f8rgsm\u00e5l til et af vores produkter eller brug for r\u00e5dgivning, er du mere end velkommen til at kontakte os.&nbsp;Du kan kontakte den terapeut der er tilknyttet dit omr\u00e5de direkte p\u00e5 mail eller telefon.<\/p>\n<\/div><\/div>\n\n\n<style>.kadence-column3634_3845d7-e6 > .kt-inside-inner-col,.kadence-column3634_3845d7-e6 > .kt-inside-inner-col:before{border-top-left-radius:0px;border-top-right-radius:0px;border-bottom-right-radius:0px;border-bottom-left-radius:0px;}.kadence-column3634_3845d7-e6 > .kt-inside-inner-col{column-gap:var(--global-kb-gap-sm, 1rem);}.kadence-column3634_3845d7-e6 > .kt-inside-inner-col{flex-direction:column;}.kadence-column3634_3845d7-e6 > .kt-inside-inner-col > .aligncenter{width:100%;}.kadence-column3634_3845d7-e6 > .kt-inside-inner-col:before{opacity:0.3;}.kadence-column3634_3845d7-e6{position:relative;}@media all and (max-width: 1024px){.kadence-column3634_3845d7-e6 > .kt-inside-inner-col{flex-direction:column;justify-content:center;}}@media all and (max-width: 767px){.kadence-column3634_3845d7-e6 > .kt-inside-inner-col{flex-direction:column;justify-content:center;}}<\/style>\n<div class=\"wp-block-kadence-column kadence-column3634_3845d7-e6 kvs-sm-false\"><div class=\"kt-inside-inner-col\"><\/div><\/div>\n\n<\/div><\/div>\n\n<style>.kb-row-layout-id3634_430cb5-94 > .kt-row-column-wrap{align-content:start;}:where(.kb-row-layout-id3634_430cb5-94 > .kt-row-column-wrap) > .wp-block-kadence-column{justify-content:start;}.kb-row-layout-id3634_430cb5-94 > .kt-row-column-wrap{column-gap:var(--global-kb-gap-lg, 4rem);row-gap:var(--global-kb-gap-lg, 4rem);max-width:var( --global-content-width, 1400px );padding-left:var(--global-content-edge-padding);padding-right:var(--global-content-edge-padding);padding-top:0px;padding-bottom:var(--global-kb-spacing-3xl, 6.5rem);}.kb-row-layout-id3634_430cb5-94 > .kt-row-column-wrap > div:not(.added-for-specificity){grid-column:initial;}.kb-row-layout-id3634_430cb5-94 > .kt-row-column-wrap{grid-template-columns:repeat(3, minmax(0, 1fr));}.kb-row-layout-id3634_430cb5-94 > .kt-row-layout-overlay{opacity:0.30;}@media all and (max-width: 1024px){.kb-row-layout-id3634_430cb5-94 > .kt-row-column-wrap{column-gap:var(--global-kb-gap-md, 2rem);row-gap:var(--global-kb-gap-md, 2rem);padding-top:0px;padding-bottom:var(--global-kb-spacing-xxl, 5rem);grid-template-columns:repeat(3, minmax(0, 1fr));}}@media all and (max-width: 1024px){.kb-row-layout-id3634_430cb5-94 > .kt-row-column-wrap > div:not(.added-for-specificity){grid-column:initial;}}@media all and (max-width: 767px){.kb-row-layout-id3634_430cb5-94 > .kt-row-column-wrap{padding-top:0px;padding-bottom:var(--global-kb-spacing-lg, 3rem);grid-template-columns:minmax(0, 1fr);}.kb-row-layout-id3634_430cb5-94 > .kt-row-column-wrap > div:not(.added-for-specificity){grid-column:initial;}}<\/style><div class=\"kb-row-layout-wrap kb-row-layout-id3634_430cb5-94 alignnone has-theme-palette8-background-color kt-row-has-bg wp-block-kadence-rowlayout\"><div class=\"kt-row-column-wrap kt-has-3-columns kt-row-layout-equal kt-tab-layout-inherit kt-mobile-layout-row kt-row-valign-top kt-inner-column-height-full kb-theme-content-width\">\n<style>.kadence-column3634_728ea2-6a > .kt-inside-inner-col{padding-top:var(--global-kb-spacing-lg, 3rem);padding-right:var(--global-kb-spacing-lg, 3rem);padding-bottom:var(--global-kb-spacing-lg, 3rem);padding-left:var(--global-kb-spacing-lg, 3rem);}.kadence-column3634_728ea2-6a > .kt-inside-inner-col,.kadence-column3634_728ea2-6a > .kt-inside-inner-col:before{border-top-left-radius:6px;border-top-right-radius:6px;border-bottom-right-radius:6px;border-bottom-left-radius:6px;}.kadence-column3634_728ea2-6a > .kt-inside-inner-col{column-gap:var(--global-kb-gap-sm, 1rem);}.kadence-column3634_728ea2-6a > .kt-inside-inner-col{flex-direction:column;}.kadence-column3634_728ea2-6a > .kt-inside-inner-col > .aligncenter{width:100%;}.kadence-column3634_728ea2-6a > .kt-inside-inner-col{background-color:var(--global-palette9, #ffffff);}.kadence-column3634_728ea2-6a > .kt-inside-inner-col:before{opacity:0.3;}.kadence-column3634_728ea2-6a{text-align:center;}.kadence-column3634_728ea2-6a{position:relative;}@media all and (max-width: 1024px){.kadence-column3634_728ea2-6a > .kt-inside-inner-col{flex-direction:column;justify-content:center;}}@media all and (max-width: 767px){.kadence-column3634_728ea2-6a > .kt-inside-inner-col{flex-direction:column;justify-content:center;}}<\/style>\n<div class=\"wp-block-kadence-column kadence-column3634_728ea2-6a\"><div class=\"kt-inside-inner-col\"><div class=\"wp-block-image is-style-rounded\">\n<figure class=\"aligncenter\"><img decoding=\"async\" src=\"https:\/\/spilerdug.dk\/wp-content\/uploads\/2023\/05\/Nanna-scaled-e1683267529616.jpg\" alt=\"Nanna scaled e1683267529616\" title=\"Medarbejdere 2\"\/><\/figure>\n<\/div>\n\n\n<p><strong>Nanna Westby<\/strong><br>Fysioterapeut &amp; Master in Humanities &amp; Health Studies<\/p>\n\n\n\n<p><strong>Region Sj\u00e6lland<\/strong><br><strong>Sverige<\/strong><\/p>\n\n\n<style>.wp-block-kadence-advancedheading.kt-adv-heading3634_d644b3-2b, .wp-block-kadence-advancedheading.kt-adv-heading3634_d644b3-2b[data-kb-block=\"kb-adv-heading3634_d644b3-2b\"]{margin-bottom:0px;font-style:normal;}.wp-block-kadence-advancedheading.kt-adv-heading3634_d644b3-2b mark.kt-highlight, .wp-block-kadence-advancedheading.kt-adv-heading3634_d644b3-2b[data-kb-block=\"kb-adv-heading3634_d644b3-2b\"] mark.kt-highlight{font-style:normal;color:#f76a0c;-webkit-box-decoration-break:clone;box-decoration-break:clone;padding-top:0px;padding-right:0px;padding-bottom:0px;padding-left:0px;}.wp-block-kadence-advancedheading.kt-adv-heading3634_d644b3-2b img.kb-inline-image, .wp-block-kadence-advancedheading.kt-adv-heading3634_d644b3-2b[data-kb-block=\"kb-adv-heading3634_d644b3-2b\"] img.kb-inline-image{width:150px;vertical-align:baseline;}<\/style>\n<p class=\"kt-adv-heading3634_d644b3-2b wp-block-kadence-advancedheading\" data-kb-block=\"kb-adv-heading3634_d644b3-2b\">Direkte: <a href=\"tel:25 47 07 55\">25 47 07 55<\/a><br>Mail: <a href=\"mailto:nanna@spilerdug.dk\">nanna@spilerdug.dk<\/a><\/p>\n<\/div><\/div>\n\n\n<style>.kadence-column3634_e458d9-c9 > .kt-inside-inner-col{padding-top:var(--global-kb-spacing-lg, 3rem);padding-right:var(--global-kb-spacing-lg, 3rem);padding-bottom:var(--global-kb-spacing-lg, 3rem);padding-left:var(--global-kb-spacing-lg, 3rem);}.kadence-column3634_e458d9-c9 > .kt-inside-inner-col,.kadence-column3634_e458d9-c9 > .kt-inside-inner-col:before{border-top-left-radius:6px;border-top-right-radius:6px;border-bottom-right-radius:6px;border-bottom-left-radius:6px;}.kadence-column3634_e458d9-c9 > .kt-inside-inner-col{column-gap:var(--global-kb-gap-sm, 1rem);}.kadence-column3634_e458d9-c9 > .kt-inside-inner-col{flex-direction:column;}.kadence-column3634_e458d9-c9 > .kt-inside-inner-col > .aligncenter{width:100%;}.kadence-column3634_e458d9-c9 > .kt-inside-inner-col{background-color:var(--global-palette9, #ffffff);}.kadence-column3634_e458d9-c9 > .kt-inside-inner-col:before{opacity:0.3;}.kadence-column3634_e458d9-c9{text-align:center;}.kadence-column3634_e458d9-c9{position:relative;}@media all and (max-width: 1024px){.kadence-column3634_e458d9-c9 > .kt-inside-inner-col{flex-direction:column;justify-content:center;}}@media all and (max-width: 767px){.kadence-column3634_e458d9-c9 > .kt-inside-inner-col{flex-direction:column;justify-content:center;}}<\/style>\n<div class=\"wp-block-kadence-column kadence-column3634_e458d9-c9\"><div class=\"kt-inside-inner-col\"><div class=\"wp-block-image is-style-rounded\">\n<figure class=\"aligncenter\"><img decoding=\"async\" src=\"https:\/\/spilerdug.dk\/wp-content\/uploads\/2023\/05\/Maja-scaled-e1683267505338.jpg\" alt=\"Maja scaled e1683267505338\" title=\"Medarbejdere 1\"\/><\/figure>\n<\/div>\n\n\n<p><strong>Maja Tvarn\u00f8<\/strong><br>Ergoterapeut<\/p>\n\n\n\n<p><strong>Region Syd, Midt &amp; Nord<\/strong><br><strong>Sverige<\/strong><\/p>\n\n\n<style>.wp-block-kadence-advancedheading.kt-adv-heading3634_966275-a7, .wp-block-kadence-advancedheading.kt-adv-heading3634_966275-a7[data-kb-block=\"kb-adv-heading3634_966275-a7\"]{margin-bottom:0px;font-style:normal;}.wp-block-kadence-advancedheading.kt-adv-heading3634_966275-a7 mark.kt-highlight, .wp-block-kadence-advancedheading.kt-adv-heading3634_966275-a7[data-kb-block=\"kb-adv-heading3634_966275-a7\"] mark.kt-highlight{font-style:normal;color:#f76a0c;-webkit-box-decoration-break:clone;box-decoration-break:clone;padding-top:0px;padding-right:0px;padding-bottom:0px;padding-left:0px;}.wp-block-kadence-advancedheading.kt-adv-heading3634_966275-a7 img.kb-inline-image, .wp-block-kadence-advancedheading.kt-adv-heading3634_966275-a7[data-kb-block=\"kb-adv-heading3634_966275-a7\"] img.kb-inline-image{width:150px;vertical-align:baseline;}<\/style>\n<p class=\"kt-adv-heading3634_966275-a7 wp-block-kadence-advancedheading\" data-kb-block=\"kb-adv-heading3634_966275-a7\">Direkte: <a href=\"tel:+ 45 25 22 83 53\">25 22 83 53<\/a><br>Mail: <a href=\"mailto:maja@spilerdug.dk\">maja@spilerdug.dk<\/a><\/p>\n<\/div><\/div>\n\n\n<style>.kadence-column3634_1cec3e-ec > .kt-inside-inner-col{padding-top:var(--global-kb-spacing-lg, 3rem);padding-right:var(--global-kb-spacing-lg, 3rem);padding-bottom:var(--global-kb-spacing-lg, 3rem);padding-left:var(--global-kb-spacing-lg, 3rem);}.kadence-column3634_1cec3e-ec > .kt-inside-inner-col,.kadence-column3634_1cec3e-ec > .kt-inside-inner-col:before{border-top-left-radius:6px;border-top-right-radius:6px;border-bottom-right-radius:6px;border-bottom-left-radius:6px;}.kadence-column3634_1cec3e-ec > .kt-inside-inner-col{column-gap:var(--global-kb-gap-sm, 1rem);}.kadence-column3634_1cec3e-ec > .kt-inside-inner-col{flex-direction:column;}.kadence-column3634_1cec3e-ec > .kt-inside-inner-col > .aligncenter{width:100%;}.kadence-column3634_1cec3e-ec > .kt-inside-inner-col{background-color:var(--global-palette9, #ffffff);}.kadence-column3634_1cec3e-ec > .kt-inside-inner-col:before{opacity:0.3;}.kadence-column3634_1cec3e-ec{text-align:center;}.kadence-column3634_1cec3e-ec{position:relative;}@media all and (max-width: 1024px){.kadence-column3634_1cec3e-ec > .kt-inside-inner-col{flex-direction:column;justify-content:center;}}@media all and (max-width: 767px){.kadence-column3634_1cec3e-ec > .kt-inside-inner-col{flex-direction:column;justify-content:center;}}<\/style>\n<div class=\"wp-block-kadence-column kadence-column3634_1cec3e-ec\"><div class=\"kt-inside-inner-col\"><div class=\"wp-block-image is-style-rounded\">\n<figure class=\"aligncenter\"><img decoding=\"async\" src=\"https:\/\/spilerdug.dk\/wp-content\/uploads\/2023\/05\/Lene-scaled-e1683267518658.jpg\" alt=\"Lene scaled e1683267518658\" title=\"Medarbejdere 3\"\/><\/figure>\n<\/div>\n\n\n<p><strong>Lene Tranberg Juul<\/strong><br>Fysioterapeut<\/p>\n\n\n\n<p><strong>Region Hovedstaden&nbsp;<\/strong><\/p>\n\n\n<style>.wp-block-kadence-advancedheading.kt-adv-heading3634_c1f4a6-83, .wp-block-kadence-advancedheading.kt-adv-heading3634_c1f4a6-83[data-kb-block=\"kb-adv-heading3634_c1f4a6-83\"]{margin-bottom:0px;font-style:normal;}.wp-block-kadence-advancedheading.kt-adv-heading3634_c1f4a6-83 mark.kt-highlight, .wp-block-kadence-advancedheading.kt-adv-heading3634_c1f4a6-83[data-kb-block=\"kb-adv-heading3634_c1f4a6-83\"] mark.kt-highlight{font-style:normal;color:#f76a0c;-webkit-box-decoration-break:clone;box-decoration-break:clone;padding-top:0px;padding-right:0px;padding-bottom:0px;padding-left:0px;}.wp-block-kadence-advancedheading.kt-adv-heading3634_c1f4a6-83 img.kb-inline-image, .wp-block-kadence-advancedheading.kt-adv-heading3634_c1f4a6-83[data-kb-block=\"kb-adv-heading3634_c1f4a6-83\"] img.kb-inline-image{width:150px;vertical-align:baseline;}<\/style>\n<p class=\"kt-adv-heading3634_c1f4a6-83 wp-block-kadence-advancedheading\" data-kb-block=\"kb-adv-heading3634_c1f4a6-83\">Direkte: <a href=\"tel:+ 4522 81 83 55\">22 81 83 55<\/a><br>Mail: <a href=\"mailto:lene@spilerdug.dk\">lene@spilerdug.dk<\/a><\/p>\n<\/div><\/div>\n\n\n<style>.kadence-column3634_6e1b6e-86 > .kt-inside-inner-col{padding-top:var(--global-kb-spacing-lg, 3rem);padding-right:var(--global-kb-spacing-lg, 3rem);padding-bottom:var(--global-kb-spacing-lg, 3rem);padding-left:var(--global-kb-spacing-lg, 3rem);}.kadence-column3634_6e1b6e-86 > .kt-inside-inner-col,.kadence-column3634_6e1b6e-86 > .kt-inside-inner-col:before{border-top-left-radius:6px;border-top-right-radius:6px;border-bottom-right-radius:6px;border-bottom-left-radius:6px;}.kadence-column3634_6e1b6e-86 > .kt-inside-inner-col{column-gap:var(--global-kb-gap-sm, 1rem);}.kadence-column3634_6e1b6e-86 > .kt-inside-inner-col{flex-direction:column;}.kadence-column3634_6e1b6e-86 > .kt-inside-inner-col > .aligncenter{width:100%;}.kadence-column3634_6e1b6e-86 > .kt-inside-inner-col{background-color:var(--global-palette9, #ffffff);}.kadence-column3634_6e1b6e-86 > .kt-inside-inner-col:before{opacity:0.3;}.kadence-column3634_6e1b6e-86{text-align:center;}.kadence-column3634_6e1b6e-86{position:relative;}@media all and (max-width: 1024px){.kadence-column3634_6e1b6e-86 > .kt-inside-inner-col{flex-direction:column;justify-content:center;}}@media all and (max-width: 767px){.kadence-column3634_6e1b6e-86 > .kt-inside-inner-col{flex-direction:column;justify-content:center;}}<\/style>\n<div class=\"wp-block-kadence-column kadence-column3634_6e1b6e-86\"><div class=\"kt-inside-inner-col\"><div class=\"wp-block-image is-style-rounded\">\n<figure class=\"aligncenter\"><img decoding=\"async\" src=\"https:\/\/spilerdug.dk\/wp-content\/uploads\/2017\/10\/lisbeth-osterkryger_103.jpg\" alt=\"lisbeth osterkryger 103\" title=\"Medarbejdere 4\"\/><\/figure>\n<\/div>\n\n\n<p><strong>Lisbeth Osterkryger<\/strong><br>Levering &amp; Fakturering<\/p>\n\n\n\n<p>Direkte: <a href=\"http:\/\/+45 41 80 83 51\">41 80 83 51<\/a><br>Mail: <a href=\"mailto:info@spilerdug.dk\">info@spilerdug.dk<\/a><\/p>\n<\/div><\/div>\n\n\n<style>.kadence-column3634_977f83-0b > .kt-inside-inner-col{padding-top:var(--global-kb-spacing-lg, 3rem);padding-right:var(--global-kb-spacing-lg, 3rem);padding-bottom:var(--global-kb-spacing-lg, 3rem);padding-left:var(--global-kb-spacing-lg, 3rem);}.kadence-column3634_977f83-0b > .kt-inside-inner-col,.kadence-column3634_977f83-0b > .kt-inside-inner-col:before{border-top-left-radius:6px;border-top-right-radius:6px;border-bottom-right-radius:6px;border-bottom-left-radius:6px;}.kadence-column3634_977f83-0b > .kt-inside-inner-col{column-gap:var(--global-kb-gap-sm, 1rem);}.kadence-column3634_977f83-0b > .kt-inside-inner-col{flex-direction:column;}.kadence-column3634_977f83-0b > .kt-inside-inner-col > .aligncenter{width:100%;}.kadence-column3634_977f83-0b > .kt-inside-inner-col{background-color:var(--global-palette9, #ffffff);}.kadence-column3634_977f83-0b > .kt-inside-inner-col:before{opacity:0.3;}.kadence-column3634_977f83-0b{text-align:center;}.kadence-column3634_977f83-0b{position:relative;}@media all and (max-width: 1024px){.kadence-column3634_977f83-0b > .kt-inside-inner-col{flex-direction:column;justify-content:center;}}@media all and (max-width: 767px){.kadence-column3634_977f83-0b > .kt-inside-inner-col{flex-direction:column;justify-content:center;}}<\/style>\n<div class=\"wp-block-kadence-column kadence-column3634_977f83-0b\"><div class=\"kt-inside-inner-col\"><div class=\"wp-block-image is-style-rounded\">\n<figure class=\"aligncenter\"><img decoding=\"async\" src=\"https:\/\/spilerdug.dk\/wp-content\/uploads\/2017\/10\/kristian-krogh-jeppesen_99.jpg\" alt=\"kristian krogh jeppesen 99\" title=\"\"><\/figure>\n<\/div>\n\n\n<p><strong>Christian Krogh-Jeppesen<\/strong><br>Administrerende direkt\u00f8r<\/p>\n\n\n\n<p>Direkte: <a href=\"tel: +45 23 68 87 34\">23 68 87 34<\/a><br>Mail: <a href=\"mailto:christian@spilerdug.dk\">christian@spilerdug.dk<\/a><\/p>\n<\/div><\/div>\n\n<\/div><\/div>","protected":false},"excerpt":{"rendered":"<p>Vi er klar til at hj\u00e6lpe dig Har du sp\u00f8rgsm\u00e5l til et af vores produkter eller brug for r\u00e5dgivning, er du mere end velkommen til at kontakte os.&nbsp;Du kan kontakte den terapeut der er tilknyttet dit omr\u00e5de direkte p\u00e5 mail eller telefon. Nanna WestbyFysioterapeut &amp; Master in Humanities &amp; Health Studies Region Sj\u00e6llandSverige Direkte: 25&#8230;<\/p>","protected":false},"author":24,"featured_media":0,"parent":3504,"menu_order":0,"comment_status":"closed","ping_status":"closed","template":"","meta":{"_acf_changed":false,"inline_featured_image":false,"_kad_blocks_custom_css":"","_kad_blocks_head_custom_js":"","_kad_blocks_body_custom_js":"","_kad_blocks_footer_custom_js":"","_kad_post_transparent":"","_kad_post_title":"","_kad_post_layout":"","_kad_post_sidebar_id":"","_kad_post_content_style":"","_kad_post_vertical_padding":"","_kad_post_feature":"","_kad_post_feature_position":"","_kad_post_header":false,"_kad_post_footer":false,"_kad_post_classname":"","footnotes":""},"class_list":["post-3634","page","type-page","status-publish","hentry"],"acf":[],"taxonomy_info":[],"featured_image_src_large":false,"author_info":{"display_name":"Nanna Westby","author_link":"https:\/\/spilerdug.dk\/sv\/author\/nanna\/"},"comment_info":0,"_links":{"self":[{"href":"https:\/\/spilerdug.dk\/sv\/wp-json\/wp\/v2\/pages\/3634","targetHints":{"allow":["GET"]}}],"collection":[{"href":"https:\/\/spilerdug.dk\/sv\/wp-json\/wp\/v2\/pages"}],"about":[{"href":"https:\/\/spilerdug.dk\/sv\/wp-json\/wp\/v2\/types\/page"}],"author":[{"embeddable":true,"href":"https:\/\/spilerdug.dk\/sv\/wp-json\/wp\/v2\/users\/24"}],"replies":[{"embeddable":true,"href":"https:\/\/spilerdug.dk\/sv\/wp-json\/wp\/v2\/comments?post=3634"}],"version-history":[{"count":45,"href":"https:\/\/spilerdug.dk\/sv\/wp-json\/wp\/v2\/pages\/3634\/revisions"}],"predecessor-version":[{"id":12423,"href":"https:\/\/spilerdug.dk\/sv\/wp-json\/wp\/v2\/pages\/3634\/revisions\/12423"}],"up":[{"embeddable":true,"href":"https:\/\/spilerdug.dk\/sv\/wp-json\/wp\/v2\/pages\/3504"}],"wp:attachment":[{"href":"https:\/\/spilerdug.dk\/sv\/wp-json\/wp\/v2\/media?parent=3634"}],"curies":[{"name":"wp","href":"https:\/\/api.w.org\/{rel}","templated":true}]}}