{"id":3778,"date":"2020-04-29T10:14:52","date_gmt":"2020-04-29T08:14:52","guid":{"rendered":"https:\/\/spilerdug.dk.web05.webtohosting.dk\/?page_id=3778"},"modified":"2025-06-23T14:17:42","modified_gmt":"2025-06-23T12:17:42","slug":"produkter-vi-anvender","status":"publish","type":"page","link":"https:\/\/spilerdug.dk\/sv\/alle-produkter\/produkter-vi-anvender\/","title":{"rendered":"Produkter vi anv\u00e4nder"},"content":{"rendered":"<style>.kb-row-layout-id3778_8604a0-fe > .kt-row-column-wrap{align-content:center;}:where(.kb-row-layout-id3778_8604a0-fe > .kt-row-column-wrap) > .wp-block-kadence-column{justify-content:center;}.kb-row-layout-id3778_8604a0-fe > .kt-row-column-wrap{column-gap:var(--global-kb-gap-md, 2rem);row-gap:var(--global-kb-gap-md, 2rem);max-width:var( --global-content-width, 1400px );padding-left:var(--global-content-edge-padding);padding-right:var(--global-content-edge-padding);padding-top:var(--global-kb-spacing-xl, 4rem);padding-bottom:var(--global-kb-spacing-lg, 3rem);grid-template-columns:repeat(2, minmax(0, 1fr));}.kb-row-layout-id3778_8604a0-fe > .kt-row-layout-overlay{opacity:0.30;}@media all and (max-width: 1024px){.kb-row-layout-id3778_8604a0-fe > .kt-row-column-wrap{padding-top:var(--global-kb-spacing-xxl, 5rem);padding-bottom:var(--global-kb-spacing-xxl, 5rem);grid-template-columns:repeat(2, minmax(0, 1fr));}}@media all and (max-width: 767px){.kb-row-layout-id3778_8604a0-fe > .kt-row-column-wrap{padding-top:var(--global-kb-spacing-lg, 3rem);padding-bottom:var(--global-kb-spacing-lg, 3rem);grid-template-columns:minmax(0, 1fr);}}<\/style><div class=\"kb-row-layout-wrap kb-row-layout-id3778_8604a0-fe alignnone has-theme-palette8-background-color kt-row-has-bg wp-block-kadence-rowlayout\"><div class=\"kt-row-column-wrap kt-has-2-columns kt-row-layout-equal kt-tab-layout-inherit kt-mobile-layout-row kt-row-valign-middle kb-theme-content-width\">\n<style>.kadence-column3778_80ec3d-43 > .kt-inside-inner-col,.kadence-column3778_80ec3d-43 > .kt-inside-inner-col:before{border-top-left-radius:0px;border-top-right-radius:0px;border-bottom-right-radius:0px;border-bottom-left-radius:0px;}.kadence-column3778_80ec3d-43 > .kt-inside-inner-col{column-gap:var(--global-kb-gap-sm, 1rem);}.kadence-column3778_80ec3d-43 > .kt-inside-inner-col{flex-direction:column;}.kadence-column3778_80ec3d-43 > .kt-inside-inner-col > .aligncenter{width:100%;}.kadence-column3778_80ec3d-43 > .kt-inside-inner-col:before{opacity:0.3;}.kadence-column3778_80ec3d-43{position:relative;}@media all and (max-width: 1024px){.kadence-column3778_80ec3d-43 > .kt-inside-inner-col{flex-direction:column;justify-content:center;}}@media all and (max-width: 767px){.kadence-column3778_80ec3d-43 > .kt-inside-inner-col{flex-direction:column;justify-content:center;}}<\/style>\n<div class=\"wp-block-kadence-column kadence-column3778_80ec3d-43\"><div class=\"kt-inside-inner-col\">\n<p>I v\u00e5ra instruktioner och videor, eller i samband med v\u00e5r utbildning, kommer du att se olika tillbeh\u00f6r som vi anv\u00e4nder tillsammans med Spilerdugen.<\/p>\n<\/div><\/div>\n\n\n<style>.kadence-column3778_df1a64-a2 > .kt-inside-inner-col,.kadence-column3778_df1a64-a2 > .kt-inside-inner-col:before{border-top-left-radius:0px;border-top-right-radius:0px;border-bottom-right-radius:0px;border-bottom-left-radius:0px;}.kadence-column3778_df1a64-a2 > .kt-inside-inner-col{column-gap:var(--global-kb-gap-sm, 1rem);}.kadence-column3778_df1a64-a2 > .kt-inside-inner-col{flex-direction:column;}.kadence-column3778_df1a64-a2 > .kt-inside-inner-col > .aligncenter{width:100%;}.kadence-column3778_df1a64-a2 > .kt-inside-inner-col:before{opacity:0.3;}.kadence-column3778_df1a64-a2{position:relative;}@media all and (max-width: 1024px){.kadence-column3778_df1a64-a2 > .kt-inside-inner-col{flex-direction:column;justify-content:center;}}@media all and (max-width: 767px){.kadence-column3778_df1a64-a2 > .kt-inside-inner-col{flex-direction:column;justify-content:center;}}<\/style>\n<div class=\"wp-block-kadence-column kadence-column3778_df1a64-a2\"><div class=\"kt-inside-inner-col\"><style>.wp-block-kadence-advancedbtn.kb-btns3778_c52ca3-e0{gap:var(--global-kb-gap-xs, 0.5rem );justify-content:flex-end;align-items:center;}.kt-btns3778_c52ca3-e0 .kt-button{font-weight:normal;font-style:normal;}.kt-btns3778_c52ca3-e0 .kt-btn-wrap-0{margin-right:5px;}.wp-block-kadence-advancedbtn.kt-btns3778_c52ca3-e0 .kt-btn-wrap-0 .kt-button{color:#555555;border-color:#555555;}.wp-block-kadence-advancedbtn.kt-btns3778_c52ca3-e0 .kt-btn-wrap-0 .kt-button:hover, .wp-block-kadence-advancedbtn.kt-btns3778_c52ca3-e0 .kt-btn-wrap-0 .kt-button:focus{color:#ffffff;border-color:#444444;}.wp-block-kadence-advancedbtn.kt-btns3778_c52ca3-e0 .kt-btn-wrap-0 .kt-button::before{display:none;}.wp-block-kadence-advancedbtn.kt-btns3778_c52ca3-e0 .kt-btn-wrap-0 .kt-button:hover, .wp-block-kadence-advancedbtn.kt-btns3778_c52ca3-e0 .kt-btn-wrap-0 .kt-button:focus{background:#444444;}@media all and (max-width: 767px){.wp-block-kadence-advancedbtn.kb-btns3778_c52ca3-e0{justify-content:flex-start;}}<\/style>\n<div class=\"wp-block-kadence-advancedbtn kb-buttons-wrap kb-btns3778_c52ca3-e0\"><style>ul.menu .wp-block-kadence-advancedbtn .kb-btn3778_5feea1-c6.kb-button{width:initial;}<\/style><a class=\"kb-button kt-button button kb-btn3778_5feea1-c6 kt-btn-size-standard kt-btn-width-type-auto kb-btn-global-inherit  kt-btn-has-text-true kt-btn-has-svg-false  wp-block-button__link wp-block-kadence-singlebtn\" href=\"\/sv\/produkter\/\"><span class=\"kt-btn-inner-text\">Se alla v\u00e5ra egna produkter<\/span><\/a><\/div>\n<\/div><\/div>\n\n<\/div><\/div>\n\n<style>.kb-row-layout-id3778_092dd3-c7 > .kt-row-column-wrap{align-content:start;}:where(.kb-row-layout-id3778_092dd3-c7 > .kt-row-column-wrap) > .wp-block-kadence-column{justify-content:start;}.kb-row-layout-id3778_092dd3-c7 > .kt-row-column-wrap{column-gap:var(--global-kb-gap-lg, 4rem);row-gap:var(--global-kb-gap-lg, 4rem);max-width:var( --global-content-width, 1400px );padding-left:var(--global-content-edge-padding);padding-right:var(--global-content-edge-padding);padding-top:var(--global-kb-spacing-3xl, 6.5rem);padding-bottom:var(--global-kb-spacing-3xl, 6.5rem);}.kb-row-layout-id3778_092dd3-c7 > .kt-row-column-wrap > div:not(.added-for-specificity){grid-column:initial;}.kb-row-layout-id3778_092dd3-c7 > .kt-row-column-wrap{grid-template-columns:repeat(5, minmax(0, 1fr));}.kb-row-layout-id3778_092dd3-c7 > .kt-row-layout-overlay{opacity:0.30;}@media all and (max-width: 1024px){.kb-row-layout-id3778_092dd3-c7 > .kt-row-column-wrap{padding-top:var(--global-kb-spacing-xxl, 5rem);padding-bottom:var(--global-kb-spacing-xxl, 5rem);grid-template-columns:repeat(5, minmax(0, 1fr));}}@media all and (max-width: 1024px){.kb-row-layout-id3778_092dd3-c7 > .kt-row-column-wrap > div:not(.added-for-specificity){grid-column:initial;}}@media all and (max-width: 767px){.kb-row-layout-id3778_092dd3-c7 > .kt-row-column-wrap{padding-top:var(--global-kb-spacing-lg, 3rem);padding-bottom:var(--global-kb-spacing-lg, 3rem);grid-template-columns:minmax(0, 1fr);}.kb-row-layout-id3778_092dd3-c7 > .kt-row-column-wrap > div:not(.added-for-specificity){grid-column:initial;}}<\/style><div class=\"kb-row-layout-wrap kb-row-layout-id3778_092dd3-c7 alignnone wp-block-kadence-rowlayout\"><div class=\"kt-row-column-wrap kt-has-5-columns kt-row-layout-equal kt-tab-layout-inherit kt-mobile-layout-row kt-row-valign-top kb-theme-content-width\">\n<style>.kadence-column3778_719566-19 > .kt-inside-inner-col,.kadence-column3778_719566-19 > .kt-inside-inner-col:before{border-top-left-radius:0px;border-top-right-radius:0px;border-bottom-right-radius:0px;border-bottom-left-radius:0px;}.kadence-column3778_719566-19 > .kt-inside-inner-col{column-gap:var(--global-kb-gap-sm, 1rem);}.kadence-column3778_719566-19 > .kt-inside-inner-col{flex-direction:column;}.kadence-column3778_719566-19 > .kt-inside-inner-col > .aligncenter{width:100%;}.kadence-column3778_719566-19 > .kt-inside-inner-col:before{opacity:0.3;}.kadence-column3778_719566-19{position:relative;}@media all and (max-width: 1024px){.kadence-column3778_719566-19 > .kt-inside-inner-col{flex-direction:column;justify-content:center;}}@media all and (max-width: 767px){.kadence-column3778_719566-19 > .kt-inside-inner-col{flex-direction:column;justify-content:center;}}<\/style>\n<div class=\"wp-block-kadence-column kadence-column3778_719566-19 kb-section-has-link\"><div class=\"kt-inside-inner-col\">\n<figure class=\"wp-block-image size-full\"><a class=\"\" href=\"https:\/\/mediqdanmark.dk\/sigvaris-tilbehor-tekstil-handsker-til-kompressionsstromper-large\/p\/20011752?srsltid=AfmBOorQ5A4rNUZTTneZBeYhmyg21jBx-N7ZIaM93e5lNvykDbsE6ihwxcw&amp;gQT=1\" target=\"_blank\" rel=\"noopener\"><img loading=\"lazy\" decoding=\"async\" width=\"1000\" height=\"1000\" src=\"https:\/\/spilerdug.dk\/wp-content\/uploads\/2024\/07\/abena-handske.jpg\" alt=\"\" class=\"wp-image-11375\" title=\"\" srcset=\"https:\/\/spilerdug.dk\/wp-content\/uploads\/2024\/07\/abena-handske.jpg 1000w, https:\/\/spilerdug.dk\/wp-content\/uploads\/2024\/07\/abena-handske-300x300.jpg 300w, https:\/\/spilerdug.dk\/wp-content\/uploads\/2024\/07\/abena-handske-150x150.jpg 150w, https:\/\/spilerdug.dk\/wp-content\/uploads\/2024\/07\/abena-handske-768x768.jpg 768w, https:\/\/spilerdug.dk\/wp-content\/uploads\/2024\/07\/abena-handske-375x375.jpg 375w, https:\/\/spilerdug.dk\/wp-content\/uploads\/2024\/07\/abena-handske-600x600.jpg 600w, https:\/\/spilerdug.dk\/wp-content\/uploads\/2024\/07\/abena-handske-100x100.jpg 100w\" sizes=\"auto, (max-width: 1000px) 100vw, 1000px\" \/><\/a><\/figure>\n\n\n\n<p>Handskar avsedda f\u00f6r att ta av och p\u00e5 strumpor. Extra bra kvalitet.<\/p>\n<\/div><a href=\"https:\/\/online.abena.dk\/Product\/Details\/237919?c=1\" class=\"kb-section-link-overlay\" target=\"_blank\" rel=\"noopener noreferrer\"><\/a><\/div>\n\n\n<style>.kadence-column3778_24f145-e0 > .kt-inside-inner-col,.kadence-column3778_24f145-e0 > .kt-inside-inner-col:before{border-top-left-radius:0px;border-top-right-radius:0px;border-bottom-right-radius:0px;border-bottom-left-radius:0px;}.kadence-column3778_24f145-e0 > .kt-inside-inner-col{column-gap:var(--global-kb-gap-sm, 1rem);}.kadence-column3778_24f145-e0 > .kt-inside-inner-col{flex-direction:column;}.kadence-column3778_24f145-e0 > .kt-inside-inner-col > .aligncenter{width:100%;}.kadence-column3778_24f145-e0 > .kt-inside-inner-col:before{opacity:0.3;}.kadence-column3778_24f145-e0{position:relative;}@media all and (max-width: 1024px){.kadence-column3778_24f145-e0 > .kt-inside-inner-col{flex-direction:column;justify-content:center;}}@media all and (max-width: 767px){.kadence-column3778_24f145-e0 > .kt-inside-inner-col{flex-direction:column;justify-content:center;}}<\/style>\n<div class=\"wp-block-kadence-column kadence-column3778_24f145-e0 kb-section-has-link\"><div class=\"kt-inside-inner-col\">\n<figure class=\"wp-block-image size-full\"><a class=\"\" href=\"https:\/\/www.biltema.dk\/fritid\/jagt\/vildtvagte\/fjedervagt-11-kg-2000042213?utm_source=google&amp;utm_medium=surfaces&amp;utm_campaign=shopping%20feed&amp;utm_content=free%20google%20shopping%20clicks&amp;utm_source=google&amp;utm_medium=cpc&amp;utm_content=fritid&amp;gad_source=1&amp;gclid=Cj0KCQjwhb60BhClARIsABGGtw9VteGX7s6oekAddMtwhlgK-16GWQUxW3ZE2y68QHNpigNt-LtzTD8aApbPEALw_wcB&amp;gclsrc=aw.ds\" target=\"_blank\" rel=\"noreferrer noopener\"><img loading=\"lazy\" decoding=\"async\" width=\"800\" height=\"801\" src=\"https:\/\/spilerdug.dk\/wp-content\/uploads\/2024\/07\/fiskevaegt.jpg\" alt=\"\" class=\"wp-image-11376\" title=\"\" srcset=\"https:\/\/spilerdug.dk\/wp-content\/uploads\/2024\/07\/fiskevaegt.jpg 800w, https:\/\/spilerdug.dk\/wp-content\/uploads\/2024\/07\/fiskevaegt-300x300.jpg 300w, https:\/\/spilerdug.dk\/wp-content\/uploads\/2024\/07\/fiskevaegt-150x150.jpg 150w, https:\/\/spilerdug.dk\/wp-content\/uploads\/2024\/07\/fiskevaegt-768x769.jpg 768w, https:\/\/spilerdug.dk\/wp-content\/uploads\/2024\/07\/fiskevaegt-375x375.jpg 375w, https:\/\/spilerdug.dk\/wp-content\/uploads\/2024\/07\/fiskevaegt-600x601.jpg 600w, https:\/\/spilerdug.dk\/wp-content\/uploads\/2024\/07\/fiskevaegt-100x100.jpg 100w\" sizes=\"auto, (max-width: 800px) 100vw, 800px\" \/><\/a><\/figure>\n\n\n\n<p>Vikt f\u00f6r m\u00e4tning av dragkrafter<\/p>\n<\/div><a href=\"https:\/\/www.biltema.dk\/fritid\/jagt\/vildtvagte\/fjedervagt-11-kg-2000042213?utm_source=google&amp;utm_medium=surfaces&amp;utm_campaign=shopping%20feed&amp;utm_content=free%20google%20shopping%20clicks&amp;utm_source=google&amp;utm_medium=cpc&amp;utm_content=fritid&amp;gad_source=1&amp;gclid=Cj0KCQjws560BhCuARIsAHMqE0EnGeIX6KbYZNUhnbXhPfSaxhnPTdRIzW3g9EmCBpNLHiklQqm1AB0aAgjAEALw_wcB&amp;gclsrc=aw.ds\" class=\"kb-section-link-overlay\" target=\"_blank\" rel=\"noopener noreferrer\"><\/a><\/div>\n\n\n<style>.kadence-column3778_28d19d-37 > .kt-inside-inner-col,.kadence-column3778_28d19d-37 > .kt-inside-inner-col:before{border-top-left-radius:0px;border-top-right-radius:0px;border-bottom-right-radius:0px;border-bottom-left-radius:0px;}.kadence-column3778_28d19d-37 > .kt-inside-inner-col{column-gap:var(--global-kb-gap-sm, 1rem);}.kadence-column3778_28d19d-37 > .kt-inside-inner-col{flex-direction:column;}.kadence-column3778_28d19d-37 > .kt-inside-inner-col > .aligncenter{width:100%;}.kadence-column3778_28d19d-37 > .kt-inside-inner-col:before{opacity:0.3;}.kadence-column3778_28d19d-37{position:relative;}@media all and (max-width: 1024px){.kadence-column3778_28d19d-37 > .kt-inside-inner-col{flex-direction:column;justify-content:center;}}@media all and (max-width: 767px){.kadence-column3778_28d19d-37 > .kt-inside-inner-col{flex-direction:column;justify-content:center;}}<\/style>\n<div class=\"wp-block-kadence-column kadence-column3778_28d19d-37 kb-section-has-link\"><div class=\"kt-inside-inner-col\">\n<figure class=\"wp-block-image size-full\"><a class=\"\" href=\"https:\/\/www.harald-nyborg.dk\/toejklemme-plast-med-soft-grip-20-pak?srsltid=AfmBOooLFk90dQIVJtDQ4iJTwboMNpz_ooZhrIn24FUlPHVSermaJyCAOg4\" target=\"_blank\" rel=\"noreferrer noopener\"><img loading=\"lazy\" decoding=\"async\" width=\"300\" height=\"300\" src=\"https:\/\/spilerdug.dk\/wp-content\/uploads\/2024\/07\/klemmer.jpg\" alt=\"\" class=\"wp-image-11377\" title=\"\" srcset=\"https:\/\/spilerdug.dk\/wp-content\/uploads\/2024\/07\/klemmer.jpg 300w, https:\/\/spilerdug.dk\/wp-content\/uploads\/2024\/07\/klemmer-150x150.jpg 150w, https:\/\/spilerdug.dk\/wp-content\/uploads\/2024\/07\/klemmer-100x100.jpg 100w\" sizes=\"auto, (max-width: 300px) 100vw, 300px\" \/><\/a><\/figure>\n\n\n\n<p>Kl\u00e4dnypor med gummibel\u00e4ggning som h\u00e5ller Spilerdugen stadigt.<\/p>\n<\/div><a href=\"https:\/\/www.harald-nyborg.dk\/toejklemme-plast-med-soft-grip-20-pak\" class=\"kb-section-link-overlay\" target=\"_blank\" rel=\"noopener noreferrer\"><\/a><\/div>\n\n\n<style>.kadence-column3778_62a765-93 > .kt-inside-inner-col,.kadence-column3778_62a765-93 > .kt-inside-inner-col:before{border-top-left-radius:0px;border-top-right-radius:0px;border-bottom-right-radius:0px;border-bottom-left-radius:0px;}.kadence-column3778_62a765-93 > .kt-inside-inner-col{column-gap:var(--global-kb-gap-sm, 1rem);}.kadence-column3778_62a765-93 > .kt-inside-inner-col{flex-direction:column;}.kadence-column3778_62a765-93 > .kt-inside-inner-col > .aligncenter{width:100%;}.kadence-column3778_62a765-93 > .kt-inside-inner-col:before{opacity:0.3;}.kadence-column3778_62a765-93{position:relative;}@media all and (max-width: 1024px){.kadence-column3778_62a765-93 > .kt-inside-inner-col{flex-direction:column;justify-content:center;}}@media all and (max-width: 767px){.kadence-column3778_62a765-93 > .kt-inside-inner-col{flex-direction:column;justify-content:center;}}<\/style>\n<div class=\"wp-block-kadence-column kadence-column3778_62a765-93 kb-section-has-link\"><div class=\"kt-inside-inner-col\">\n<figure class=\"wp-block-image size-full is-resized\"><a class=\"\" href=\"https:\/\/www.campingpriser.dk\/shop\/antiglid-30-x-24319p.html?CookieConsentChanged=1\" target=\"_blank\" rel=\"noreferrer noopener\"><img loading=\"lazy\" decoding=\"async\" width=\"464\" height=\"314\" src=\"https:\/\/spilerdug.dk\/wp-content\/uploads\/2024\/07\/antiglid-e1720690067630.jpg\" alt=\"\" class=\"wp-image-11378\" style=\"aspect-ratio:1;width:186px;height:auto\" title=\"\" srcset=\"https:\/\/spilerdug.dk\/wp-content\/uploads\/2024\/07\/antiglid-e1720690067630.jpg 464w, https:\/\/spilerdug.dk\/wp-content\/uploads\/2024\/07\/antiglid-e1720690067630-300x203.jpg 300w\" sizes=\"auto, (max-width: 464px) 100vw, 464px\" \/><\/a><\/figure>\n\n\n\n<p>Antisladd f\u00f6r stabilisering av t.ex. f\u00f6tter.<\/p>\n<\/div><a href=\"https:\/\/sliplet.dk\/antiskrid-underlag-1060\/\" class=\"kb-section-link-overlay\" target=\"_blank\" rel=\"noopener noreferrer\"><\/a><\/div>\n\n\n<style>.kadence-column3778_e26e61-0e > .kt-inside-inner-col,.kadence-column3778_e26e61-0e > .kt-inside-inner-col:before{border-top-left-radius:0px;border-top-right-radius:0px;border-bottom-right-radius:0px;border-bottom-left-radius:0px;}.kadence-column3778_e26e61-0e > .kt-inside-inner-col{column-gap:var(--global-kb-gap-sm, 1rem);}.kadence-column3778_e26e61-0e > .kt-inside-inner-col{flex-direction:column;}.kadence-column3778_e26e61-0e > .kt-inside-inner-col > .aligncenter{width:100%;}.kadence-column3778_e26e61-0e > .kt-inside-inner-col:before{opacity:0.3;}.kadence-column3778_e26e61-0e{position:relative;}@media all and (max-width: 1024px){.kadence-column3778_e26e61-0e > .kt-inside-inner-col{flex-direction:column;justify-content:center;}}@media all and (max-width: 767px){.kadence-column3778_e26e61-0e > .kt-inside-inner-col{flex-direction:column;justify-content:center;}}<\/style>\n<div class=\"wp-block-kadence-column kadence-column3778_e26e61-0e\"><div class=\"kt-inside-inner-col\"><\/div><\/div>\n\n<\/div><\/div>\n\n\n<p><\/p>","protected":false},"excerpt":{"rendered":"<p>I vores vejledninger og videoer eller i forbindelse med vores undervisning, vil du se forskelligt tilbeh\u00f8r, som vi anvender sammen med spilerdugen. Handsker beregnet til p\u00e5- og aftagning af str\u00f8mper. Ekstra god kvalitet. V\u00e6gt til m\u00e5ling af tr\u00e6kkr\u00e6fter Klemmer med gummibel\u00e6gning, der holder spilerdugen fast. Antiglid til stabilisering af bl.a. f\u00f8dder.<\/p>","protected":false},"author":24,"featured_media":0,"parent":3519,"menu_order":0,"comment_status":"closed","ping_status":"closed","template":"","meta":{"_acf_changed":false,"inline_featured_image":false,"_kad_blocks_custom_css":"","_kad_blocks_head_custom_js":"","_kad_blocks_body_custom_js":"","_kad_blocks_footer_custom_js":"","_kad_post_transparent":"","_kad_post_title":"","_kad_post_layout":"","_kad_post_sidebar_id":"","_kad_post_content_style":"","_kad_post_vertical_padding":"","_kad_post_feature":"","_kad_post_feature_position":"","_kad_post_header":false,"_kad_post_footer":false,"_kad_post_classname":"","footnotes":""},"class_list":["post-3778","page","type-page","status-publish","hentry"],"acf":[],"taxonomy_info":[],"featured_image_src_large":false,"author_info":{"display_name":"Nanna Westby","author_link":"https:\/\/spilerdug.dk\/sv\/author\/nanna\/"},"comment_info":0,"_links":{"self":[{"href":"https:\/\/spilerdug.dk\/sv\/wp-json\/wp\/v2\/pages\/3778","targetHints":{"allow":["GET"]}}],"collection":[{"href":"https:\/\/spilerdug.dk\/sv\/wp-json\/wp\/v2\/pages"}],"about":[{"href":"https:\/\/spilerdug.dk\/sv\/wp-json\/wp\/v2\/types\/page"}],"author":[{"embeddable":true,"href":"https:\/\/spilerdug.dk\/sv\/wp-json\/wp\/v2\/users\/24"}],"replies":[{"embeddable":true,"href":"https:\/\/spilerdug.dk\/sv\/wp-json\/wp\/v2\/comments?post=3778"}],"version-history":[{"count":24,"href":"https:\/\/spilerdug.dk\/sv\/wp-json\/wp\/v2\/pages\/3778\/revisions"}],"predecessor-version":[{"id":12140,"href":"https:\/\/spilerdug.dk\/sv\/wp-json\/wp\/v2\/pages\/3778\/revisions\/12140"}],"up":[{"embeddable":true,"href":"https:\/\/spilerdug.dk\/sv\/wp-json\/wp\/v2\/pages\/3519"}],"wp:attachment":[{"href":"https:\/\/spilerdug.dk\/sv\/wp-json\/wp\/v2\/media?parent=3778"}],"curies":[{"name":"wp","href":"https:\/\/api.w.org\/{rel}","templated":true}]}}