{"id":3813,"date":"2020-04-29T11:13:32","date_gmt":"2020-04-29T09:13:32","guid":{"rendered":"https:\/\/spilerdug.dk.web05.webtohosting.dk\/?page_id=3813"},"modified":"2024-07-11T11:59:58","modified_gmt":"2024-07-11T09:59:58","slug":"samarbejdspartnere","status":"publish","type":"page","link":"https:\/\/spilerdug.dk\/sv\/om-os\/samarbejdspartnere\/","title":{"rendered":"Samarbetspartners"},"content":{"rendered":"<style>.kb-row-layout-id3813_a1cfc8-84 > .kt-row-column-wrap{align-content:start;}:where(.kb-row-layout-id3813_a1cfc8-84 > .kt-row-column-wrap) > .wp-block-kadence-column{justify-content:start;}.kb-row-layout-id3813_a1cfc8-84 > .kt-row-column-wrap{column-gap:var(--global-kb-gap-md, 2rem);row-gap:var(--global-kb-gap-md, 2rem);max-width:var( --global-content-width, 1400px );padding-left:var(--global-content-edge-padding);padding-right:var(--global-content-edge-padding);padding-top:var(--global-kb-spacing-xxl, 5rem);padding-bottom:var(--global-kb-spacing-xxl, 5rem);grid-template-columns:minmax(0, 1fr);}.kb-row-layout-id3813_a1cfc8-84 > .kt-row-layout-overlay{opacity:0.30;}@media all and (max-width: 1024px){.kb-row-layout-id3813_a1cfc8-84 > .kt-row-column-wrap{grid-template-columns:minmax(0, 1fr);}}@media all and (max-width: 767px){.kb-row-layout-id3813_a1cfc8-84 > .kt-row-column-wrap{grid-template-columns:minmax(0, 1fr);}}<\/style><div class=\"kb-row-layout-wrap kb-row-layout-id3813_a1cfc8-84 alignfull has-theme-palette9-background-color kt-row-has-bg wp-block-kadence-rowlayout\"><div class=\"kt-row-column-wrap kt-has-2-columns kt-row-layout-row kt-tab-layout-inherit kt-mobile-layout-row kt-row-valign-top kb-theme-content-width\">\n<style>.kadence-column3813_9f6b07-52 > .kt-inside-inner-col,.kadence-column3813_9f6b07-52 > .kt-inside-inner-col:before{border-top-left-radius:0px;border-top-right-radius:0px;border-bottom-right-radius:0px;border-bottom-left-radius:0px;}.kadence-column3813_9f6b07-52 > .kt-inside-inner-col{column-gap:var(--global-kb-gap-sm, 1rem);}.kadence-column3813_9f6b07-52 > .kt-inside-inner-col{flex-direction:column;}.kadence-column3813_9f6b07-52 > .kt-inside-inner-col > .aligncenter{width:100%;}.kadence-column3813_9f6b07-52 > .kt-inside-inner-col:before{opacity:0.3;}.kadence-column3813_9f6b07-52{text-align:center;}.kadence-column3813_9f6b07-52{position:relative;}@media all and (max-width: 1024px){.kadence-column3813_9f6b07-52 > .kt-inside-inner-col{flex-direction:column;justify-content:center;}}@media all and (max-width: 767px){.kadence-column3813_9f6b07-52 > .kt-inside-inner-col{flex-direction:column;justify-content:center;}}<\/style>\n<div class=\"wp-block-kadence-column kadence-column3813_9f6b07-52\"><div class=\"kt-inside-inner-col\">\n<h2 class=\"wp-block-heading\">Samarbetspartners och medlemskap<\/h2>\n\n\n\n<p>H\u00e4r \u00e4r de f\u00f6retag och organisationer vi samarbetar med eller \u00e4r medlem av i Sverige och Danmark.<\/p>\n<\/div><\/div>\n\n\n<style>.kadence-column3813_c67df3-9b > .kt-inside-inner-col,.kadence-column3813_c67df3-9b > .kt-inside-inner-col:before{border-top-left-radius:0px;border-top-right-radius:0px;border-bottom-right-radius:0px;border-bottom-left-radius:0px;}.kadence-column3813_c67df3-9b > .kt-inside-inner-col{column-gap:var(--global-kb-gap-sm, 1rem);}.kadence-column3813_c67df3-9b > .kt-inside-inner-col{flex-direction:column;}.kadence-column3813_c67df3-9b > .kt-inside-inner-col > .aligncenter{width:100%;}.kadence-column3813_c67df3-9b > .kt-inside-inner-col:before{opacity:0.3;}.kadence-column3813_c67df3-9b{position:relative;}@media all and (max-width: 1024px){.kadence-column3813_c67df3-9b > .kt-inside-inner-col{flex-direction:column;justify-content:center;}}@media all and (max-width: 767px){.kadence-column3813_c67df3-9b > .kt-inside-inner-col{flex-direction:column;justify-content:center;}}<\/style>\n<div class=\"wp-block-kadence-column kadence-column3813_c67df3-9b\"><div class=\"kt-inside-inner-col\"><style>.kb-row-layout-id3813_7cf561-e6 > .kt-row-column-wrap{align-content:center;}:where(.kb-row-layout-id3813_7cf561-e6 > .kt-row-column-wrap) > .wp-block-kadence-column{justify-content:center;}.kb-row-layout-id3813_7cf561-e6 > .kt-row-column-wrap{column-gap:var(--global-kb-gap-md, 2rem);row-gap:var(--global-kb-gap-md, 2rem);padding-top:var(--global-kb-spacing-md, 2rem);padding-bottom:var(--global-kb-spacing-sm, 1.5rem);}.kb-row-layout-id3813_7cf561-e6 > .kt-row-column-wrap > div:not(.added-for-specificity){grid-column:initial;}.kb-row-layout-id3813_7cf561-e6 > .kt-row-column-wrap{grid-template-columns:repeat(5, minmax(0, 1fr));}.kb-row-layout-id3813_7cf561-e6 > .kt-row-layout-overlay{opacity:0.30;}@media all and (max-width: 1024px){.kb-row-layout-id3813_7cf561-e6 > .kt-row-column-wrap{column-gap:var(--global-kb-gap-md, 2rem);row-gap:var(--global-kb-gap-md, 2rem);grid-template-columns:repeat(3, minmax(0, 1fr));}}@media all and (max-width: 1024px){.kb-row-layout-id3813_7cf561-e6 > .kt-row-column-wrap > div:not(.added-for-specificity){grid-column:initial;}}@media all and (max-width: 767px){.kb-row-layout-id3813_7cf561-e6 > .kt-row-column-wrap > div:not(.added-for-specificity){grid-column:initial;}.kb-row-layout-id3813_7cf561-e6 > .kt-row-column-wrap{grid-template-columns:repeat(2, minmax(0, 1fr));}}<\/style><div class=\"kb-row-layout-wrap kb-row-layout-id3813_7cf561-e6 alignnone wp-block-kadence-rowlayout\"><div class=\"kt-row-column-wrap kt-has-5-columns kt-row-layout-equal kt-tab-layout-three-grid kt-mobile-layout-two-grid kt-row-valign-middle\">\n<style>.kadence-column3813_9ee722-3b > .kt-inside-inner-col,.kadence-column3813_9ee722-3b > .kt-inside-inner-col:before{border-top-left-radius:0px;border-top-right-radius:0px;border-bottom-right-radius:0px;border-bottom-left-radius:0px;}.kadence-column3813_9ee722-3b > .kt-inside-inner-col{column-gap:var(--global-kb-gap-sm, 1rem);}.kadence-column3813_9ee722-3b > .kt-inside-inner-col{flex-direction:column;}.kadence-column3813_9ee722-3b > .kt-inside-inner-col > .aligncenter{width:100%;}.kadence-column3813_9ee722-3b > .kt-inside-inner-col:before{opacity:0.3;}.kadence-column3813_9ee722-3b{text-align:center;}.kadence-column3813_9ee722-3b{position:relative;}@media all and (max-width: 1024px){.kadence-column3813_9ee722-3b > .kt-inside-inner-col{flex-direction:column;justify-content:center;}}@media all and (max-width: 767px){.kadence-column3813_9ee722-3b > .kt-inside-inner-col{flex-direction:column;justify-content:center;}}<\/style>\n<div class=\"wp-block-kadence-column kadence-column3813_9ee722-3b\"><div class=\"kt-inside-inner-col\"><style>.wp-block-kadence-image.kb-image3813_7095f2-5e:not(.kb-specificity-added):not(.kb-extra-specificity-added){margin-bottom:var(--global-kb-spacing-xxs, 0.5rem);}.kb-image3813_7095f2-5e.kb-image-is-ratio-size, .kb-image3813_7095f2-5e .kb-image-is-ratio-size{max-width:160px;width:100%;}.wp-block-kadence-column > .kt-inside-inner-col > .kb-image3813_7095f2-5e.kb-image-is-ratio-size, .wp-block-kadence-column > .kt-inside-inner-col > .kb-image3813_7095f2-5e .kb-image-is-ratio-size{align-self:unset;}.kb-image3813_7095f2-5e figure{max-width:160px;}.kb-image3813_7095f2-5e .image-is-svg, .kb-image3813_7095f2-5e .image-is-svg img{width:100%;}.kb-image3813_7095f2-5e .kb-image-has-overlay:after{opacity:0.3;}<\/style>\n<div class=\"wp-block-kadence-image kb-image3813_7095f2-5e\"><figure class=\"aligncenter size-full\"><img loading=\"lazy\" decoding=\"async\" width=\"268\" height=\"101\" src=\"https:\/\/spilerdug.dk\/wp-content\/uploads\/2020\/04\/modern-arbetsteknikk-sverige.gif\" alt=\"\" class=\"kb-img wp-image-3816\" title=\"\"><\/figure><\/div>\n<\/div><\/div>\n\n\n<style>.kadence-column3813_e69da0-24 > .kt-inside-inner-col,.kadence-column3813_e69da0-24 > .kt-inside-inner-col:before{border-top-left-radius:0px;border-top-right-radius:0px;border-bottom-right-radius:0px;border-bottom-left-radius:0px;}.kadence-column3813_e69da0-24 > .kt-inside-inner-col{column-gap:var(--global-kb-gap-sm, 1rem);}.kadence-column3813_e69da0-24 > .kt-inside-inner-col{flex-direction:column;}.kadence-column3813_e69da0-24 > .kt-inside-inner-col > .aligncenter{width:100%;}.kadence-column3813_e69da0-24 > .kt-inside-inner-col:before{opacity:0.3;}.kadence-column3813_e69da0-24{text-align:center;}.kadence-column3813_e69da0-24{position:relative;}@media all and (max-width: 1024px){.kadence-column3813_e69da0-24 > .kt-inside-inner-col{flex-direction:column;justify-content:center;}}@media all and (max-width: 767px){.kadence-column3813_e69da0-24 > .kt-inside-inner-col{flex-direction:column;justify-content:center;}}<\/style>\n<div class=\"wp-block-kadence-column kadence-column3813_e69da0-24\"><div class=\"kt-inside-inner-col\"><style>.wp-block-kadence-image.kb-image3813_93e9a4-e1:not(.kb-specificity-added):not(.kb-extra-specificity-added){margin-bottom:var(--global-kb-spacing-xxs, 0.5rem);}.kb-image3813_93e9a4-e1.kb-image-is-ratio-size, .kb-image3813_93e9a4-e1 .kb-image-is-ratio-size{max-width:120px;width:100%;}.wp-block-kadence-column > .kt-inside-inner-col > .kb-image3813_93e9a4-e1.kb-image-is-ratio-size, .wp-block-kadence-column > .kt-inside-inner-col > .kb-image3813_93e9a4-e1 .kb-image-is-ratio-size{align-self:unset;}.kb-image3813_93e9a4-e1 figure{max-width:120px;}.kb-image3813_93e9a4-e1 .image-is-svg, .kb-image3813_93e9a4-e1 .image-is-svg img{width:100%;}.kb-image3813_93e9a4-e1 .kb-image-has-overlay:after{opacity:0.3;}<\/style>\n<div class=\"wp-block-kadence-image kb-image3813_93e9a4-e1\"><figure class=\"aligncenter size-full\"><img loading=\"lazy\" decoding=\"async\" width=\"322\" height=\"157\" src=\"https:\/\/spilerdug.dk\/wp-content\/uploads\/2020\/04\/hmc-sverige-logo-1.png\" alt=\"\" class=\"kb-img wp-image-3818\" title=\"\" srcset=\"https:\/\/spilerdug.dk\/wp-content\/uploads\/2020\/04\/hmc-sverige-logo-1.png 322w, https:\/\/spilerdug.dk\/wp-content\/uploads\/2020\/04\/hmc-sverige-logo-1-300x146.png 300w\" sizes=\"auto, (max-width: 322px) 100vw, 322px\" \/><\/figure><\/div>\n<\/div><\/div>\n\n\n<style>.kadence-column3813_7ffbbf-1a > .kt-inside-inner-col,.kadence-column3813_7ffbbf-1a > .kt-inside-inner-col:before{border-top-left-radius:0px;border-top-right-radius:0px;border-bottom-right-radius:0px;border-bottom-left-radius:0px;}.kadence-column3813_7ffbbf-1a > .kt-inside-inner-col{column-gap:var(--global-kb-gap-sm, 1rem);}.kadence-column3813_7ffbbf-1a > .kt-inside-inner-col{flex-direction:column;}.kadence-column3813_7ffbbf-1a > .kt-inside-inner-col > .aligncenter{width:100%;}.kadence-column3813_7ffbbf-1a > .kt-inside-inner-col:before{opacity:0.3;}.kadence-column3813_7ffbbf-1a{text-align:center;}.kadence-column3813_7ffbbf-1a{position:relative;}@media all and (max-width: 1024px){.kadence-column3813_7ffbbf-1a > .kt-inside-inner-col{flex-direction:column;justify-content:center;}}@media all and (max-width: 767px){.kadence-column3813_7ffbbf-1a > .kt-inside-inner-col{flex-direction:column;justify-content:center;}}<\/style>\n<div class=\"wp-block-kadence-column kadence-column3813_7ffbbf-1a\"><div class=\"kt-inside-inner-col\"><style>.wp-block-kadence-image.kb-image3813_3744f8-f0:not(.kb-specificity-added):not(.kb-extra-specificity-added){margin-bottom:var(--global-kb-spacing-xxs, 0.5rem);}.kb-image3813_3744f8-f0.kb-image-is-ratio-size, .kb-image3813_3744f8-f0 .kb-image-is-ratio-size{max-width:80px;width:100%;}.wp-block-kadence-column > .kt-inside-inner-col > .kb-image3813_3744f8-f0.kb-image-is-ratio-size, .wp-block-kadence-column > .kt-inside-inner-col > .kb-image3813_3744f8-f0 .kb-image-is-ratio-size{align-self:unset;}.kb-image3813_3744f8-f0 figure{max-width:80px;}.kb-image3813_3744f8-f0 .image-is-svg, .kb-image3813_3744f8-f0 .image-is-svg img{width:100%;}.kb-image3813_3744f8-f0 .kb-image-has-overlay:after{opacity:0.3;}<\/style>\n<div class=\"wp-block-kadence-image kb-image3813_3744f8-f0\"><figure class=\"aligncenter size-full\"><img loading=\"lazy\" decoding=\"async\" width=\"216\" height=\"259\" src=\"https:\/\/spilerdug.dk\/wp-content\/uploads\/2020\/04\/durewall-sverige-logo.png\" alt=\"\" class=\"kb-img wp-image-3819\" title=\"\"><\/figure><\/div>\n<\/div><\/div>\n\n\n<style>.kadence-column3813_f09e0c-a8 > .kt-inside-inner-col,.kadence-column3813_f09e0c-a8 > .kt-inside-inner-col:before{border-top-left-radius:0px;border-top-right-radius:0px;border-bottom-right-radius:0px;border-bottom-left-radius:0px;}.kadence-column3813_f09e0c-a8 > .kt-inside-inner-col{column-gap:var(--global-kb-gap-sm, 1rem);}.kadence-column3813_f09e0c-a8 > .kt-inside-inner-col{flex-direction:column;}.kadence-column3813_f09e0c-a8 > .kt-inside-inner-col > .aligncenter{width:100%;}.kadence-column3813_f09e0c-a8 > .kt-inside-inner-col:before{opacity:0.3;}.kadence-column3813_f09e0c-a8{text-align:center;}.kadence-column3813_f09e0c-a8{position:relative;}@media all and (max-width: 1024px){.kadence-column3813_f09e0c-a8 > .kt-inside-inner-col{flex-direction:column;justify-content:center;}}@media all and (max-width: 767px){.kadence-column3813_f09e0c-a8 > .kt-inside-inner-col{flex-direction:column;justify-content:center;}}<\/style>\n<div class=\"wp-block-kadence-column kadence-column3813_f09e0c-a8\"><div class=\"kt-inside-inner-col\"><style>.wp-block-kadence-image.kb-image3813_f776cf-a3:not(.kb-specificity-added):not(.kb-extra-specificity-added){margin-bottom:var(--global-kb-spacing-xxs, 0.5rem);}.kb-image3813_f776cf-a3.kb-image-is-ratio-size, .kb-image3813_f776cf-a3 .kb-image-is-ratio-size{max-width:160px;width:100%;}.wp-block-kadence-column > .kt-inside-inner-col > .kb-image3813_f776cf-a3.kb-image-is-ratio-size, .wp-block-kadence-column > .kt-inside-inner-col > .kb-image3813_f776cf-a3 .kb-image-is-ratio-size{align-self:unset;}.kb-image3813_f776cf-a3 figure{max-width:160px;}.kb-image3813_f776cf-a3 .image-is-svg, .kb-image3813_f776cf-a3 .image-is-svg img{width:100%;}.kb-image3813_f776cf-a3 .kb-image-has-overlay:after{opacity:0.3;}<\/style>\n<div class=\"wp-block-kadence-image kb-image3813_f776cf-a3\"><figure class=\"aligncenter size-full\"><img loading=\"lazy\" decoding=\"async\" width=\"600\" height=\"320\" src=\"https:\/\/spilerdug.dk\/wp-content\/uploads\/2020\/06\/danish-care.jpg\" alt=\"\" class=\"kb-img wp-image-4601\" title=\"\" srcset=\"https:\/\/spilerdug.dk\/wp-content\/uploads\/2020\/06\/danish-care.jpg 600w, https:\/\/spilerdug.dk\/wp-content\/uploads\/2020\/06\/danish-care-300x160.jpg 300w\" sizes=\"auto, (max-width: 600px) 100vw, 600px\" \/><\/figure><\/div>\n<\/div><\/div>\n\n\n<style>.kadence-column3813_8e74d6-72 > .kt-inside-inner-col,.kadence-column3813_8e74d6-72 > .kt-inside-inner-col:before{border-top-left-radius:0px;border-top-right-radius:0px;border-bottom-right-radius:0px;border-bottom-left-radius:0px;}.kadence-column3813_8e74d6-72 > .kt-inside-inner-col{column-gap:var(--global-kb-gap-sm, 1rem);}.kadence-column3813_8e74d6-72 > .kt-inside-inner-col{flex-direction:column;}.kadence-column3813_8e74d6-72 > .kt-inside-inner-col > .aligncenter{width:100%;}.kadence-column3813_8e74d6-72 > .kt-inside-inner-col:before{opacity:0.3;}.kadence-column3813_8e74d6-72{text-align:center;}.kadence-column3813_8e74d6-72{position:relative;}@media all and (max-width: 1024px){.kadence-column3813_8e74d6-72 > .kt-inside-inner-col{flex-direction:column;justify-content:center;}}@media all and (max-width: 767px){.kadence-column3813_8e74d6-72 > .kt-inside-inner-col{flex-direction:column;justify-content:center;}}<\/style>\n<div class=\"wp-block-kadence-column kadence-column3813_8e74d6-72\"><div class=\"kt-inside-inner-col\"><style>.wp-block-kadence-image.kb-image3813_928eeb-8f:not(.kb-specificity-added):not(.kb-extra-specificity-added){margin-bottom:var(--global-kb-spacing-xxs, 0.5rem);}.kb-image3813_928eeb-8f.kb-image-is-ratio-size, .kb-image3813_928eeb-8f .kb-image-is-ratio-size{max-width:160px;width:100%;}.wp-block-kadence-column > .kt-inside-inner-col > .kb-image3813_928eeb-8f.kb-image-is-ratio-size, .wp-block-kadence-column > .kt-inside-inner-col > .kb-image3813_928eeb-8f .kb-image-is-ratio-size{align-self:unset;}.kb-image3813_928eeb-8f figure{max-width:160px;}.kb-image3813_928eeb-8f .image-is-svg, .kb-image3813_928eeb-8f .image-is-svg img{width:100%;}.kb-image3813_928eeb-8f .kb-image-has-overlay:after{opacity:0.3;}<\/style>\n<div class=\"wp-block-kadence-image kb-image3813_928eeb-8f\"><figure class=\"aligncenter size-full\"><img loading=\"lazy\" decoding=\"async\" width=\"359\" height=\"140\" src=\"https:\/\/spilerdug.dk\/wp-content\/uploads\/2020\/06\/carenet-logo.png\" alt=\"\" class=\"kb-img wp-image-4602\" title=\"\" srcset=\"https:\/\/spilerdug.dk\/wp-content\/uploads\/2020\/06\/carenet-logo.png 359w, https:\/\/spilerdug.dk\/wp-content\/uploads\/2020\/06\/carenet-logo-300x117.png 300w\" sizes=\"auto, (max-width: 359px) 100vw, 359px\" \/><\/figure><\/div>\n<\/div><\/div>\n\n\n<style>.kadence-column3813_fe972e-89 > .kt-inside-inner-col,.kadence-column3813_fe972e-89 > .kt-inside-inner-col:before{border-top-left-radius:0px;border-top-right-radius:0px;border-bottom-right-radius:0px;border-bottom-left-radius:0px;}.kadence-column3813_fe972e-89 > .kt-inside-inner-col{column-gap:var(--global-kb-gap-sm, 1rem);}.kadence-column3813_fe972e-89 > .kt-inside-inner-col{flex-direction:column;}.kadence-column3813_fe972e-89 > .kt-inside-inner-col > .aligncenter{width:100%;}.kadence-column3813_fe972e-89 > .kt-inside-inner-col:before{opacity:0.3;}.kadence-column3813_fe972e-89{text-align:center;}.kadence-column3813_fe972e-89{position:relative;}@media all and (max-width: 1024px){.kadence-column3813_fe972e-89 > .kt-inside-inner-col{flex-direction:column;justify-content:center;}}@media all and (max-width: 767px){.kadence-column3813_fe972e-89 > .kt-inside-inner-col{flex-direction:column;justify-content:center;}}<\/style>\n<div class=\"wp-block-kadence-column kadence-column3813_fe972e-89\"><div class=\"kt-inside-inner-col\"><style>.wp-block-kadence-image.kb-image3813_2ab663-c5:not(.kb-specificity-added):not(.kb-extra-specificity-added){margin-bottom:var(--global-kb-spacing-xxs, 0.5rem);}.kb-image3813_2ab663-c5.kb-image-is-ratio-size, .kb-image3813_2ab663-c5 .kb-image-is-ratio-size{max-width:160px;width:100%;}.wp-block-kadence-column > .kt-inside-inner-col > .kb-image3813_2ab663-c5.kb-image-is-ratio-size, .wp-block-kadence-column > .kt-inside-inner-col > .kb-image3813_2ab663-c5 .kb-image-is-ratio-size{align-self:unset;}.kb-image3813_2ab663-c5 figure{max-width:160px;}.kb-image3813_2ab663-c5 .image-is-svg, .kb-image3813_2ab663-c5 .image-is-svg img{width:100%;}.kb-image3813_2ab663-c5 .kb-image-has-overlay:after{opacity:0.3;}<\/style>\n<div class=\"wp-block-kadence-image kb-image3813_2ab663-c5\"><figure class=\"aligncenter size-full\"><img loading=\"lazy\" decoding=\"async\" width=\"204\" height=\"106\" src=\"https:\/\/spilerdug.dk\/wp-content\/uploads\/2020\/06\/gs1-danmark.png\" alt=\"\" class=\"kb-img wp-image-4603\" title=\"\"><\/figure><\/div>\n<\/div><\/div>\n\n\n<style>.kadence-column3813_e0d7fc-07 > .kt-inside-inner-col,.kadence-column3813_e0d7fc-07 > .kt-inside-inner-col:before{border-top-left-radius:0px;border-top-right-radius:0px;border-bottom-right-radius:0px;border-bottom-left-radius:0px;}.kadence-column3813_e0d7fc-07 > .kt-inside-inner-col{column-gap:var(--global-kb-gap-sm, 1rem);}.kadence-column3813_e0d7fc-07 > .kt-inside-inner-col{flex-direction:column;}.kadence-column3813_e0d7fc-07 > .kt-inside-inner-col > .aligncenter{width:100%;}.kadence-column3813_e0d7fc-07 > .kt-inside-inner-col:before{opacity:0.3;}.kadence-column3813_e0d7fc-07{text-align:center;}.kadence-column3813_e0d7fc-07{position:relative;}@media all and (max-width: 1024px){.kadence-column3813_e0d7fc-07 > .kt-inside-inner-col{flex-direction:column;justify-content:center;}}@media all and (max-width: 767px){.kadence-column3813_e0d7fc-07 > .kt-inside-inner-col{flex-direction:column;justify-content:center;}}<\/style>\n<div class=\"wp-block-kadence-column kadence-column3813_e0d7fc-07\"><div class=\"kt-inside-inner-col\"><style>.wp-block-kadence-image.kb-image3813_d013c6-11:not(.kb-specificity-added):not(.kb-extra-specificity-added){margin-bottom:var(--global-kb-spacing-xxs, 0.5rem);}.kb-image3813_d013c6-11.kb-image-is-ratio-size, .kb-image3813_d013c6-11 .kb-image-is-ratio-size{max-width:100px;width:100%;}.wp-block-kadence-column > .kt-inside-inner-col > .kb-image3813_d013c6-11.kb-image-is-ratio-size, .wp-block-kadence-column > .kt-inside-inner-col > .kb-image3813_d013c6-11 .kb-image-is-ratio-size{align-self:unset;}.kb-image3813_d013c6-11 figure{max-width:100px;}.kb-image3813_d013c6-11 .image-is-svg, .kb-image3813_d013c6-11 .image-is-svg img{width:100%;}.kb-image3813_d013c6-11 .kb-image-has-overlay:after{opacity:0.3;}<\/style>\n<div class=\"wp-block-kadence-image kb-image3813_d013c6-11\"><figure class=\"aligncenter\"><img loading=\"lazy\" decoding=\"async\" width=\"119\" height=\"97\" src=\"https:\/\/spilerdug.dk\/wp-content\/uploads\/2021\/10\/careware-nordic-e1694525648982.png\" alt=\"\" class=\"kb-img wp-image-6490\" title=\"\" srcset=\"https:\/\/spilerdug.dk\/wp-content\/uploads\/2021\/10\/careware-nordic-e1694525648982.png 119w, https:\/\/spilerdug.dk\/wp-content\/uploads\/2021\/10\/careware-nordic-e1694525648982-15x12.png 15w\" sizes=\"auto, (max-width: 119px) 100vw, 119px\" \/><\/figure><\/div>\n<\/div><\/div>\n\n<\/div><\/div><\/div><\/div>\n\n<\/div><\/div>","protected":false},"excerpt":{"rendered":"<p>Samarbejdspartnere &amp; medlemskaber Her er de forskellige virksomheder &amp; organisationer, vi arbejder sammen med eller er medlem af&nbsp; i Danmark og Sverige.<\/p>","protected":false},"author":24,"featured_media":0,"parent":3504,"menu_order":0,"comment_status":"closed","ping_status":"closed","template":"","meta":{"_acf_changed":false,"inline_featured_image":false,"_kad_blocks_custom_css":"","_kad_blocks_head_custom_js":"","_kad_blocks_body_custom_js":"","_kad_blocks_footer_custom_js":"","_kad_post_transparent":"","_kad_post_title":"","_kad_post_layout":"","_kad_post_sidebar_id":"","_kad_post_content_style":"","_kad_post_vertical_padding":"","_kad_post_feature":"","_kad_post_feature_position":"","_kad_post_header":false,"_kad_post_footer":false,"_kad_post_classname":"","footnotes":""},"class_list":["post-3813","page","type-page","status-publish","hentry"],"acf":[],"taxonomy_info":[],"featured_image_src_large":false,"author_info":{"display_name":"Nanna Westby","author_link":"https:\/\/spilerdug.dk\/sv\/author\/nanna\/"},"comment_info":0,"_links":{"self":[{"href":"https:\/\/spilerdug.dk\/sv\/wp-json\/wp\/v2\/pages\/3813","targetHints":{"allow":["GET"]}}],"collection":[{"href":"https:\/\/spilerdug.dk\/sv\/wp-json\/wp\/v2\/pages"}],"about":[{"href":"https:\/\/spilerdug.dk\/sv\/wp-json\/wp\/v2\/types\/page"}],"author":[{"embeddable":true,"href":"https:\/\/spilerdug.dk\/sv\/wp-json\/wp\/v2\/users\/24"}],"replies":[{"embeddable":true,"href":"https:\/\/spilerdug.dk\/sv\/wp-json\/wp\/v2\/comments?post=3813"}],"version-history":[{"count":11,"href":"https:\/\/spilerdug.dk\/sv\/wp-json\/wp\/v2\/pages\/3813\/revisions"}],"predecessor-version":[{"id":11382,"href":"https:\/\/spilerdug.dk\/sv\/wp-json\/wp\/v2\/pages\/3813\/revisions\/11382"}],"up":[{"embeddable":true,"href":"https:\/\/spilerdug.dk\/sv\/wp-json\/wp\/v2\/pages\/3504"}],"wp:attachment":[{"href":"https:\/\/spilerdug.dk\/sv\/wp-json\/wp\/v2\/media?parent=3813"}],"curies":[{"name":"wp","href":"https:\/\/api.w.org\/{rel}","templated":true}]}}