{"id":4244,"date":"2020-05-15T09:46:09","date_gmt":"2020-05-15T07:46:09","guid":{"rendered":"https:\/\/spilerdug.dk.web05.webtohosting.dk\/?page_id=4244"},"modified":"2025-06-18T14:56:18","modified_gmt":"2025-06-18T12:56:18","slug":"e-laering-undervisning","status":"publish","type":"page","link":"https:\/\/spilerdug.dk\/sv\/undervisning\/e-laering-undervisning\/","title":{"rendered":"E-learning i Spilerdug och f\u00f6rflyttningskunskap"},"content":{"rendered":"<style>.kb-row-layout-id4244_3a837a-94 > .kt-row-column-wrap{align-content:start;}:where(.kb-row-layout-id4244_3a837a-94 > .kt-row-column-wrap) > .wp-block-kadence-column{justify-content:start;}.kb-row-layout-id4244_3a837a-94 > .kt-row-column-wrap{column-gap:var(--global-kb-gap-lg, 4rem);row-gap:var(--global-kb-gap-lg, 4rem);max-width:var( --global-content-width, 1400px );padding-left:var(--global-content-edge-padding);padding-right:var(--global-content-edge-padding);padding-top:var(--global-kb-spacing-3xl, 6.5rem);padding-bottom:var(--global-kb-spacing-3xl, 6.5rem);grid-template-columns:minmax(0, calc(50% - ((var(--global-kb-gap-lg, 4rem) * 1 )\/2)))minmax(0, calc(50% - ((var(--global-kb-gap-lg, 4rem) * 1 )\/2)));}.kb-row-layout-id4244_3a837a-94 > .kt-row-layout-overlay{opacity:0.30;}@media all and (max-width: 1024px){.kb-row-layout-id4244_3a837a-94 > .kt-row-column-wrap{padding-top:var(--global-kb-spacing-xxl, 5rem);padding-bottom:var(--global-kb-spacing-xxl, 5rem);grid-template-columns:repeat(2, minmax(0, 1fr));}}@media all and (max-width: 767px){.kb-row-layout-id4244_3a837a-94 > .kt-row-column-wrap{padding-top:var(--global-kb-spacing-lg, 3rem);padding-bottom:var(--global-kb-spacing-lg, 3rem);grid-template-columns:minmax(0, 1fr);}}<\/style><div class=\"kb-row-layout-wrap kb-row-layout-id4244_3a837a-94 alignnone wp-block-kadence-rowlayout\"><div class=\"kt-row-column-wrap kt-has-2-columns kt-row-layout-equal kt-tab-layout-inherit kt-mobile-layout-row kt-row-valign-top kb-theme-content-width\">\n<style>.kadence-column4244_a253bb-f3 > .kt-inside-inner-col,.kadence-column4244_a253bb-f3 > .kt-inside-inner-col:before{border-top-left-radius:0px;border-top-right-radius:0px;border-bottom-right-radius:0px;border-bottom-left-radius:0px;}.kadence-column4244_a253bb-f3 > .kt-inside-inner-col{column-gap:var(--global-kb-gap-sm, 1rem);}.kadence-column4244_a253bb-f3 > .kt-inside-inner-col{flex-direction:column;}.kadence-column4244_a253bb-f3 > .kt-inside-inner-col > .aligncenter{width:100%;}.kadence-column4244_a253bb-f3 > .kt-inside-inner-col:before{opacity:0.3;}.kadence-column4244_a253bb-f3{position:relative;}@media all and (max-width: 1024px){.kadence-column4244_a253bb-f3 > .kt-inside-inner-col{flex-direction:column;justify-content:center;}}@media all and (max-width: 767px){.kadence-column4244_a253bb-f3 > .kt-inside-inner-col{flex-direction:column;justify-content:center;}}<\/style>\n<div class=\"wp-block-kadence-column kadence-column4244_a253bb-f3\"><div class=\"kt-inside-inner-col\">\n<h1 class=\"wp-block-heading\"><\/h1>\n\n\n\n<p>Som handelskund hos Spilerdug ApS har du gratis tillg\u00e5ng till v\u00e5r e-learningkurs.<\/p>\n\n\n\n<p>Spilerdug ApS' e-learningkurs ger dig kunskap om den grundl\u00e4ggande anv\u00e4ndningen av Spilerdug och f\u00f6rflyttningskunskap. Du kan genomf\u00f6ra kursen p\u00e5 ungef\u00e4r 30 minuter.<\/p>\n\n\n\n<p>Anv\u00e4nd kursen som<\/p>\n\n\n\n<ul class=\"wp-block-list\">\n<li>INTRODUKTION till Spilerdug om du \u00e4r ny anv\u00e4ndare<\/li>\n\n\n\n<li>F\u00d6RBEREDELSER inf\u00f6r Spilerdugs fysiska kurser<\/li>\n\n\n\n<li>SPARA med kollegor<\/li>\n\n\n\n<li>UPPFRISKNING av kunskap<\/li>\n\n\n\n<li>F\u00d6RBEREDELSE f\u00f6r egen kunskap<\/li>\n\n\n\n<li>BLANDAT L\u00c4RANDE<\/li>\n<\/ul>\n\n\n\n<p>Kursen \u00e4r uppbyggd s\u00e5 att du f\u00e5r kunskap p\u00e5 flera s\u00e4tt<\/p>\n\n\n\n<ul class=\"wp-block-list\">\n<li>Genom ber\u00e4ttande<\/li>\n\n\n\n<li>Genom korta och tydliga faktarutor<\/li>\n\n\n\n<li>Genom bilder<\/li>\n\n\n\n<li>Genom sm\u00e5 videoklipp<\/li>\n<\/ul>\n\n\n\n<p>Under kursens g\u00e5ng kommer du att st\u00e4llas inf\u00f6r uppgifter och fr\u00e5gor, s\u00e5 att du f\u00e5r pr\u00f6va dina kunskaper. Du kommer alltid att f\u00e5 information om det korrekta svaret om du skulle svara fel.<\/p>\n<\/div><\/div>\n\n\n<style>.kadence-column4244_620d72-66 > .kt-inside-inner-col,.kadence-column4244_620d72-66 > .kt-inside-inner-col:before{border-top-left-radius:0px;border-top-right-radius:0px;border-bottom-right-radius:0px;border-bottom-left-radius:0px;}.kadence-column4244_620d72-66 > .kt-inside-inner-col{column-gap:var(--global-kb-gap-sm, 1rem);}.kadence-column4244_620d72-66 > .kt-inside-inner-col{flex-direction:column;}.kadence-column4244_620d72-66 > .kt-inside-inner-col > .aligncenter{width:100%;}.kadence-column4244_620d72-66 > .kt-inside-inner-col:before{opacity:0.3;}.kadence-column4244_620d72-66{position:relative;}@media all and (max-width: 1024px){.kadence-column4244_620d72-66 > .kt-inside-inner-col{flex-direction:column;justify-content:center;}}@media all and (max-width: 767px){.kadence-column4244_620d72-66 > .kt-inside-inner-col{flex-direction:column;justify-content:center;}}<\/style>\n<div class=\"wp-block-kadence-column kadence-column4244_620d72-66\"><div class=\"kt-inside-inner-col\"><style>.kb-image4244_34a479-78 .kb-image-has-overlay:after{opacity:0.3;}<\/style>\n<figure class=\"wp-block-kadence-image kb-image4244_34a479-78\"><img loading=\"lazy\" decoding=\"async\" width=\"612\" height=\"489\" src=\"https:\/\/spilerdug.dk\/wp-content\/uploads\/2024\/06\/med-spilerdug-kan-du-naesten-alt-foto-scaled-e15940394062271.jpg\" alt=\"\" class=\"kb-img wp-image-10790\" title=\"\" srcset=\"https:\/\/spilerdug.dk\/wp-content\/uploads\/2024\/06\/med-spilerdug-kan-du-naesten-alt-foto-scaled-e15940394062271.jpg 612w, https:\/\/spilerdug.dk\/wp-content\/uploads\/2024\/06\/med-spilerdug-kan-du-naesten-alt-foto-scaled-e15940394062271-300x240.jpg 300w, https:\/\/spilerdug.dk\/wp-content\/uploads\/2024\/06\/med-spilerdug-kan-du-naesten-alt-foto-scaled-e15940394062271-15x12.jpg 15w, https:\/\/spilerdug.dk\/wp-content\/uploads\/2024\/06\/med-spilerdug-kan-du-naesten-alt-foto-scaled-e15940394062271-600x479.jpg 600w\" sizes=\"auto, (max-width: 612px) 100vw, 612px\" \/><\/figure>\n<\/div><\/div>\n\n<\/div><\/div>","protected":false},"excerpt":{"rendered":"<p>Som samhandelskunde i Spilerdug ApS har du gratis adgang til vores E-l\u00e6ringskursus. Spilerdug ApS\u2019 E-l\u00e6ringskursus giver dig viden om den grundl\u00e6ggende brug af Spilerdug og forflytningskundskab. Du kan gennemf\u00f8re kurset p\u00e5 ca. 30 minutter Brug det som Kurset er opbygget, s\u00e5 du f\u00e5r viden p\u00e5 flere m\u00e5der Undervejs vil du blive stillet opgaver og sp\u00f8rgsm\u00e5l,&#8230;<\/p>","protected":false},"author":24,"featured_media":0,"parent":3553,"menu_order":0,"comment_status":"closed","ping_status":"closed","template":"","meta":{"_acf_changed":false,"inline_featured_image":false,"_kad_blocks_custom_css":"","_kad_blocks_head_custom_js":"","_kad_blocks_body_custom_js":"","_kad_blocks_footer_custom_js":"","_kad_post_transparent":"","_kad_post_title":"","_kad_post_layout":"","_kad_post_sidebar_id":"","_kad_post_content_style":"","_kad_post_vertical_padding":"","_kad_post_feature":"","_kad_post_feature_position":"","_kad_post_header":false,"_kad_post_footer":false,"_kad_post_classname":"","footnotes":""},"class_list":["post-4244","page","type-page","status-publish","hentry"],"acf":[],"taxonomy_info":[],"featured_image_src_large":false,"author_info":{"display_name":"Nanna Westby","author_link":"https:\/\/spilerdug.dk\/sv\/author\/nanna\/"},"comment_info":0,"_links":{"self":[{"href":"https:\/\/spilerdug.dk\/sv\/wp-json\/wp\/v2\/pages\/4244","targetHints":{"allow":["GET"]}}],"collection":[{"href":"https:\/\/spilerdug.dk\/sv\/wp-json\/wp\/v2\/pages"}],"about":[{"href":"https:\/\/spilerdug.dk\/sv\/wp-json\/wp\/v2\/types\/page"}],"author":[{"embeddable":true,"href":"https:\/\/spilerdug.dk\/sv\/wp-json\/wp\/v2\/users\/24"}],"replies":[{"embeddable":true,"href":"https:\/\/spilerdug.dk\/sv\/wp-json\/wp\/v2\/comments?post=4244"}],"version-history":[{"count":19,"href":"https:\/\/spilerdug.dk\/sv\/wp-json\/wp\/v2\/pages\/4244\/revisions"}],"predecessor-version":[{"id":12043,"href":"https:\/\/spilerdug.dk\/sv\/wp-json\/wp\/v2\/pages\/4244\/revisions\/12043"}],"up":[{"embeddable":true,"href":"https:\/\/spilerdug.dk\/sv\/wp-json\/wp\/v2\/pages\/3553"}],"wp:attachment":[{"href":"https:\/\/spilerdug.dk\/sv\/wp-json\/wp\/v2\/media?parent=4244"}],"curies":[{"name":"wp","href":"https:\/\/api.w.org\/{rel}","templated":true}]}}