{"id":4248,"date":"2022-02-10T09:46:55","date_gmt":"2022-02-10T08:46:55","guid":{"rendered":"https:\/\/spilerdug.dk.web05.webtohosting.dk\/?page_id=4248"},"modified":"2025-06-17T12:22:51","modified_gmt":"2025-06-17T10:22:51","slug":"tilmelding-til-nyhedsbrev","status":"publish","type":"page","link":"https:\/\/spilerdug.dk\/sv\/nyheder\/tilmelding-til-nyhedsbrev\/","title":{"rendered":"Registrering till nyhetsbrev"},"content":{"rendered":"<style>.kb-row-layout-id4248_238af7-13 > .kt-row-column-wrap{align-content:start;}:where(.kb-row-layout-id4248_238af7-13 > .kt-row-column-wrap) > .wp-block-kadence-column{justify-content:start;}.kb-row-layout-id4248_238af7-13 > .kt-row-column-wrap{column-gap:var(--global-kb-gap-lg, 4rem);row-gap:var(--global-kb-gap-lg, 4rem);max-width:var( --global-content-width, 1400px );padding-left:var(--global-content-edge-padding);padding-right:var(--global-content-edge-padding);padding-top:var(--global-kb-spacing-3xl, 6.5rem);padding-bottom:var(--global-kb-spacing-3xl, 6.5rem);grid-template-columns:repeat(2, minmax(0, 1fr));}.kb-row-layout-id4248_238af7-13 > .kt-row-layout-overlay{opacity:0.30;}@media all and (max-width: 1024px){.kb-row-layout-id4248_238af7-13 > .kt-row-column-wrap{padding-top:var(--global-kb-spacing-xxl, 5rem);padding-bottom:var(--global-kb-spacing-xxl, 5rem);grid-template-columns:repeat(2, minmax(0, 1fr));}}@media all and (max-width: 767px){.kb-row-layout-id4248_238af7-13 > .kt-row-column-wrap{padding-top:var(--global-kb-spacing-lg, 3rem);padding-bottom:var(--global-kb-spacing-lg, 3rem);grid-template-columns:minmax(0, 1fr);}}<\/style><div class=\"kb-row-layout-wrap kb-row-layout-id4248_238af7-13 alignnone wp-block-kadence-rowlayout\"><div class=\"kt-row-column-wrap kt-has-2-columns kt-row-layout-equal kt-tab-layout-inherit kt-mobile-layout-row kt-row-valign-top kb-theme-content-width\">\n<style>.kadence-column4248_009b39-dc > .kt-inside-inner-col,.kadence-column4248_009b39-dc > .kt-inside-inner-col:before{border-top-left-radius:0px;border-top-right-radius:0px;border-bottom-right-radius:0px;border-bottom-left-radius:0px;}.kadence-column4248_009b39-dc > .kt-inside-inner-col{column-gap:var(--global-kb-gap-sm, 1rem);}.kadence-column4248_009b39-dc > .kt-inside-inner-col{flex-direction:column;}.kadence-column4248_009b39-dc > .kt-inside-inner-col > .aligncenter{width:100%;}.kadence-column4248_009b39-dc > .kt-inside-inner-col:before{opacity:0.3;}.kadence-column4248_009b39-dc{position:relative;}@media all and (max-width: 1024px){.kadence-column4248_009b39-dc > .kt-inside-inner-col{flex-direction:column;justify-content:center;}}@media all and (max-width: 767px){.kadence-column4248_009b39-dc > .kt-inside-inner-col{flex-direction:column;justify-content:center;}}<\/style>\n<div class=\"wp-block-kadence-column kadence-column4248_009b39-dc\"><div class=\"kt-inside-inner-col\">\n<p>V\u00e6r p\u00e5 forkant med udviklingen. F\u00e5 den nyeste viden om hvad vi kan tilbyde af kurser, men ogs\u00e5 hvordan du bliver bedre til at bruge<\/p>\n\n\n\n<ul class=\"wp-block-list\">\n<li>Spilerdug til forflytning eller p\u00e5kl\u00e6dning<\/li>\n\n\n\n<li>Spiler+ vendesystem<\/li>\n\n\n\n<li>Alseat til at f\u00e5 ben ind og ud af sengen<\/li>\n<\/ul>\n\n\n\n<p>F\u00e5 tilsendt vores nyhedsbrev, der udkommer 2-3 gange om \u00e5ret.<\/p>\n\n\n\n<p>Hvis du ikke kan vente p\u00e5 det, <a href=\"https:\/\/www.facebook.com\/spilerdug\/\" target=\"_blank\" rel=\"noreferrer noopener\"><strong>s\u00e5 f\u00f8lg os p\u00e5 Facebook<\/strong><\/a>, hvor der kommer nye tips og tricks hver m\u00e5ned.<\/p>\n<\/div><\/div>\n\n\n<style>.kadence-column4248_443baf-f9 > .kt-inside-inner-col,.kadence-column4248_443baf-f9 > .kt-inside-inner-col:before{border-top-left-radius:0px;border-top-right-radius:0px;border-bottom-right-radius:0px;border-bottom-left-radius:0px;}.kadence-column4248_443baf-f9 > .kt-inside-inner-col{column-gap:var(--global-kb-gap-sm, 1rem);}.kadence-column4248_443baf-f9 > .kt-inside-inner-col{flex-direction:column;}.kadence-column4248_443baf-f9 > .kt-inside-inner-col > .aligncenter{width:100%;}.kadence-column4248_443baf-f9 > .kt-inside-inner-col:before{opacity:0.3;}.kadence-column4248_443baf-f9{position:relative;}@media all and (max-width: 1024px){.kadence-column4248_443baf-f9 > .kt-inside-inner-col{flex-direction:column;justify-content:center;}}@media all and (max-width: 767px){.kadence-column4248_443baf-f9 > .kt-inside-inner-col{flex-direction:column;justify-content:center;}}<\/style>\n<div class=\"wp-block-kadence-column kadence-column4248_443baf-f9\"><div class=\"kt-inside-inner-col\">\n                <div class='gf_browser_gecko gform_wrapper' id='gform_wrapper_33' ><form method='post' enctype='multipart\/form-data'  id='gform_33'  action='\/sv\/wp-json\/wp\/v2\/pages\/4248'>\n                        <div class='gform_heading'>\n                            <h3 class='gform_title'>Tilmelding nyhedsbrev<\/h3>\n                            <span class='gform_description'><\/span>\n                        <\/div>\n                        <div class='gform_body'><ul id='gform_fields_33' class='gform_fields top_label form_sublabel_below description_below'><li id='field_33_6'  class='gfield gfield_contains_required field_sublabel_below field_description_below gfield_visibility_visible' ><label class='gfield_label' for='input_33_6' >Navn<span class='gfield_required'>*<\/span><\/label><div class='ginput_container ginput_container_text'><input name='input_6' id='input_33_6' type='text' value='' class='large'     aria-required=\"true\" aria-invalid=\"false\" \/><\/div><\/li><li id='field_33_9'  class='gfield gfield_contains_required field_sublabel_below field_description_below gfield_visibility_visible' ><label class='gfield_label' for='input_33_9' >Arbejdsmail<span class='gfield_required'>*<\/span><\/label><div class='ginput_container ginput_container_email'>\n                            <input name='input_9' id='input_33_9' type='text' value='' class='large'    aria-required=\"true\" aria-invalid=\"false\" \/>\n                        <\/div><\/li>\n                            <\/ul><\/div>\n        <div class='gform_footer top_label'> <input type='submit' id='gform_submit_button_33' class='gform_button button' value='Send'  onclick='if(window[\"gf_submitting_33\"]){return false;}  window[\"gf_submitting_33\"]=true;  ' onkeypress='if( event.keyCode == 13 ){ if(window[\"gf_submitting_33\"]){return false;} window[\"gf_submitting_33\"]=true;  jQuery(\"#gform_33\").trigger(\"submit\",[true]); }' \/> \n            <input type='hidden' class='gform_hidden' name='is_submit_33' value='1' \/>\n            <input type='hidden' class='gform_hidden' name='gform_submit' value='33' \/>\n            \n            <input type='hidden' class='gform_hidden' name='gform_unique_id' value='' \/>\n            <input type='hidden' class='gform_hidden' name='state_33' value='WyJbXSIsIjgzOTEzYzEwNjk5ZmQxZmI5MTRmYzM1YjA1ZDEwNzU2Il0=' \/>\n            <input type='hidden' class='gform_hidden' name='gform_target_page_number_33' id='gform_target_page_number_33' value='0' \/>\n            <input type='hidden' class='gform_hidden' name='gform_source_page_number_33' id='gform_source_page_number_33' value='1' \/>\n            <input type='hidden' name='gform_field_values' value='' \/>\n            \n        <\/div>\n                        <\/form>\n                        <\/div><script type='text\/javascript'> jQuery(document).bind('gform_post_render', function(event, formId, currentPage){if(formId == 33) {} } );jQuery(document).bind('gform_post_conditional_logic', function(event, formId, fields, isInit){} );<\/script><script type='text\/javascript'> jQuery(document).ready(function(){jQuery(document).trigger('gform_post_render', [33, 1]) } ); <\/script>\n<\/div><\/div>\n\n<\/div><\/div>","protected":false},"excerpt":{"rendered":"<p>V\u00e6r p\u00e5 forkant med udviklingen. F\u00e5 den nyeste viden om hvad vi kan tilbyde af kurser, men ogs\u00e5 hvordan du bliver bedre til at bruge F\u00e5 tilsendt vores nyhedsbrev, der udkommer 2-3 gange om \u00e5ret. Hvis du ikke kan vente p\u00e5 det, s\u00e5 f\u00f8lg os p\u00e5 Facebook, hvor der kommer nye tips og tricks hver&#8230;<\/p>","protected":false},"author":24,"featured_media":0,"parent":978,"menu_order":0,"comment_status":"closed","ping_status":"closed","template":"","meta":{"_acf_changed":false,"inline_featured_image":false,"_kad_blocks_custom_css":"","_kad_blocks_head_custom_js":"","_kad_blocks_body_custom_js":"","_kad_blocks_footer_custom_js":"","_kad_post_transparent":"","_kad_post_title":"","_kad_post_layout":"","_kad_post_sidebar_id":"","_kad_post_content_style":"","_kad_post_vertical_padding":"","_kad_post_feature":"","_kad_post_feature_position":"","_kad_post_header":false,"_kad_post_footer":false,"_kad_post_classname":"","footnotes":""},"class_list":["post-4248","page","type-page","status-publish","hentry"],"acf":[],"taxonomy_info":[],"featured_image_src_large":false,"author_info":{"display_name":"Nanna Westby","author_link":"https:\/\/spilerdug.dk\/sv\/author\/nanna\/"},"comment_info":0,"_links":{"self":[{"href":"https:\/\/spilerdug.dk\/sv\/wp-json\/wp\/v2\/pages\/4248","targetHints":{"allow":["GET"]}}],"collection":[{"href":"https:\/\/spilerdug.dk\/sv\/wp-json\/wp\/v2\/pages"}],"about":[{"href":"https:\/\/spilerdug.dk\/sv\/wp-json\/wp\/v2\/types\/page"}],"author":[{"embeddable":true,"href":"https:\/\/spilerdug.dk\/sv\/wp-json\/wp\/v2\/users\/24"}],"replies":[{"embeddable":true,"href":"https:\/\/spilerdug.dk\/sv\/wp-json\/wp\/v2\/comments?post=4248"}],"version-history":[{"count":16,"href":"https:\/\/spilerdug.dk\/sv\/wp-json\/wp\/v2\/pages\/4248\/revisions"}],"predecessor-version":[{"id":12007,"href":"https:\/\/spilerdug.dk\/sv\/wp-json\/wp\/v2\/pages\/4248\/revisions\/12007"}],"up":[{"embeddable":true,"href":"https:\/\/spilerdug.dk\/sv\/wp-json\/wp\/v2\/pages\/978"}],"wp:attachment":[{"href":"https:\/\/spilerdug.dk\/sv\/wp-json\/wp\/v2\/media?parent=4248"}],"curies":[{"name":"wp","href":"https:\/\/api.w.org\/{rel}","templated":true}]}}