{"id":4250,"date":"2020-05-15T09:47:38","date_gmt":"2020-05-15T07:47:38","guid":{"rendered":"https:\/\/spilerdug.dk.web05.webtohosting.dk\/?page_id=4250"},"modified":"2025-06-18T11:38:39","modified_gmt":"2025-06-18T09:38:39","slug":"kurser-paa-din-arbejdsplads","status":"publish","type":"page","link":"https:\/\/spilerdug.dk\/sv\/undervisning\/kurser-paa-din-arbejdsplads\/","title":{"rendered":"Utbildning p\u00e5 din arbetsplats"},"content":{"rendered":"<style>.kb-row-layout-id4250_76a823-00 > .kt-row-column-wrap{align-content:start;}:where(.kb-row-layout-id4250_76a823-00 > .kt-row-column-wrap) > .wp-block-kadence-column{justify-content:start;}.kb-row-layout-id4250_76a823-00 > .kt-row-column-wrap{column-gap:var(--global-kb-gap-md, 2rem);row-gap:var(--global-kb-gap-md, 2rem);max-width:var( --global-content-width, 1400px );padding-left:var(--global-content-edge-padding);padding-right:var(--global-content-edge-padding);padding-top:var(--global-kb-spacing-3xl, 6.5rem);padding-bottom:var(--global-kb-spacing-3xl, 6.5rem);grid-template-columns:minmax(0, calc(40% - ((var(--global-kb-gap-md, 2rem) * 1 )\/2)))minmax(0, calc(60% - ((var(--global-kb-gap-md, 2rem) * 1 )\/2)));}.kb-row-layout-id4250_76a823-00 > .kt-row-layout-overlay{opacity:0.30;}@media all and (max-width: 1024px){.kb-row-layout-id4250_76a823-00 > .kt-row-column-wrap{padding-top:var(--global-kb-spacing-xxl, 5rem);padding-bottom:var(--global-kb-spacing-xxl, 5rem);grid-template-columns:minmax(0, 1fr);}}@media all and (max-width: 767px){.kb-row-layout-id4250_76a823-00 > .kt-row-column-wrap{padding-top:var(--global-kb-spacing-lg, 3rem);padding-bottom:var(--global-kb-spacing-lg, 3rem);grid-template-columns:minmax(0, 1fr);}}<\/style><div class=\"kb-row-layout-wrap kb-row-layout-id4250_76a823-00 alignnone wp-block-kadence-rowlayout\"><div class=\"kt-row-column-wrap kt-has-2-columns kt-row-layout-equal kt-tab-layout-row kt-mobile-layout-row kt-row-valign-top kb-theme-content-width\">\n<style>.kadence-column4250_0a93bc-1f > .kt-inside-inner-col,.kadence-column4250_0a93bc-1f > .kt-inside-inner-col:before{border-top-left-radius:0px;border-top-right-radius:0px;border-bottom-right-radius:0px;border-bottom-left-radius:0px;}.kadence-column4250_0a93bc-1f > .kt-inside-inner-col{column-gap:var(--global-kb-gap-sm, 1rem);}.kadence-column4250_0a93bc-1f > .kt-inside-inner-col{flex-direction:column;}.kadence-column4250_0a93bc-1f > .kt-inside-inner-col > .aligncenter{width:100%;}.kadence-column4250_0a93bc-1f > .kt-inside-inner-col:before{opacity:0.3;}.kadence-column4250_0a93bc-1f{position:relative;}@media all and (max-width: 1024px){.kadence-column4250_0a93bc-1f > .kt-inside-inner-col{flex-direction:column;justify-content:center;}}@media all and (max-width: 767px){.kadence-column4250_0a93bc-1f > .kt-inside-inner-col{flex-direction:column;justify-content:center;}}<\/style>\n<div class=\"wp-block-kadence-column kadence-column4250_0a93bc-1f\"><div class=\"kt-inside-inner-col\">\n<h1 class=\"wp-block-heading\"><\/h1>\n\n\n\n<p><strong>Utveckla era kompetenser i anv\u00e4ndningen av Spilerdug s\u00e5 att ni kan f\u00f6rebygga fysisk belastning och f\u00f6rslitningsskador hos medarbetarna och skapa skonsamma och v\u00e4rdiga f\u00f6rflyttningar.<\/strong><\/p>\n\n\n\n<p>I samarbete med Spilerdug ApS har ni m\u00f6jlighet att designa kurser som passar just er arbetsplats. Vi anpassar alltid v\u00e5ra kurser utifr\u00e5n era \u00f6nskem\u00e5l, det kan till exempel vara i f\u00f6rh\u00e5llande till den grupp brukare\/patienter som ni arbetar med eller utifr\u00e5n den niv\u00e5 och kunskap ni som medarbetargrupp har i anv\u00e4ndningen av Spilerdug.<\/p>\n\n\n\n<p>Vi bygger upp kurser kring f\u00f6rflyttning och kring p\u00e5kl\u00e4dning. Vi erbjuder \u00e4ven f\u00f6rflyttningsledarutbildningen, som kan skr\u00e4ddarsys till er arbetsplats.<\/p>\n\n\n\n<p>Undervisningen leds av erfarna terapeuter med stor undervisningserfarenhet inom f\u00f6rflyttningsomr\u00e5det och i anv\u00e4ndningen av Spilerdug. Om ni \u00e4r en st\u00f6rre grupp som \u00f6nskar undervisning genomf\u00f6rs undervisningen med tv\u00e5 l\u00e4rare p\u00e5 kursen, detta f\u00f6r att s\u00e4kerst\u00e4lla god kvalitet och ett gott utbyte f\u00f6r deltagarna.<\/p>\n\n\n\n<h3 class=\"wp-block-heading\">Pris f\u00f6r Spilerdugskurser<\/h3>\n\n\n\n<p>Priset kommer att bero p\u00e5 kursens omfattning och p\u00e5 om ni \u00e4r kunder hos oss.<\/p>\n\n\n\n<p>Kontakta den av oss som \u00e4r knuten till ditt omr\u00e5de f\u00f6r att h\u00f6ra mer om m\u00f6jligheterna och f\u00f6r att f\u00e5 ett ickebindande erbjudande.<\/p>\n<\/div><\/div>\n\n\n<style>.kadence-column4250_cdd386-95 > .kt-inside-inner-col,.kadence-column4250_cdd386-95 > .kt-inside-inner-col:before{border-top-left-radius:0px;border-top-right-radius:0px;border-bottom-right-radius:0px;border-bottom-left-radius:0px;}.kadence-column4250_cdd386-95 > .kt-inside-inner-col{column-gap:var(--global-kb-gap-sm, 1rem);}.kadence-column4250_cdd386-95 > .kt-inside-inner-col{flex-direction:column;}.kadence-column4250_cdd386-95 > .kt-inside-inner-col > .aligncenter{width:100%;}.kadence-column4250_cdd386-95 > .kt-inside-inner-col:before{opacity:0.3;}.kadence-column4250_cdd386-95{position:relative;}@media all and (max-width: 1024px){.kadence-column4250_cdd386-95 > .kt-inside-inner-col{flex-direction:column;justify-content:center;}}@media all and (max-width: 767px){.kadence-column4250_cdd386-95 > .kt-inside-inner-col{flex-direction:column;justify-content:center;}}<\/style>\n<div class=\"wp-block-kadence-column kadence-column4250_cdd386-95\"><div class=\"kt-inside-inner-col\"><style>.kb-row-layout-id4250_2f1ecc-e1 > .kt-row-column-wrap{align-content:start;}:where(.kb-row-layout-id4250_2f1ecc-e1 > .kt-row-column-wrap) > .wp-block-kadence-column{justify-content:start;}.kb-row-layout-id4250_2f1ecc-e1 > .kt-row-column-wrap{column-gap:var(--global-kb-gap-sm, 1rem);row-gap:var(--global-kb-gap-sm, 1rem);max-width:var( --global-content-width, 1400px );padding-left:var(--global-content-edge-padding);padding-right:var(--global-content-edge-padding);padding-top:0px;padding-bottom:0px;}.kb-row-layout-id4250_2f1ecc-e1 > .kt-row-column-wrap > div:not(.added-for-specificity){grid-column:initial;}.kb-row-layout-id4250_2f1ecc-e1 > .kt-row-column-wrap{grid-template-columns:repeat(3, minmax(0, 1fr));}.kb-row-layout-id4250_2f1ecc-e1 > .kt-row-layout-overlay{opacity:0.30;}@media all and (max-width: 1024px){.kb-row-layout-id4250_2f1ecc-e1 > .kt-row-column-wrap{padding-top:0px;padding-bottom:0px;grid-template-columns:repeat(3, minmax(0, 1fr));}}@media all and (max-width: 1024px){.kb-row-layout-id4250_2f1ecc-e1 > .kt-row-column-wrap > div:not(.added-for-specificity){grid-column:initial;}}@media all and (max-width: 767px){.kb-row-layout-id4250_2f1ecc-e1 > .kt-row-column-wrap{padding-top:0px;padding-bottom:0px;grid-template-columns:minmax(0, 1fr);}.kb-row-layout-id4250_2f1ecc-e1 > .kt-row-column-wrap > div:not(.added-for-specificity){grid-column:initial;}}<\/style><div class=\"kb-row-layout-wrap kb-row-layout-id4250_2f1ecc-e1 alignnone wp-block-kadence-rowlayout\"><div class=\"kt-row-column-wrap kt-has-3-columns kt-row-layout-equal kt-tab-layout-inherit kt-mobile-layout-row kt-row-valign-top kt-inner-column-height-full kb-theme-content-width\">\n<style>.kadence-column4250_4d40f4-bb > .kt-inside-inner-col{padding-top:var(--global-kb-spacing-sm, 1.5rem);padding-right:var(--global-kb-spacing-sm, 1.5rem);padding-bottom:var(--global-kb-spacing-sm, 1.5rem);padding-left:var(--global-kb-spacing-sm, 1.5rem);}.kadence-column4250_4d40f4-bb > .kt-inside-inner-col,.kadence-column4250_4d40f4-bb > .kt-inside-inner-col:before{border-top-left-radius:6px;border-top-right-radius:6px;border-bottom-right-radius:6px;border-bottom-left-radius:6px;}.kadence-column4250_4d40f4-bb > .kt-inside-inner-col{column-gap:var(--global-kb-gap-sm, 1rem);}.kadence-column4250_4d40f4-bb > .kt-inside-inner-col{flex-direction:column;}.kadence-column4250_4d40f4-bb > .kt-inside-inner-col > .aligncenter{width:100%;}.kadence-column4250_4d40f4-bb > .kt-inside-inner-col{background-color:var(--global-palette8, #F7FAFC);}.kadence-column4250_4d40f4-bb > .kt-inside-inner-col:before{opacity:0.3;}.kadence-column4250_4d40f4-bb{text-align:center;}.kadence-column4250_4d40f4-bb{position:relative;}@media all and (max-width: 1024px){.kadence-column4250_4d40f4-bb > .kt-inside-inner-col{flex-direction:column;justify-content:center;}}@media all and (max-width: 767px){.kadence-column4250_4d40f4-bb > .kt-inside-inner-col{flex-direction:column;justify-content:center;}}<\/style>\n<div class=\"wp-block-kadence-column kadence-column4250_4d40f4-bb\"><div class=\"kt-inside-inner-col\"><div class=\"wp-block-image is-style-rounded\">\n<figure class=\"aligncenter\"><img decoding=\"async\" src=\"https:\/\/spilerdug.dk\/wp-content\/uploads\/2023\/05\/Nanna-scaled-e1683267529616.jpg\" alt=\"Nanna scaled e1683267529616\" title=\"Medarbejdere 2\"\/><\/figure>\n<\/div>\n\n\n<p><strong>Nanna Westby<\/strong><br>Fysioterapeut &amp; Master in Humanities &amp; Health Studies<\/p>\n\n\n\n<p class=\"has-text-align-center\"><strong>Region Sj\u00e6lland<\/strong> <strong>Sverige<\/strong><\/p>\n\n\n\n<p class=\"has-text-align-center\">Direkte: +45 <a href=\"tel:25 47 07 55\">25 47 07 55<\/a><br>Mail: <a href=\"mailto:nanna@spilerdug.dk\">nanna@spilerdug.dk<\/a><\/p>\n<\/div><\/div>\n\n\n<style>.kadence-column4250_1a6c6e-68 > .kt-inside-inner-col{padding-top:var(--global-kb-spacing-sm, 1.5rem);padding-right:var(--global-kb-spacing-sm, 1.5rem);padding-bottom:var(--global-kb-spacing-sm, 1.5rem);padding-left:var(--global-kb-spacing-sm, 1.5rem);}.kadence-column4250_1a6c6e-68 > .kt-inside-inner-col,.kadence-column4250_1a6c6e-68 > .kt-inside-inner-col:before{border-top-left-radius:6px;border-top-right-radius:6px;border-bottom-right-radius:6px;border-bottom-left-radius:6px;}.kadence-column4250_1a6c6e-68 > .kt-inside-inner-col{column-gap:var(--global-kb-gap-sm, 1rem);}.kadence-column4250_1a6c6e-68 > .kt-inside-inner-col{flex-direction:column;}.kadence-column4250_1a6c6e-68 > .kt-inside-inner-col > .aligncenter{width:100%;}.kadence-column4250_1a6c6e-68 > .kt-inside-inner-col{background-color:var(--global-palette8, #F7FAFC);}.kadence-column4250_1a6c6e-68 > .kt-inside-inner-col:before{opacity:0.3;}.kadence-column4250_1a6c6e-68{text-align:center;}.kadence-column4250_1a6c6e-68{position:relative;}@media all and (max-width: 1024px){.kadence-column4250_1a6c6e-68 > .kt-inside-inner-col{flex-direction:column;justify-content:center;}}@media all and (max-width: 767px){.kadence-column4250_1a6c6e-68 > .kt-inside-inner-col{flex-direction:column;justify-content:center;}}<\/style>\n<div class=\"wp-block-kadence-column kadence-column4250_1a6c6e-68\"><div class=\"kt-inside-inner-col\"><div class=\"wp-block-image is-style-rounded\">\n<figure class=\"aligncenter\"><img decoding=\"async\" src=\"https:\/\/spilerdug.dk\/wp-content\/uploads\/2023\/05\/Maja-scaled-e1683267505338.jpg\" alt=\"Maja scaled e1683267505338\" title=\"Medarbejdere 1\"\/><\/figure>\n<\/div>\n\n\n<p><strong>Maja Tvarn\u00f8<\/strong><br>Arbetsterapeut<\/p>\n\n\n\n<p><\/p>\n\n\n\n<p class=\"has-text-align-center\"><strong>Region Syd, Midt &amp; Nord<\/strong> <strong>och<\/strong> <strong>Sverige <\/strong><\/p>\n\n\n\n<p class=\"has-text-align-center\">Direkte: + 45 <a href=\"tel:25 22 83 53\">25 22 83 53<\/a><br>Mail: <a href=\"mailto:maja@spilerdug.dk\">maja@spilerdug.dk<\/a><\/p>\n<\/div><\/div>\n\n\n<style>.kadence-column4250_db77ae-df > .kt-inside-inner-col{padding-top:var(--global-kb-spacing-sm, 1.5rem);padding-right:var(--global-kb-spacing-sm, 1.5rem);padding-bottom:var(--global-kb-spacing-sm, 1.5rem);padding-left:var(--global-kb-spacing-sm, 1.5rem);}.kadence-column4250_db77ae-df > .kt-inside-inner-col,.kadence-column4250_db77ae-df > .kt-inside-inner-col:before{border-top-left-radius:6px;border-top-right-radius:6px;border-bottom-right-radius:6px;border-bottom-left-radius:6px;}.kadence-column4250_db77ae-df > .kt-inside-inner-col{column-gap:var(--global-kb-gap-sm, 1rem);}.kadence-column4250_db77ae-df > .kt-inside-inner-col{flex-direction:column;}.kadence-column4250_db77ae-df > .kt-inside-inner-col > .aligncenter{width:100%;}.kadence-column4250_db77ae-df > .kt-inside-inner-col{background-color:var(--global-palette8, #F7FAFC);}.kadence-column4250_db77ae-df > .kt-inside-inner-col:before{opacity:0.3;}.kadence-column4250_db77ae-df{text-align:center;}.kadence-column4250_db77ae-df{position:relative;}@media all and (max-width: 1024px){.kadence-column4250_db77ae-df > .kt-inside-inner-col{flex-direction:column;justify-content:center;}}@media all and (max-width: 767px){.kadence-column4250_db77ae-df > .kt-inside-inner-col{flex-direction:column;justify-content:center;}}<\/style>\n<div class=\"wp-block-kadence-column kadence-column4250_db77ae-df\"><div class=\"kt-inside-inner-col\"><div class=\"wp-block-image is-style-rounded\">\n<figure class=\"aligncenter\"><img decoding=\"async\" src=\"https:\/\/spilerdug.dk\/wp-content\/uploads\/2023\/05\/Lene-scaled-e1683267518658.jpg\" alt=\"Lene scaled e1683267518658\" title=\"Medarbejdere 3\"\/><\/figure>\n<\/div>\n\n\n<p><strong>Lene Tranberg Juul<\/strong><br>Fysioterapeut<\/p>\n\n\n\n<p><\/p>\n\n\n\n<p class=\"has-text-align-center\"><strong>Region Hovedstaden\u00a0<\/strong><\/p>\n\n\n\n<p class=\"has-text-align-center\">Direkte: +45 <a href=\"tel:22 81 83 55\">22 81 83 55<\/a><br>Mail: <a href=\"mailto:lene@spilerdug.dk\">lene@spilerdug.dk<\/a><\/p>\n<\/div><\/div>\n\n\n<style>.kadence-column4250_7bdfba-20 > .kt-inside-inner-col,.kadence-column4250_7bdfba-20 > .kt-inside-inner-col:before{border-top-left-radius:0px;border-top-right-radius:0px;border-bottom-right-radius:0px;border-bottom-left-radius:0px;}.kadence-column4250_7bdfba-20 > .kt-inside-inner-col{column-gap:var(--global-kb-gap-sm, 1rem);}.kadence-column4250_7bdfba-20 > .kt-inside-inner-col{flex-direction:column;}.kadence-column4250_7bdfba-20 > .kt-inside-inner-col > .aligncenter{width:100%;}.kadence-column4250_7bdfba-20 > .kt-inside-inner-col:before{opacity:0.3;}.kadence-column4250_7bdfba-20{position:relative;}@media all and (max-width: 1024px){.kadence-column4250_7bdfba-20 > .kt-inside-inner-col{flex-direction:column;justify-content:center;}}@media all and (max-width: 767px){.kadence-column4250_7bdfba-20 > .kt-inside-inner-col{flex-direction:column;justify-content:center;}}<\/style>\n<div class=\"wp-block-kadence-column kadence-column4250_7bdfba-20\"><div class=\"kt-inside-inner-col\"><\/div><\/div>\n\n<\/div><\/div><\/div><\/div>\n\n<\/div><\/div>","protected":false},"excerpt":{"rendered":"<p>F\u00e5 udviklet jeres kompetencer i brugen af Spilerdug s\u00e5 I kan forebygge fysisk belastning og nedslidning af medarbejderne og skabe sk\u00e5nsomme og v\u00e6rdige forflytninger. I samarbejde med Spilerdug ApS, har I mulighed for at designe kurser der passer til netop jeres arbejdsplads. Vi tilpasser altid vores kurser ud fra jeres \u00f8nsker, det kan fx v\u00e6re&#8230;<\/p>","protected":false},"author":24,"featured_media":0,"parent":3553,"menu_order":0,"comment_status":"closed","ping_status":"closed","template":"","meta":{"_acf_changed":false,"inline_featured_image":false,"_kad_blocks_custom_css":"","_kad_blocks_head_custom_js":"","_kad_blocks_body_custom_js":"","_kad_blocks_footer_custom_js":"","_kad_post_transparent":"","_kad_post_title":"","_kad_post_layout":"","_kad_post_sidebar_id":"","_kad_post_content_style":"","_kad_post_vertical_padding":"","_kad_post_feature":"","_kad_post_feature_position":"","_kad_post_header":false,"_kad_post_footer":false,"_kad_post_classname":"","footnotes":""},"class_list":["post-4250","page","type-page","status-publish","hentry"],"acf":[],"taxonomy_info":[],"featured_image_src_large":false,"author_info":{"display_name":"Nanna Westby","author_link":"https:\/\/spilerdug.dk\/sv\/author\/nanna\/"},"comment_info":0,"_links":{"self":[{"href":"https:\/\/spilerdug.dk\/sv\/wp-json\/wp\/v2\/pages\/4250","targetHints":{"allow":["GET"]}}],"collection":[{"href":"https:\/\/spilerdug.dk\/sv\/wp-json\/wp\/v2\/pages"}],"about":[{"href":"https:\/\/spilerdug.dk\/sv\/wp-json\/wp\/v2\/types\/page"}],"author":[{"embeddable":true,"href":"https:\/\/spilerdug.dk\/sv\/wp-json\/wp\/v2\/users\/24"}],"replies":[{"embeddable":true,"href":"https:\/\/spilerdug.dk\/sv\/wp-json\/wp\/v2\/comments?post=4250"}],"version-history":[{"count":35,"href":"https:\/\/spilerdug.dk\/sv\/wp-json\/wp\/v2\/pages\/4250\/revisions"}],"predecessor-version":[{"id":12421,"href":"https:\/\/spilerdug.dk\/sv\/wp-json\/wp\/v2\/pages\/4250\/revisions\/12421"}],"up":[{"embeddable":true,"href":"https:\/\/spilerdug.dk\/sv\/wp-json\/wp\/v2\/pages\/3553"}],"wp:attachment":[{"href":"https:\/\/spilerdug.dk\/sv\/wp-json\/wp\/v2\/media?parent=4250"}],"curies":[{"name":"wp","href":"https:\/\/api.w.org\/{rel}","templated":true}]}}