{"id":6815,"date":"2022-02-23T12:37:42","date_gmt":"2022-02-23T11:37:42","guid":{"rendered":"https:\/\/spilerdug.dk.web05.webtohosting.dk\/?page_id=6815"},"modified":"2025-09-10T12:57:20","modified_gmt":"2025-09-10T10:57:20","slug":"nyhedsbreve","status":"publish","type":"page","link":"https:\/\/spilerdug.dk\/sv\/nyheder\/nyhedsbreve\/","title":{"rendered":"Nyhetsbrev"},"content":{"rendered":"<style>.kb-row-layout-id6815_c5bbbf-1f > .kt-row-column-wrap{align-content:start;}:where(.kb-row-layout-id6815_c5bbbf-1f > .kt-row-column-wrap) > .wp-block-kadence-column{justify-content:start;}.kb-row-layout-id6815_c5bbbf-1f > .kt-row-column-wrap{column-gap:var(--global-kb-gap-lg, 4rem);row-gap:var(--global-kb-gap-lg, 4rem);max-width:var( --global-content-width, 1400px );padding-left:var(--global-content-edge-padding);padding-right:var(--global-content-edge-padding);padding-top:var(--global-kb-spacing-3xl, 6.5rem);padding-bottom:var(--global-kb-spacing-3xl, 6.5rem);}.kb-row-layout-id6815_c5bbbf-1f > .kt-row-column-wrap > div:not(.added-for-specificity){grid-column:initial;}.kb-row-layout-id6815_c5bbbf-1f > .kt-row-column-wrap{grid-template-columns:repeat(3, minmax(0, 1fr));}.kb-row-layout-id6815_c5bbbf-1f > .kt-row-layout-overlay{opacity:0.30;}@media all and (max-width: 1024px){.kb-row-layout-id6815_c5bbbf-1f > .kt-row-column-wrap{padding-top:var(--global-kb-spacing-xxl, 5rem);padding-bottom:var(--global-kb-spacing-xxl, 5rem);grid-template-columns:repeat(3, minmax(0, 1fr));}}@media all and (max-width: 1024px){.kb-row-layout-id6815_c5bbbf-1f > .kt-row-column-wrap > div:not(.added-for-specificity){grid-column:initial;}}@media all and (max-width: 767px){.kb-row-layout-id6815_c5bbbf-1f > .kt-row-column-wrap{padding-top:var(--global-kb-spacing-lg, 3rem);padding-bottom:var(--global-kb-spacing-lg, 3rem);grid-template-columns:minmax(0, 1fr);}.kb-row-layout-id6815_c5bbbf-1f > .kt-row-column-wrap > div:not(.added-for-specificity){grid-column:initial;}}<\/style><div class=\"kb-row-layout-wrap kb-row-layout-id6815_c5bbbf-1f alignnone wp-block-kadence-rowlayout\"><div class=\"kt-row-column-wrap kt-has-3-columns kt-row-layout-equal kt-tab-layout-inherit kt-mobile-layout-row kt-row-valign-top kb-theme-content-width\">\n<style>.kadence-column6815_263793-f3 > .kt-inside-inner-col,.kadence-column6815_263793-f3 > .kt-inside-inner-col:before{border-top-left-radius:0px;border-top-right-radius:0px;border-bottom-right-radius:0px;border-bottom-left-radius:0px;}.kadence-column6815_263793-f3 > .kt-inside-inner-col{column-gap:var(--global-kb-gap-sm, 1rem);}.kadence-column6815_263793-f3 > .kt-inside-inner-col{flex-direction:column;}.kadence-column6815_263793-f3 > .kt-inside-inner-col > .aligncenter{width:100%;}.kadence-column6815_263793-f3 > .kt-inside-inner-col:before{opacity:0.3;}.kadence-column6815_263793-f3{position:relative;}@media all and (max-width: 1024px){.kadence-column6815_263793-f3 > .kt-inside-inner-col{flex-direction:column;justify-content:center;}}@media all and (max-width: 767px){.kadence-column6815_263793-f3 > .kt-inside-inner-col{flex-direction:column;justify-content:center;}}<\/style>\n<div class=\"wp-block-kadence-column kadence-column6815_263793-f3\"><div class=\"kt-inside-inner-col\">\n<p>Med vores nyhedsbreve vil du v\u00e6re p\u00e5 forkant med udviklingen og f\u00e5 den nyeste viden om hvad vi kan tilbyde af kurser, men ogs\u00e5 hvordan du bliver bedre til at bruge<\/p>\n\n\n\n<ul class=\"wp-block-list\">\n<li>Spilerdug til forflytning eller p\u00e5kl\u00e6dning<\/li>\n\n\n\n<li>Spiler+ vendesystem<\/li>\n\n\n\n<li>Alseat til at f\u00e5 ben ind i sengen<\/li>\n<\/ul>\n\n\n\n<p>F\u00e5 tilsendt vores nyhedsbrev, der udkommer 2-3 gange om \u00e5ret.<\/p>\n\n\n\n<p>Hvis du ikke kan vente p\u00e5 det,&nbsp;<a href=\"https:\/\/www.facebook.com\/spilerdug\/\" target=\"_blank\" rel=\"noreferrer noopener\"><strong>s\u00e5 f\u00f8lg os p\u00e5 Facebook<\/strong><\/a>, hvor der kommer nye tips og tricks hver m\u00e5ned.<\/p>\n\n\n\n<p>Eller <a href=\"https:\/\/spilerdug.dk\/om-os\/medarbejderne\/\" data-type=\"page\" data-id=\"3634\"><strong>kontakt den af os<\/strong><\/a> der er tilknyttet dit omr\u00e5de og h\u00f8r mere om hvad vi kan tilbyde.<\/p>\n<\/div><\/div>\n\n\n<style>.kadence-column6815_89f94a-27 > .kt-inside-inner-col,.kadence-column6815_89f94a-27 > .kt-inside-inner-col:before{border-top-left-radius:0px;border-top-right-radius:0px;border-bottom-right-radius:0px;border-bottom-left-radius:0px;}.kadence-column6815_89f94a-27 > .kt-inside-inner-col{column-gap:var(--global-kb-gap-sm, 1rem);}.kadence-column6815_89f94a-27 > .kt-inside-inner-col{flex-direction:column;}.kadence-column6815_89f94a-27 > .kt-inside-inner-col > .aligncenter{width:100%;}.kadence-column6815_89f94a-27 > .kt-inside-inner-col:before{opacity:0.3;}.kadence-column6815_89f94a-27{position:relative;}@media all and (max-width: 1024px){.kadence-column6815_89f94a-27 > .kt-inside-inner-col{flex-direction:column;justify-content:center;}}@media all and (max-width: 767px){.kadence-column6815_89f94a-27 > .kt-inside-inner-col{flex-direction:column;justify-content:center;}}<\/style>\n<div class=\"wp-block-kadence-column kadence-column6815_89f94a-27 kb-section-has-link\"><div class=\"kt-inside-inner-col\">\n<p class=\"has-text-align-center\"><strong>Nyhedsbrev Januar 2025<\/strong><\/p>\n\n\n<style>.kb-image6815_18b437-2e .kb-image-has-overlay:after{opacity:0.3;}<\/style>\n<figure class=\"wp-block-kadence-image kb-image6815_18b437-2e size-full\"><img loading=\"lazy\" decoding=\"async\" width=\"877\" height=\"810\" src=\"https:\/\/spilerdug.dk\/wp-content\/uploads\/2025\/01\/billede-til-nyhedsbrev.png\" alt=\"\" class=\"kb-img wp-image-11773\" title=\"\" srcset=\"https:\/\/spilerdug.dk\/wp-content\/uploads\/2025\/01\/billede-til-nyhedsbrev.png 877w, https:\/\/spilerdug.dk\/wp-content\/uploads\/2025\/01\/billede-til-nyhedsbrev-300x277.png 300w, https:\/\/spilerdug.dk\/wp-content\/uploads\/2025\/01\/billede-til-nyhedsbrev-768x709.png 768w, https:\/\/spilerdug.dk\/wp-content\/uploads\/2025\/01\/billede-til-nyhedsbrev-13x12.png 13w, https:\/\/spilerdug.dk\/wp-content\/uploads\/2025\/01\/billede-til-nyhedsbrev-600x554.png 600w\" sizes=\"auto, (max-width: 877px) 100vw, 877px\" \/><\/figure>\n<\/div><a href=\"https:\/\/spilerdug.dk\/wp-content\/uploads\/2025\/01\/Spilerdug-Nyhedsbrev-jan-2025.html\" class=\"kb-section-link-overlay\"><\/a><\/div>\n\n\n<style>.kadence-column6815_aae93c-43 > .kt-inside-inner-col,.kadence-column6815_aae93c-43 > .kt-inside-inner-col:before{border-top-left-radius:0px;border-top-right-radius:0px;border-bottom-right-radius:0px;border-bottom-left-radius:0px;}.kadence-column6815_aae93c-43 > .kt-inside-inner-col{column-gap:var(--global-kb-gap-sm, 1rem);}.kadence-column6815_aae93c-43 > .kt-inside-inner-col{flex-direction:column;}.kadence-column6815_aae93c-43 > .kt-inside-inner-col > .aligncenter{width:100%;}.kadence-column6815_aae93c-43 > .kt-inside-inner-col:before{opacity:0.3;}.kadence-column6815_aae93c-43{text-align:center;}.kadence-column6815_aae93c-43{position:relative;}@media all and (max-width: 1024px){.kadence-column6815_aae93c-43 > .kt-inside-inner-col{flex-direction:column;justify-content:center;}}@media all and (max-width: 767px){.kadence-column6815_aae93c-43 > .kt-inside-inner-col{flex-direction:column;justify-content:center;}}<\/style>\n<div class=\"wp-block-kadence-column kadence-column6815_aae93c-43\"><div class=\"kt-inside-inner-col\"><style>.wp-block-kadence-advancedheading.kt-adv-heading6815_bbf142-6a, .wp-block-kadence-advancedheading.kt-adv-heading6815_bbf142-6a[data-kb-block=\"kb-adv-heading6815_bbf142-6a\"]{font-size:var(--global-kb-font-size-md, 1.25rem);font-style:normal;border-top-left-radius:5px;border-top-right-radius:5px;border-bottom-right-radius:5px;border-bottom-left-radius:5px;}.wp-block-kadence-advancedheading.kt-adv-heading6815_bbf142-6a mark.kt-highlight, .wp-block-kadence-advancedheading.kt-adv-heading6815_bbf142-6a[data-kb-block=\"kb-adv-heading6815_bbf142-6a\"] mark.kt-highlight{font-style:normal;color:#f76a0c;-webkit-box-decoration-break:clone;box-decoration-break:clone;padding-top:0px;padding-right:0px;padding-bottom:0px;padding-left:0px;}.wp-block-kadence-advancedheading.kt-adv-heading6815_bbf142-6a img.kb-inline-image, .wp-block-kadence-advancedheading.kt-adv-heading6815_bbf142-6a[data-kb-block=\"kb-adv-heading6815_bbf142-6a\"] img.kb-inline-image{width:150px;vertical-align:baseline;}<\/style>\n<h3 class=\"kt-adv-heading6815_bbf142-6a wp-block-kadence-advancedheading has-theme-palette-6-background-color has-background\" data-kb-block=\"kb-adv-heading6815_bbf142-6a\"><a href=\"https:\/\/spilerdug.dk\/wp-content\/uploads\/2024\/07\/Spilerdug-Nyhedsbrev-maj-2024.html\"><strong>Nyhedsbrev maj 2024<\/strong><\/a><\/h3>\n\n\n<style>.wp-block-kadence-advancedheading.kt-adv-heading6815_ec8158-ac, .wp-block-kadence-advancedheading.kt-adv-heading6815_ec8158-ac[data-kb-block=\"kb-adv-heading6815_ec8158-ac\"]{font-size:var(--global-kb-font-size-md, 1.25rem);font-style:normal;border-top-left-radius:5px;border-top-right-radius:5px;border-bottom-right-radius:5px;border-bottom-left-radius:5px;}.wp-block-kadence-advancedheading.kt-adv-heading6815_ec8158-ac mark.kt-highlight, .wp-block-kadence-advancedheading.kt-adv-heading6815_ec8158-ac[data-kb-block=\"kb-adv-heading6815_ec8158-ac\"] mark.kt-highlight{font-style:normal;color:#f76a0c;-webkit-box-decoration-break:clone;box-decoration-break:clone;padding-top:0px;padding-right:0px;padding-bottom:0px;padding-left:0px;}.wp-block-kadence-advancedheading.kt-adv-heading6815_ec8158-ac img.kb-inline-image, .wp-block-kadence-advancedheading.kt-adv-heading6815_ec8158-ac[data-kb-block=\"kb-adv-heading6815_ec8158-ac\"] img.kb-inline-image{width:150px;vertical-align:baseline;}<\/style>\n<h3 class=\"kt-adv-heading6815_ec8158-ac wp-block-kadence-advancedheading has-theme-palette-6-background-color has-background\" data-kb-block=\"kb-adv-heading6815_ec8158-ac\"><a href=\"https:\/\/spilerdug.dk\/wp-content\/uploads\/2023\/12\/Spilerdug-Nyhetsbrev-november-2023.html\"><strong>Nyhedsbrev november 2023<\/strong><\/a><\/h3>\n\n\n<style>.wp-block-kadence-advancedheading.kt-adv-heading6815_475357-a2, .wp-block-kadence-advancedheading.kt-adv-heading6815_475357-a2[data-kb-block=\"kb-adv-heading6815_475357-a2\"]{font-size:var(--global-kb-font-size-md, 1.25rem);font-style:normal;border-top-left-radius:5px;border-top-right-radius:5px;border-bottom-right-radius:5px;border-bottom-left-radius:5px;}.wp-block-kadence-advancedheading.kt-adv-heading6815_475357-a2 mark.kt-highlight, .wp-block-kadence-advancedheading.kt-adv-heading6815_475357-a2[data-kb-block=\"kb-adv-heading6815_475357-a2\"] mark.kt-highlight{font-style:normal;color:#f76a0c;-webkit-box-decoration-break:clone;box-decoration-break:clone;padding-top:0px;padding-right:0px;padding-bottom:0px;padding-left:0px;}.wp-block-kadence-advancedheading.kt-adv-heading6815_475357-a2 img.kb-inline-image, .wp-block-kadence-advancedheading.kt-adv-heading6815_475357-a2[data-kb-block=\"kb-adv-heading6815_475357-a2\"] img.kb-inline-image{width:150px;vertical-align:baseline;}<\/style>\n<h3 class=\"kt-adv-heading6815_475357-a2 wp-block-kadence-advancedheading has-theme-palette-6-background-color has-background\" data-kb-block=\"kb-adv-heading6815_475357-a2\"><a href=\"https:\/\/spilerdug.dk\/wp-content\/uploads\/2023\/08\/nyhedsbrev-august-2023.html\"><strong>Nyhedsbrev august 2023<\/strong><\/a><\/h3>\n\n\n<style>.wp-block-kadence-advancedheading.kt-adv-heading6815_5fc03b-d2, .wp-block-kadence-advancedheading.kt-adv-heading6815_5fc03b-d2[data-kb-block=\"kb-adv-heading6815_5fc03b-d2\"]{font-size:var(--global-kb-font-size-md, 1.25rem);font-style:normal;border-top-left-radius:5px;border-top-right-radius:5px;border-bottom-right-radius:5px;border-bottom-left-radius:5px;}.wp-block-kadence-advancedheading.kt-adv-heading6815_5fc03b-d2 mark.kt-highlight, .wp-block-kadence-advancedheading.kt-adv-heading6815_5fc03b-d2[data-kb-block=\"kb-adv-heading6815_5fc03b-d2\"] mark.kt-highlight{font-style:normal;color:#f76a0c;-webkit-box-decoration-break:clone;box-decoration-break:clone;padding-top:0px;padding-right:0px;padding-bottom:0px;padding-left:0px;}.wp-block-kadence-advancedheading.kt-adv-heading6815_5fc03b-d2 img.kb-inline-image, .wp-block-kadence-advancedheading.kt-adv-heading6815_5fc03b-d2[data-kb-block=\"kb-adv-heading6815_5fc03b-d2\"] img.kb-inline-image{width:150px;vertical-align:baseline;}<\/style>\n<h3 class=\"kt-adv-heading6815_5fc03b-d2 wp-block-kadence-advancedheading has-theme-palette-6-background-color has-background\" data-kb-block=\"kb-adv-heading6815_5fc03b-d2\"><a href=\"https:\/\/spilerdug.dk\/wp-content\/uploads\/2023\/08\/nyhedsbrev-februar.html\"><strong>Nyhedsbrev februar 2023<\/strong><\/a><\/h3>\n\n\n<style>.wp-block-kadence-advancedheading.kt-adv-heading6815_e6c456-d6, .wp-block-kadence-advancedheading.kt-adv-heading6815_e6c456-d6[data-kb-block=\"kb-adv-heading6815_e6c456-d6\"]{font-size:var(--global-kb-font-size-md, 1.25rem);font-style:normal;border-top-left-radius:5px;border-top-right-radius:5px;border-bottom-right-radius:5px;border-bottom-left-radius:5px;}.wp-block-kadence-advancedheading.kt-adv-heading6815_e6c456-d6 mark.kt-highlight, .wp-block-kadence-advancedheading.kt-adv-heading6815_e6c456-d6[data-kb-block=\"kb-adv-heading6815_e6c456-d6\"] mark.kt-highlight{font-style:normal;color:#f76a0c;-webkit-box-decoration-break:clone;box-decoration-break:clone;padding-top:0px;padding-right:0px;padding-bottom:0px;padding-left:0px;}.wp-block-kadence-advancedheading.kt-adv-heading6815_e6c456-d6 img.kb-inline-image, .wp-block-kadence-advancedheading.kt-adv-heading6815_e6c456-d6[data-kb-block=\"kb-adv-heading6815_e6c456-d6\"] img.kb-inline-image{width:150px;vertical-align:baseline;}<\/style>\n<h3 class=\"kt-adv-heading6815_e6c456-d6 wp-block-kadence-advancedheading has-theme-palette-6-background-color has-background\" data-kb-block=\"kb-adv-heading6815_e6c456-d6\"><a href=\"https:\/\/spilerdug.dk\/wp-content\/uploads\/2022\/08\/nyhedsbrev-sep-22.pdf\"><strong>Nyhedsbrev august 2022<\/strong><\/a><\/h3>\n\n\n<style>.wp-block-kadence-advancedheading.kt-adv-heading6815_32d237-8b, .wp-block-kadence-advancedheading.kt-adv-heading6815_32d237-8b[data-kb-block=\"kb-adv-heading6815_32d237-8b\"]{font-size:var(--global-kb-font-size-md, 1.25rem);font-style:normal;border-top-left-radius:5px;border-top-right-radius:5px;border-bottom-right-radius:5px;border-bottom-left-radius:5px;}.wp-block-kadence-advancedheading.kt-adv-heading6815_32d237-8b mark.kt-highlight, .wp-block-kadence-advancedheading.kt-adv-heading6815_32d237-8b[data-kb-block=\"kb-adv-heading6815_32d237-8b\"] mark.kt-highlight{font-style:normal;color:#f76a0c;-webkit-box-decoration-break:clone;box-decoration-break:clone;padding-top:0px;padding-right:0px;padding-bottom:0px;padding-left:0px;}.wp-block-kadence-advancedheading.kt-adv-heading6815_32d237-8b img.kb-inline-image, .wp-block-kadence-advancedheading.kt-adv-heading6815_32d237-8b[data-kb-block=\"kb-adv-heading6815_32d237-8b\"] img.kb-inline-image{width:150px;vertical-align:baseline;}<\/style>\n<h3 class=\"kt-adv-heading6815_32d237-8b wp-block-kadence-advancedheading has-theme-palette-6-background-color has-background\" data-kb-block=\"kb-adv-heading6815_32d237-8b\"><a href=\"https:\/\/spilerdug.dk\/wp-content\/uploads\/2022\/02\/spilerdug-nyhedsbrev-februar-2021-1.html\"><strong>Nyhedsbrev februar 2022<\/strong><\/a><\/h3>\n\n\n<style>.wp-block-kadence-advancedheading.kt-adv-heading6815_284966-ad, .wp-block-kadence-advancedheading.kt-adv-heading6815_284966-ad[data-kb-block=\"kb-adv-heading6815_284966-ad\"]{font-size:var(--global-kb-font-size-md, 1.25rem);font-style:normal;border-top-left-radius:5px;border-top-right-radius:5px;border-bottom-right-radius:5px;border-bottom-left-radius:5px;}.wp-block-kadence-advancedheading.kt-adv-heading6815_284966-ad mark.kt-highlight, .wp-block-kadence-advancedheading.kt-adv-heading6815_284966-ad[data-kb-block=\"kb-adv-heading6815_284966-ad\"] mark.kt-highlight{font-style:normal;color:#f76a0c;-webkit-box-decoration-break:clone;box-decoration-break:clone;padding-top:0px;padding-right:0px;padding-bottom:0px;padding-left:0px;}.wp-block-kadence-advancedheading.kt-adv-heading6815_284966-ad img.kb-inline-image, .wp-block-kadence-advancedheading.kt-adv-heading6815_284966-ad[data-kb-block=\"kb-adv-heading6815_284966-ad\"] img.kb-inline-image{width:150px;vertical-align:baseline;}<\/style>\n<h3 class=\"kt-adv-heading6815_284966-ad wp-block-kadence-advancedheading has-theme-palette-6-background-color has-background\" data-kb-block=\"kb-adv-heading6815_284966-ad\"><a href=\"https:\/\/spilerdug.dk\/wp-content\/uploads\/2022\/02\/spilerdug-nyhedsbrev-september-2021-1.html\"><strong>Nyhedsbrev september 2021<\/strong><\/a><\/h3>\n\n\n<style>.wp-block-kadence-advancedheading.kt-adv-heading6815_b104ba-c1, .wp-block-kadence-advancedheading.kt-adv-heading6815_b104ba-c1[data-kb-block=\"kb-adv-heading6815_b104ba-c1\"]{font-size:var(--global-kb-font-size-md, 1.25rem);font-style:normal;border-top-left-radius:5px;border-top-right-radius:5px;border-bottom-right-radius:5px;border-bottom-left-radius:5px;}.wp-block-kadence-advancedheading.kt-adv-heading6815_b104ba-c1 mark.kt-highlight, .wp-block-kadence-advancedheading.kt-adv-heading6815_b104ba-c1[data-kb-block=\"kb-adv-heading6815_b104ba-c1\"] mark.kt-highlight{font-style:normal;color:#f76a0c;-webkit-box-decoration-break:clone;box-decoration-break:clone;padding-top:0px;padding-right:0px;padding-bottom:0px;padding-left:0px;}.wp-block-kadence-advancedheading.kt-adv-heading6815_b104ba-c1 img.kb-inline-image, .wp-block-kadence-advancedheading.kt-adv-heading6815_b104ba-c1[data-kb-block=\"kb-adv-heading6815_b104ba-c1\"] img.kb-inline-image{width:150px;vertical-align:baseline;}<\/style>\n<h3 class=\"kt-adv-heading6815_b104ba-c1 wp-block-kadence-advancedheading has-theme-palette-6-background-color has-background\" data-kb-block=\"kb-adv-heading6815_b104ba-c1\"><a href=\"https:\/\/spilerdug.dk\/wp-content\/uploads\/2022\/02\/spilerdug-nyhedsbrev-februar-2021-1.html\"><strong>Nyhedsbrev februar 2021<\/strong><\/a><\/h3>\n\n\n<style>.wp-block-kadence-advancedheading.kt-adv-heading6815_0d2f87-33, .wp-block-kadence-advancedheading.kt-adv-heading6815_0d2f87-33[data-kb-block=\"kb-adv-heading6815_0d2f87-33\"]{font-size:var(--global-kb-font-size-md, 1.25rem);font-style:normal;border-top-left-radius:5px;border-top-right-radius:5px;border-bottom-right-radius:5px;border-bottom-left-radius:5px;}.wp-block-kadence-advancedheading.kt-adv-heading6815_0d2f87-33 mark.kt-highlight, .wp-block-kadence-advancedheading.kt-adv-heading6815_0d2f87-33[data-kb-block=\"kb-adv-heading6815_0d2f87-33\"] mark.kt-highlight{font-style:normal;color:#f76a0c;-webkit-box-decoration-break:clone;box-decoration-break:clone;padding-top:0px;padding-right:0px;padding-bottom:0px;padding-left:0px;}.wp-block-kadence-advancedheading.kt-adv-heading6815_0d2f87-33 img.kb-inline-image, .wp-block-kadence-advancedheading.kt-adv-heading6815_0d2f87-33[data-kb-block=\"kb-adv-heading6815_0d2f87-33\"] img.kb-inline-image{width:150px;vertical-align:baseline;}<\/style>\n<h3 class=\"kt-adv-heading6815_0d2f87-33 wp-block-kadence-advancedheading has-theme-palette-6-background-color has-background\" data-kb-block=\"kb-adv-heading6815_0d2f87-33\"><a href=\"https:\/\/spilerdug.dk\/wp-content\/uploads\/2022\/02\/spilerdug-nyhedsbrev-august-2020-1.html\"><strong>Nyhedsbrev august 2020<\/strong><\/a><\/h3>\n\n\n<style>.wp-block-kadence-advancedheading.kt-adv-heading6815_f66461-b3, .wp-block-kadence-advancedheading.kt-adv-heading6815_f66461-b3[data-kb-block=\"kb-adv-heading6815_f66461-b3\"]{font-size:var(--global-kb-font-size-md, 1.25rem);font-style:normal;border-top-left-radius:5px;border-top-right-radius:5px;border-bottom-right-radius:5px;border-bottom-left-radius:5px;}.wp-block-kadence-advancedheading.kt-adv-heading6815_f66461-b3 mark.kt-highlight, .wp-block-kadence-advancedheading.kt-adv-heading6815_f66461-b3[data-kb-block=\"kb-adv-heading6815_f66461-b3\"] mark.kt-highlight{font-style:normal;color:#f76a0c;-webkit-box-decoration-break:clone;box-decoration-break:clone;padding-top:0px;padding-right:0px;padding-bottom:0px;padding-left:0px;}.wp-block-kadence-advancedheading.kt-adv-heading6815_f66461-b3 img.kb-inline-image, .wp-block-kadence-advancedheading.kt-adv-heading6815_f66461-b3[data-kb-block=\"kb-adv-heading6815_f66461-b3\"] img.kb-inline-image{width:150px;vertical-align:baseline;}<\/style>\n<h3 class=\"kt-adv-heading6815_f66461-b3 wp-block-kadence-advancedheading has-theme-palette-6-background-color has-background\" data-kb-block=\"kb-adv-heading6815_f66461-b3\"><a href=\"https:\/\/spilerdug.dk\/wp-content\/uploads\/2022\/02\/spilerdug-nyhedsbrev-marts-2020.html\"><strong>Nyhedsbrev marts 2020<\/strong><\/a><\/h3>\n<\/div><\/div>\n\n<\/div><\/div>","protected":false},"excerpt":{"rendered":"<p>Med vores nyhedsbreve vil du v\u00e6re p\u00e5 forkant med udviklingen og f\u00e5 den nyeste viden om hvad vi kan tilbyde af kurser, men ogs\u00e5 hvordan du bliver bedre til at bruge F\u00e5 tilsendt vores nyhedsbrev, der udkommer 2-3 gange om \u00e5ret. Hvis du ikke kan vente p\u00e5 det,&nbsp;s\u00e5 f\u00f8lg os p\u00e5 Facebook, hvor der kommer&#8230;<\/p>","protected":false},"author":24,"featured_media":0,"parent":978,"menu_order":0,"comment_status":"closed","ping_status":"closed","template":"","meta":{"_acf_changed":false,"inline_featured_image":false,"_kad_blocks_custom_css":"","_kad_blocks_head_custom_js":"","_kad_blocks_body_custom_js":"","_kad_blocks_footer_custom_js":"","_kad_post_transparent":"","_kad_post_title":"","_kad_post_layout":"","_kad_post_sidebar_id":"","_kad_post_content_style":"","_kad_post_vertical_padding":"","_kad_post_feature":"","_kad_post_feature_position":"","_kad_post_header":false,"_kad_post_footer":false,"_kad_post_classname":"","footnotes":""},"class_list":["post-6815","page","type-page","status-publish","hentry"],"acf":[],"taxonomy_info":[],"featured_image_src_large":false,"author_info":{"display_name":"Nanna Westby","author_link":"https:\/\/spilerdug.dk\/sv\/author\/nanna\/"},"comment_info":0,"_links":{"self":[{"href":"https:\/\/spilerdug.dk\/sv\/wp-json\/wp\/v2\/pages\/6815","targetHints":{"allow":["GET"]}}],"collection":[{"href":"https:\/\/spilerdug.dk\/sv\/wp-json\/wp\/v2\/pages"}],"about":[{"href":"https:\/\/spilerdug.dk\/sv\/wp-json\/wp\/v2\/types\/page"}],"author":[{"embeddable":true,"href":"https:\/\/spilerdug.dk\/sv\/wp-json\/wp\/v2\/users\/24"}],"replies":[{"embeddable":true,"href":"https:\/\/spilerdug.dk\/sv\/wp-json\/wp\/v2\/comments?post=6815"}],"version-history":[{"count":23,"href":"https:\/\/spilerdug.dk\/sv\/wp-json\/wp\/v2\/pages\/6815\/revisions"}],"predecessor-version":[{"id":12442,"href":"https:\/\/spilerdug.dk\/sv\/wp-json\/wp\/v2\/pages\/6815\/revisions\/12442"}],"up":[{"embeddable":true,"href":"https:\/\/spilerdug.dk\/sv\/wp-json\/wp\/v2\/pages\/978"}],"wp:attachment":[{"href":"https:\/\/spilerdug.dk\/sv\/wp-json\/wp\/v2\/media?parent=6815"}],"curies":[{"name":"wp","href":"https:\/\/api.w.org\/{rel}","templated":true}]}}