{"id":8693,"date":"2023-05-22T12:07:52","date_gmt":"2023-05-22T10:07:52","guid":{"rendered":"https:\/\/spilerdug.dk.web05.webtohosting.dk\/?page_id=8693"},"modified":"2025-09-15T14:26:17","modified_gmt":"2025-09-15T12:26:17","slug":"forflytningsvejlederuddannelse-for-medarbejdere-i-guldborgsund-kommune","status":"publish","type":"page","link":"https:\/\/spilerdug.dk\/sv\/undervisning\/efteruddannelser\/forflytningsvejlederuddannelse-for-medarbejdere-i-guldborgsund-kommune\/","title":{"rendered":"Forflytningsvejlederuddannelse for medarbejdere i Guldborgsund Kommune"},"content":{"rendered":"<style>.kb-row-layout-id8693_58b937-35 > .kt-row-column-wrap{align-content:start;}:where(.kb-row-layout-id8693_58b937-35 > .kt-row-column-wrap) > .wp-block-kadence-column{justify-content:start;}.kb-row-layout-id8693_58b937-35 > .kt-row-column-wrap{column-gap:var(--global-kb-gap-lg, 4rem);row-gap:var(--global-kb-gap-lg, 4rem);max-width:var( --global-content-width, 1400px );padding-left:var(--global-content-edge-padding);padding-right:var(--global-content-edge-padding);padding-top:var(--global-kb-spacing-3xl, 6.5rem);padding-bottom:var(--global-kb-spacing-3xl, 6.5rem);grid-template-columns:repeat(2, minmax(0, 1fr));}.kb-row-layout-id8693_58b937-35 > .kt-row-layout-overlay{opacity:0.30;}@media all and (max-width: 1024px){.kb-row-layout-id8693_58b937-35 > .kt-row-column-wrap{padding-top:var(--global-kb-spacing-xxl, 5rem);padding-bottom:var(--global-kb-spacing-xxl, 5rem);grid-template-columns:repeat(2, minmax(0, 1fr));}}@media all and (max-width: 767px){.kb-row-layout-id8693_58b937-35 > .kt-row-column-wrap{padding-top:var(--global-kb-spacing-lg, 3rem);padding-bottom:var(--global-kb-spacing-lg, 3rem);grid-template-columns:minmax(0, 1fr);}}<\/style><div class=\"kb-row-layout-wrap kb-row-layout-id8693_58b937-35 alignnone wp-block-kadence-rowlayout\"><div class=\"kt-row-column-wrap kt-has-2-columns kt-row-layout-equal kt-tab-layout-inherit kt-mobile-layout-row kt-row-valign-top kb-theme-content-width\">\n<style>.kadence-column8693_a153b1-22 > .kt-inside-inner-col,.kadence-column8693_a153b1-22 > .kt-inside-inner-col:before{border-top-left-radius:0px;border-top-right-radius:0px;border-bottom-right-radius:0px;border-bottom-left-radius:0px;}.kadence-column8693_a153b1-22 > .kt-inside-inner-col{column-gap:var(--global-kb-gap-sm, 1rem);}.kadence-column8693_a153b1-22 > .kt-inside-inner-col{flex-direction:column;}.kadence-column8693_a153b1-22 > .kt-inside-inner-col > .aligncenter{width:100%;}.kadence-column8693_a153b1-22 > .kt-inside-inner-col:before{opacity:0.3;}.kadence-column8693_a153b1-22{position:relative;}@media all and (max-width: 1024px){.kadence-column8693_a153b1-22 > .kt-inside-inner-col{flex-direction:column;justify-content:center;}}@media all and (max-width: 767px){.kadence-column8693_a153b1-22 > .kt-inside-inner-col{flex-direction:column;justify-content:center;}}<\/style>\n<div class=\"wp-block-kadence-column kadence-column8693_a153b1-22\"><div class=\"kt-inside-inner-col\"><style>.kadence-column8693_e4a168-a9 > .kt-inside-inner-col,.kadence-column8693_e4a168-a9 > .kt-inside-inner-col:before{border-top-left-radius:0px;border-top-right-radius:0px;border-bottom-right-radius:0px;border-bottom-left-radius:0px;}.kadence-column8693_e4a168-a9 > .kt-inside-inner-col{column-gap:var(--global-kb-gap-sm, 1rem);}.kadence-column8693_e4a168-a9 > .kt-inside-inner-col{flex-direction:column;}.kadence-column8693_e4a168-a9 > .kt-inside-inner-col > .aligncenter{width:100%;}.kadence-column8693_e4a168-a9 > .kt-inside-inner-col:before{opacity:0.3;}.kadence-column8693_e4a168-a9{position:relative;}@media all and (max-width: 1024px){.kadence-column8693_e4a168-a9 > .kt-inside-inner-col{flex-direction:column;justify-content:center;}}@media all and (max-width: 767px){.kadence-column8693_e4a168-a9 > .kt-inside-inner-col{flex-direction:column;justify-content:center;}}<\/style>\n<div class=\"wp-block-kadence-column kadence-column8693_e4a168-a9\"><div class=\"kt-inside-inner-col\">\n<h2 class=\"wp-block-heading\">Har du en forflytningsvejleder i hjertet?<\/h2>\n\n\n\n<p><br>Vores forflytningsvejlederuddannelse giver medarbejdere muligheden for at arbejde med de grundl\u00e6ggende principper indenfor forflytning.<br><\/p>\n\n\n\n<p>Forflytningsvejledereuddannelsen hos Spilerdug ApS er en grunduddannelse som er modulopbygget i 3 moduler alt i alt 6 dage. Imellem modulerne vil kursisterne f\u00e5 hjemmeopgaver, hvor de skal blive klogere p\u00e5, hvordan deres lokale forflytningsorganisation er opbygget. Desuden skal kursisten finde en case med en konkret forflytningsproblematik, som der bliver arbejdet med p\u00e5 sidste modul.<\/p>\n\n\n\n<h4 class=\"wp-block-heading\"><strong>De grundl\u00e6ggende vigtige metoder inden for forflytningsteknik<\/strong><\/h4>\n\n\n\n<p>Vi arbejder med analyse af det naturlige bev\u00e6gem\u00f8nster samt analysering af arbejdsteknik. Vi arbejder meget med case-baserede \u00f8velser i forhold til konkrete forflytninger, men ogs\u00e5 med kursisten i rollen som formidler, observat\u00f8r og instrukt\u00f8r. Gennem faglig sparring, gruppearbejde og refleksion over egen praksis introduceres kursisten til risikovurdering, lovgivning og det videre arbejde med forflytningskultur i egen organisation.<\/p>\n\n\n<style>.wp-block-kadence-advancedheading.kt-adv-heading8693_f5d6c7-34, .wp-block-kadence-advancedheading.kt-adv-heading8693_f5d6c7-34[data-kb-block=\"kb-adv-heading8693_f5d6c7-34\"]{font-style:normal;}.wp-block-kadence-advancedheading.kt-adv-heading8693_f5d6c7-34 mark.kt-highlight, .wp-block-kadence-advancedheading.kt-adv-heading8693_f5d6c7-34[data-kb-block=\"kb-adv-heading8693_f5d6c7-34\"] mark.kt-highlight{font-style:normal;color:#f76a0c;-webkit-box-decoration-break:clone;box-decoration-break:clone;padding-top:0px;padding-right:0px;padding-bottom:0px;padding-left:0px;}.wp-block-kadence-advancedheading.kt-adv-heading8693_f5d6c7-34 img.kb-inline-image, .wp-block-kadence-advancedheading.kt-adv-heading8693_f5d6c7-34[data-kb-block=\"kb-adv-heading8693_f5d6c7-34\"] img.kb-inline-image{width:150px;vertical-align:baseline;}<\/style>\n<h4 class=\"kt-adv-heading8693_f5d6c7-34 wp-block-kadence-advancedheading\" data-kb-block=\"kb-adv-heading8693_f5d6c7-34\"><strong>M\u00e5lgruppe: <\/strong><\/h4>\n\n\n\n<ul class=\"wp-block-list\">\n<li>Medarbejdere, der skal fungere som forflytningsvejledere.<\/li>\n<\/ul>\n\n\n<style>.wp-block-kadence-advancedheading.kt-adv-heading8693_4b8466-ac, .wp-block-kadence-advancedheading.kt-adv-heading8693_4b8466-ac[data-kb-block=\"kb-adv-heading8693_4b8466-ac\"]{font-style:normal;}.wp-block-kadence-advancedheading.kt-adv-heading8693_4b8466-ac mark.kt-highlight, .wp-block-kadence-advancedheading.kt-adv-heading8693_4b8466-ac[data-kb-block=\"kb-adv-heading8693_4b8466-ac\"] mark.kt-highlight{font-style:normal;color:#f76a0c;-webkit-box-decoration-break:clone;box-decoration-break:clone;padding-top:0px;padding-right:0px;padding-bottom:0px;padding-left:0px;}.wp-block-kadence-advancedheading.kt-adv-heading8693_4b8466-ac img.kb-inline-image, .wp-block-kadence-advancedheading.kt-adv-heading8693_4b8466-ac[data-kb-block=\"kb-adv-heading8693_4b8466-ac\"] img.kb-inline-image{width:150px;vertical-align:baseline;}<\/style>\n<h4 class=\"kt-adv-heading8693_4b8466-ac wp-block-kadence-advancedheading\" data-kb-block=\"kb-adv-heading8693_4b8466-ac\"><strong>En uddannelse med fokus p\u00e5:<\/strong><\/h4>\n\n\n\n<ul class=\"wp-block-list\">\n<li>At arbejde med de grundl\u00e6ggende principper indenfor forflytning og forflytningsteknik bl.a. analyse af det naturlige bev\u00e6gem\u00f8nster samt analyse af arbejdsteknik.<\/li>\n\n\n\n<li>Risikovurdering, lovgivning og det videre arbejde med forflytningskultur i egen organisation.<\/li>\n\n\n\n<li>Case-baserede \u00f8velser i forhold til konkrete forflytninger, men ogs\u00e5 med kursisten i rollen som formidler, observat\u00f8r og instrukt\u00f8r.<\/li>\n\n\n\n<li>Faglig sparring, gruppearbejde og refleksion over egen praksis<\/li>\n<\/ul>\n\n\n<style>.wp-block-kadence-advancedheading.kt-adv-heading8693_0a3ffc-f8, .wp-block-kadence-advancedheading.kt-adv-heading8693_0a3ffc-f8[data-kb-block=\"kb-adv-heading8693_0a3ffc-f8\"]{font-style:normal;}.wp-block-kadence-advancedheading.kt-adv-heading8693_0a3ffc-f8 mark.kt-highlight, .wp-block-kadence-advancedheading.kt-adv-heading8693_0a3ffc-f8[data-kb-block=\"kb-adv-heading8693_0a3ffc-f8\"] mark.kt-highlight{font-style:normal;color:#f76a0c;-webkit-box-decoration-break:clone;box-decoration-break:clone;padding-top:0px;padding-right:0px;padding-bottom:0px;padding-left:0px;}.wp-block-kadence-advancedheading.kt-adv-heading8693_0a3ffc-f8 img.kb-inline-image, .wp-block-kadence-advancedheading.kt-adv-heading8693_0a3ffc-f8[data-kb-block=\"kb-adv-heading8693_0a3ffc-f8\"] img.kb-inline-image{width:150px;vertical-align:baseline;}<\/style>\n<h4 class=\"kt-adv-heading8693_0a3ffc-f8 wp-block-kadence-advancedheading\" data-kb-block=\"kb-adv-heading8693_0a3ffc-f8\"><strong>Efter endt uddannelse kan forflytningsvejlederen:<\/strong><\/h4>\n\n\n\n<ul class=\"wp-block-list\">\n<li>Analysere bev\u00e6gem\u00f8nstre og ressourcer hos borgeren.<\/li>\n\n\n\n<li>Analysere arbejdsbev\u00e6gelser hos kollegaer.<\/li>\n\n\n\n<li>Risikovurdere en forflytning.<\/li>\n\n\n\n<li>Matche borgers funktionsniveau med hj\u00e6lpemiddel og forflytningsmetode.<\/li>\n\n\n\n<li>Vejlede og formidle viden til kollegaer<\/li>\n<\/ul>\n\n\n<style>.wp-block-kadence-advancedheading.kt-adv-heading8693_d2a312-94, .wp-block-kadence-advancedheading.kt-adv-heading8693_d2a312-94[data-kb-block=\"kb-adv-heading8693_d2a312-94\"]{font-style:normal;}.wp-block-kadence-advancedheading.kt-adv-heading8693_d2a312-94 mark.kt-highlight, .wp-block-kadence-advancedheading.kt-adv-heading8693_d2a312-94[data-kb-block=\"kb-adv-heading8693_d2a312-94\"] mark.kt-highlight{font-style:normal;color:#f76a0c;-webkit-box-decoration-break:clone;box-decoration-break:clone;padding-top:0px;padding-right:0px;padding-bottom:0px;padding-left:0px;}.wp-block-kadence-advancedheading.kt-adv-heading8693_d2a312-94 img.kb-inline-image, .wp-block-kadence-advancedheading.kt-adv-heading8693_d2a312-94[data-kb-block=\"kb-adv-heading8693_d2a312-94\"] img.kb-inline-image{width:150px;vertical-align:baseline;}<\/style>\n<h4 class=\"kt-adv-heading8693_d2a312-94 wp-block-kadence-advancedheading\" data-kb-block=\"kb-adv-heading8693_d2a312-94\"><strong>Desuden vil forflytningsvejlederen:<\/strong><\/h4>\n\n\n\n<ul class=\"wp-block-list\">\n<li>Kende til steder hvor yderligere viden p\u00e5 forflytningsomr\u00e5det kan hentes.<\/li>\n\n\n\n<li>Have kendskab til et udvalg af forflytningshj\u00e6lpemidler.<\/li>\n\n\n\n<li>Kende til lovgivning p\u00e5 forflytningsomr\u00e5det.<\/li>\n<\/ul>\n\n\n\n<h4 class=\"wp-block-heading\"><strong>Underviser:<\/strong><\/h4>\n\n\n\n<p>Undervisningen varetages af erfarne terapeuter, med stor undervisningserfaring indenfor forflytningsomr\u00e5det samt i brugen af Spilerdug. <\/p>\n\n\n<style>.wp-block-kadence-advancedheading.kt-adv-heading8693_aaded0-2a, .wp-block-kadence-advancedheading.kt-adv-heading8693_aaded0-2a[data-kb-block=\"kb-adv-heading8693_aaded0-2a\"]{font-style:normal;}.wp-block-kadence-advancedheading.kt-adv-heading8693_aaded0-2a mark.kt-highlight, .wp-block-kadence-advancedheading.kt-adv-heading8693_aaded0-2a[data-kb-block=\"kb-adv-heading8693_aaded0-2a\"] mark.kt-highlight{font-style:normal;color:#f76a0c;-webkit-box-decoration-break:clone;box-decoration-break:clone;padding-top:0px;padding-right:0px;padding-bottom:0px;padding-left:0px;}.wp-block-kadence-advancedheading.kt-adv-heading8693_aaded0-2a img.kb-inline-image, .wp-block-kadence-advancedheading.kt-adv-heading8693_aaded0-2a[data-kb-block=\"kb-adv-heading8693_aaded0-2a\"] img.kb-inline-image{width:150px;vertical-align:baseline;}<\/style>\n<h4 class=\"kt-adv-heading8693_aaded0-2a wp-block-kadence-advancedheading\" data-kb-block=\"kb-adv-heading8693_aaded0-2a\"><strong>Kursusbevis: <\/strong><\/h4>\n\n\n\n<p>Efter endt uddannelsen uddeles der kursusbevis til forflytningsvejlederen, hvis personen har deltaget i minimum 5 dage. Alts\u00e5 det er tilladt kun at have 1 dags frav\u00e6r fra hele forflytningsvejlederuddannelsen. <\/p>\n\n\n\n<h4 class=\"wp-block-heading\"><strong>Dato og sted for uddannelsen :<\/strong><\/h4>\n\n\n\n<p>Se \u201cKommende begivenheder\u201d i under tilmelding til uddannelsen.<\/p>\n\n\n\n<h3 class=\"wp-block-heading\"><strong>Tidligere deltagere har udtalt:&nbsp;<\/strong><\/h3>\n\n\n\n<p><em>\u201dJeg er bedre rustet til at: risikovurdere, give feedback, opdatere viden via hjemmesider og finde inspiration til hj\u00e6lpemidler\u201d<\/em><\/p>\n\n\n\n<p><em>\u201dDet har v\u00e6ret en god mulighed for faglig sparring, da der har v\u00e6ret et godt niveau. L\u00e6ngden og tidspunktet har v\u00e6ret godt. Tak for en god varieret forflytningsvejlederuddannelse. Godt samarbejde mellem underviserne\u201d<\/em><\/p>\n\n\n\n<p><em>&#8220;Noget af det vigtigste jeg tager med fra uddannelsen, var at \u00f8ve mig i at formidle den viden jeg har f\u00e5et mig, nu f\u00f8ler jeg mig kl\u00e6dt p\u00e5 og klar til at komme tilbage til mine kolleger og dele alt det jeg har l\u00e6rt&#8221;<\/em><\/p>\n\n\n\n<p><em>&#8220;Jeg f\u00f8ler mig parat til mit ansvar som forflytningsvejleder&#8221;<\/em><\/p>\n\n\n\n<p><em>\u201dSuper god forflytningsvejlederuddannelse med nogle gode l\u00e6rere. Godt flow, god energi, gode rammer og godt hum\u00f8r. Dejlig afslappende atmosf\u00e6re.\u201d<\/em><\/p>\n<\/div><\/div>\n<\/div><\/div>\n\n\n<style>.kadence-column8693_693e8f-93 > .kt-inside-inner-col,.kadence-column8693_693e8f-93 > .kt-inside-inner-col:before{border-top-left-radius:0px;border-top-right-radius:0px;border-bottom-right-radius:0px;border-bottom-left-radius:0px;}.kadence-column8693_693e8f-93 > .kt-inside-inner-col{column-gap:var(--global-kb-gap-sm, 1rem);}.kadence-column8693_693e8f-93 > .kt-inside-inner-col{flex-direction:column;}.kadence-column8693_693e8f-93 > .kt-inside-inner-col > .aligncenter{width:100%;}.kadence-column8693_693e8f-93 > .kt-inside-inner-col:before{opacity:0.3;}.kadence-column8693_693e8f-93{position:relative;}@media all and (max-width: 1024px){.kadence-column8693_693e8f-93 > .kt-inside-inner-col{flex-direction:column;justify-content:center;}}@media all and (max-width: 767px){.kadence-column8693_693e8f-93 > .kt-inside-inner-col{flex-direction:column;justify-content:center;}}<\/style>\n<div class=\"wp-block-kadence-column kadence-column8693_693e8f-93\"><div class=\"kt-inside-inner-col\"><style>.kb-image8693_f743bc-ce .kb-image-has-overlay:after{opacity:0.3;}<\/style>\n<figure class=\"wp-block-kadence-image kb-image8693_f743bc-ce size-large\"><img loading=\"lazy\" decoding=\"async\" width=\"1024\" height=\"768\" src=\"https:\/\/spilerdug.dk\/wp-content\/uploads\/2024\/12\/IMG_0743-1024x768.jpg\" alt=\"\" class=\"kb-img wp-image-11698\" title=\"\" srcset=\"https:\/\/spilerdug.dk\/wp-content\/uploads\/2024\/12\/IMG_0743-1024x768.jpg 1024w, https:\/\/spilerdug.dk\/wp-content\/uploads\/2024\/12\/IMG_0743-300x225.jpg 300w, https:\/\/spilerdug.dk\/wp-content\/uploads\/2024\/12\/IMG_0743-768x576.jpg 768w, https:\/\/spilerdug.dk\/wp-content\/uploads\/2024\/12\/IMG_0743-1536x1152.jpg 1536w, https:\/\/spilerdug.dk\/wp-content\/uploads\/2024\/12\/IMG_0743-2048x1536.jpg 2048w, https:\/\/spilerdug.dk\/wp-content\/uploads\/2024\/12\/IMG_0743-16x12.jpg 16w, https:\/\/spilerdug.dk\/wp-content\/uploads\/2024\/12\/IMG_0743-600x450.jpg 600w\" sizes=\"auto, (max-width: 1024px) 100vw, 1024px\" \/><\/figure>\n\n\n\n                <div class='gf_browser_gecko gform_wrapper' id='gform_wrapper_44' ><form method='post' enctype='multipart\/form-data'  id='gform_44'  action='\/sv\/wp-json\/wp\/v2\/pages\/8693'>\n                        <div class='gform_heading'>\n                            <h3 class='gform_title'>Tilmelding forflytningsvejlederuddannelsen Guldborgsund<\/h3>\n                            <span class='gform_description'><\/span>\n                        <\/div>\n                        <div class='gform_body'><ul id='gform_fields_44' class='gform_fields top_label form_sublabel_below description_below'><li id='field_44_1'  class='gfield gfield_contains_required field_sublabel_below field_description_below gfield_visibility_visible' ><label class='gfield_label' for='input_44_1' >Kommende begivenheder<span class='gfield_required'>*<\/span><\/label><div class='ginput_container ginput_container_select'><select name='input_1' id='input_44_1' class='large gfield_select'   aria-required=\"true\" aria-invalid=\"false\"><option value='12+13. november &amp; 26+27. november &amp; 9+10. december 2025 fra kl. 08.30-15.30' >12+13. november &amp; 26+27. november &amp; 9+10. december 2025 fra kl. 08.30-15.30<\/option><\/select><\/div><\/li><li id='field_44_6'  class='gfield gfield_contains_required field_sublabel_below field_description_below gfield_visibility_visible' ><label class='gfield_label' for='input_44_6' >Navn<span class='gfield_required'>*<\/span><\/label><div class='ginput_container ginput_container_text'><input name='input_6' id='input_44_6' type='text' value='' class='large'     aria-required=\"true\" aria-invalid=\"false\" \/><\/div><\/li><li id='field_44_9'  class='gfield gfield_contains_required field_sublabel_below field_description_below gfield_visibility_visible' ><label class='gfield_label' for='input_44_9' >E-mail<span class='gfield_required'>*<\/span><\/label><div class='ginput_container ginput_container_email'>\n                            <input name='input_9' id='input_44_9' type='text' value='' class='large'    aria-required=\"true\" aria-invalid=\"false\" \/>\n                        <\/div><\/li><li id='field_44_8'  class='gfield gfield_contains_required field_sublabel_below field_description_below gfield_visibility_visible' ><label class='gfield_label' for='input_44_8' >Telefon<span class='gfield_required'>*<\/span><\/label><div class='ginput_container ginput_container_phone'><input name='input_8' id='input_44_8' type='text' value='' class='large'   aria-required=\"true\" aria-invalid=\"false\"  \/><\/div><\/li><li id='field_44_19'  class='gfield gfield_contains_required field_sublabel_below field_description_below gfield_visibility_visible' ><label class='gfield_label' for='input_44_19' >Arbejdspladsens navn samt evt. afdeling<span class='gfield_required'>*<\/span><\/label><div class='ginput_container ginput_container_text'><input name='input_19' id='input_44_19' type='text' value='' class='large'     aria-required=\"true\" aria-invalid=\"false\" \/><\/div><\/li><li id='field_44_7'  class='gfield gfield_contains_required field_sublabel_below field_description_below gfield_visibility_visible' ><label class='gfield_label gfield_label_before_complex'  >Arbejdspladsens adresse<span class='gfield_required'>*<\/span><\/label>    \n                    <div class='ginput_complex ginput_container has_street has_city has_state has_zip ginput_container_address' id='input_44_7' >\n                         <span class='ginput_full address_line_1' id='input_44_7_1_container' >\n                                        <input type='text' name='input_7.1' id='input_44_7_1' value=''    aria-required=\"true\"\/>\n                                        <label for='input_44_7_1' id='input_44_7_1_label' >Adresse<\/label>\n                                    <\/span><span class='ginput_left address_city' id='input_44_7_3_container' >\n                                    <input type='text' name='input_7.3' id='input_44_7_3' value=''    aria-required=\"true\"\/>\n                                    <label for='input_44_7_3' id='input_44_7_3_label' >By<\/label>\n                                 <\/span><span class='ginput_right address_state' id='input_44_7_4_container' >\n                                        <input type='text' name='input_7.4' id='input_44_7_4' value=''      aria-required=\"true\"\/>\n                                        <label for='input_44_7_4' id='input_44_7_4_label' >Kommune eller region<\/label>\n                                      <\/span><span class='ginput_left address_zip' id='input_44_7_5_container' >\n                                    <input type='text' name='input_7.5' id='input_44_7_5' value=''    aria-required=\"true\"\/>\n                                    <label for='input_44_7_5' id='input_44_7_5_label' >Postnr.<\/label>\n                                <\/span><input type='hidden' class='gform_hidden' name='input_7.6' id='input_44_7_6' value='Danmark'\/>\n                    <div class='gf_clear gf_clear_complex'><\/div>\n                <\/div><\/li><li id='field_44_16'  class='gfield gfield_contains_required field_sublabel_below field_description_below gfield_visibility_visible' ><label class='gfield_label'  >Kursusbetingelser<span class='gfield_required'>*<\/span><\/label><div class='ginput_container ginput_container_checkbox'><ul class='gfield_checkbox' id='input_44_16'><li class='gchoice_44_16_1'>\n\t\t\t\t\t\t\t\t<input name='input_16.1' type='checkbox'  value='Jeg accepterer'  id='choice_44_16_1'   \/>\n\t\t\t\t\t\t\t\t<label for='choice_44_16_1' id='label_44_16_1'>Jeg accepterer<\/label>\n\t\t\t\t\t\t\t<\/li><\/ul><\/div><div class='gfield_description' id='gfield_description_44_16'>Som deltager p\u00e5 kurset, accepterer du at modtage vores nyhedsbrev samt at eventuelle videos\/fotos fra kurset, hvor du kan optr\u00e6de, kan anvendes af Spilerdug Aps, p\u00e5 hjemmeside, sociale medier, i undervisningsmateriale og vejledninger<\/div><\/li>\n                            <\/ul><\/div>\n        <div class='gform_footer top_label'> <input type='submit' id='gform_submit_button_44' class='gform_button button' value='Send'  onclick='if(window[\"gf_submitting_44\"]){return false;}  window[\"gf_submitting_44\"]=true;  ' onkeypress='if( event.keyCode == 13 ){ if(window[\"gf_submitting_44\"]){return false;} window[\"gf_submitting_44\"]=true;  jQuery(\"#gform_44\").trigger(\"submit\",[true]); }' \/> \n            <input type='hidden' class='gform_hidden' name='is_submit_44' value='1' \/>\n            <input type='hidden' class='gform_hidden' name='gform_submit' value='44' \/>\n            \n            <input type='hidden' class='gform_hidden' name='gform_unique_id' value='' \/>\n            <input type='hidden' class='gform_hidden' name='state_44' value='WyJbXSIsIjgzOTEzYzEwNjk5ZmQxZmI5MTRmYzM1YjA1ZDEwNzU2Il0=' \/>\n            <input type='hidden' class='gform_hidden' name='gform_target_page_number_44' id='gform_target_page_number_44' value='0' \/>\n            <input type='hidden' class='gform_hidden' name='gform_source_page_number_44' id='gform_source_page_number_44' value='1' \/>\n            <input type='hidden' name='gform_field_values' value='' \/>\n            \n        <\/div>\n                        <\/form>\n                        <\/div><script type='text\/javascript'> jQuery(document).bind('gform_post_render', function(event, formId, currentPage){if(formId == 44) {} } );jQuery(document).bind('gform_post_conditional_logic', function(event, formId, fields, isInit){} );<\/script><script type='text\/javascript'> jQuery(document).ready(function(){jQuery(document).trigger('gform_post_render', [44, 1]) } ); <\/script>\n<\/div><\/div>\n\n<\/div><\/div>","protected":false},"excerpt":{"rendered":"<p>Har du en forflytningsvejleder i hjertet? Vores forflytningsvejlederuddannelse giver medarbejdere muligheden for at arbejde med de grundl\u00e6ggende principper indenfor forflytning. Forflytningsvejledereuddannelsen hos Spilerdug ApS er en grunduddannelse som er modulopbygget i 3 moduler alt i alt 6 dage. Imellem modulerne vil kursisterne f\u00e5 hjemmeopgaver, hvor de skal blive klogere p\u00e5, hvordan deres lokale forflytningsorganisation er&#8230;<\/p>","protected":false},"author":24,"featured_media":0,"parent":8682,"menu_order":0,"comment_status":"closed","ping_status":"closed","template":"","meta":{"_acf_changed":false,"inline_featured_image":false,"_kad_blocks_custom_css":"","_kad_blocks_head_custom_js":"","_kad_blocks_body_custom_js":"","_kad_blocks_footer_custom_js":"","_kad_post_transparent":"","_kad_post_title":"","_kad_post_layout":"","_kad_post_sidebar_id":"","_kad_post_content_style":"","_kad_post_vertical_padding":"","_kad_post_feature":"","_kad_post_feature_position":"","_kad_post_header":false,"_kad_post_footer":false,"_kad_post_classname":"","footnotes":""},"class_list":["post-8693","page","type-page","status-publish","hentry"],"acf":[],"taxonomy_info":[],"featured_image_src_large":false,"author_info":{"display_name":"Nanna Westby","author_link":"https:\/\/spilerdug.dk\/sv\/author\/nanna\/"},"comment_info":0,"_links":{"self":[{"href":"https:\/\/spilerdug.dk\/sv\/wp-json\/wp\/v2\/pages\/8693","targetHints":{"allow":["GET"]}}],"collection":[{"href":"https:\/\/spilerdug.dk\/sv\/wp-json\/wp\/v2\/pages"}],"about":[{"href":"https:\/\/spilerdug.dk\/sv\/wp-json\/wp\/v2\/types\/page"}],"author":[{"embeddable":true,"href":"https:\/\/spilerdug.dk\/sv\/wp-json\/wp\/v2\/users\/24"}],"replies":[{"embeddable":true,"href":"https:\/\/spilerdug.dk\/sv\/wp-json\/wp\/v2\/comments?post=8693"}],"version-history":[{"count":10,"href":"https:\/\/spilerdug.dk\/sv\/wp-json\/wp\/v2\/pages\/8693\/revisions"}],"predecessor-version":[{"id":12451,"href":"https:\/\/spilerdug.dk\/sv\/wp-json\/wp\/v2\/pages\/8693\/revisions\/12451"}],"up":[{"embeddable":true,"href":"https:\/\/spilerdug.dk\/sv\/wp-json\/wp\/v2\/pages\/8682"}],"wp:attachment":[{"href":"https:\/\/spilerdug.dk\/sv\/wp-json\/wp\/v2\/media?parent=8693"}],"curies":[{"name":"wp","href":"https:\/\/api.w.org\/{rel}","templated":true}]}}