{"id":8697,"date":"2023-05-22T12:20:34","date_gmt":"2023-05-22T10:20:34","guid":{"rendered":"https:\/\/spilerdug.dk.web05.webtohosting.dk\/?page_id=8697"},"modified":"2024-12-06T12:25:47","modified_gmt":"2024-12-06T11:25:47","slug":"spiler-og-spilerdug","status":"publish","type":"page","link":"https:\/\/spilerdug.dk\/sv\/undervisning\/efteruddannelser\/spiler-og-spilerdug\/","title":{"rendered":"Spiler+ og Spilerdug"},"content":{"rendered":"<style>.kb-row-layout-id8697_302c93-77 > .kt-row-column-wrap{align-content:start;}:where(.kb-row-layout-id8697_302c93-77 > .kt-row-column-wrap) > .wp-block-kadence-column{justify-content:start;}.kb-row-layout-id8697_302c93-77 > .kt-row-column-wrap{column-gap:var(--global-kb-gap-lg, 4rem);row-gap:var(--global-kb-gap-lg, 4rem);max-width:var( --global-content-width, 1400px );padding-left:var(--global-content-edge-padding);padding-right:var(--global-content-edge-padding);padding-top:var(--global-kb-spacing-3xl, 6.5rem);padding-bottom:var(--global-kb-spacing-3xl, 6.5rem);grid-template-columns:repeat(2, minmax(0, 1fr));}.kb-row-layout-id8697_302c93-77 > .kt-row-layout-overlay{opacity:0.30;}@media all and (max-width: 1024px){.kb-row-layout-id8697_302c93-77 > .kt-row-column-wrap{padding-top:var(--global-kb-spacing-xxl, 5rem);padding-bottom:var(--global-kb-spacing-xxl, 5rem);grid-template-columns:repeat(2, minmax(0, 1fr));}}@media all and (max-width: 767px){.kb-row-layout-id8697_302c93-77 > .kt-row-column-wrap{padding-top:var(--global-kb-spacing-lg, 3rem);padding-bottom:var(--global-kb-spacing-lg, 3rem);grid-template-columns:minmax(0, 1fr);}}<\/style><div class=\"kb-row-layout-wrap kb-row-layout-id8697_302c93-77 alignnone wp-block-kadence-rowlayout\"><div class=\"kt-row-column-wrap kt-has-2-columns kt-row-layout-equal kt-tab-layout-inherit kt-mobile-layout-row kt-row-valign-top kb-theme-content-width\">\n<style>.kadence-column8697_7a7eb7-95 > .kt-inside-inner-col,.kadence-column8697_7a7eb7-95 > .kt-inside-inner-col:before{border-top-left-radius:0px;border-top-right-radius:0px;border-bottom-right-radius:0px;border-bottom-left-radius:0px;}.kadence-column8697_7a7eb7-95 > .kt-inside-inner-col{column-gap:var(--global-kb-gap-sm, 1rem);}.kadence-column8697_7a7eb7-95 > .kt-inside-inner-col{flex-direction:column;}.kadence-column8697_7a7eb7-95 > .kt-inside-inner-col > .aligncenter{width:100%;}.kadence-column8697_7a7eb7-95 > .kt-inside-inner-col:before{opacity:0.3;}.kadence-column8697_7a7eb7-95{position:relative;}@media all and (max-width: 1024px){.kadence-column8697_7a7eb7-95 > .kt-inside-inner-col{flex-direction:column;justify-content:center;}}@media all and (max-width: 767px){.kadence-column8697_7a7eb7-95 > .kt-inside-inner-col{flex-direction:column;justify-content:center;}}<\/style>\n<div class=\"wp-block-kadence-column kadence-column8697_7a7eb7-95\"><div class=\"kt-inside-inner-col\">\n<p>Spiler+ er det enkle vendesystem som anvendes sammen med Spilerdug n\u00e5r det er hensigtsm\u00e6ssigt at lade loftliften g\u00f8re arbejdet. Spiler+ er s\u00e6rlig velegnet at anvende hos personer med svingende funktionsniveau, Spiler+ giver tryghed i forflytning fx ved personer med demens.<\/p>\n\n\n\n<p>Ved at udnytte loftliften og placere l\u00f8fte\u00e5get p\u00e5 stropperne langs siderne p\u00e5 Spiler+ kan du let placere og fjerne Spilerdug, forflytte h\u00f8jere op i seng, vende til nedre hygiejne, placere sejl, positionere med mere.<br>Du anvender Spilerdug i kombination med Spiler+ og har altid et optimalt glid i alle retninger.<br><br>Efteruddannelsesdagen vil best\u00e5 af praktiske \u00f8velser af alle ovenst\u00e5ende forflytninger i plejesenge med brug af Spiler+, Spilerdug og loftlift. Derved f\u00e5r du \u00f8vet h\u00e5ndelaget i brug af Spiler+ og er klar til at implementere Spiler+ p\u00e5 din arbejdsplads.<\/p>\n\n\n\n<p><strong>Varighed: <\/strong>6,5\u00a0timer<\/p>\n\n\n\n<p><strong>Sted:&nbsp;<\/strong>Forskellige steder p\u00e5 Sj\u00e6lland, Fyn &amp; Jylland \u2013<em> se under kommende begivenheder under tilmeldingsblanket.<\/em><\/p>\n\n\n\n<p><strong>Forplejning:&nbsp;<\/strong>Der vil v\u00e6re vand, kaffe og te.<\/p>\n\n\n\n<p><strong>Pris:<\/strong><\/p>\n\n\n\n<ul class=\"wp-block-list\">\n<li>1390,-&nbsp; ex. moms pr. deltagere, dog&nbsp;<strong>gratis<\/strong>&nbsp;for samhandelsaftalekunder. (Kontakt os&nbsp;<a href=\"https:\/\/spilerdug.dk\/forsiden\/om-os\/medarbejderne\/\">her<\/a>&nbsp;for at h\u00f8re, om i har en samhandelsaftale)<\/li>\n<\/ul>\n\n\n\n<p>Der er begr\u00e6nset antal pladser derfor er der f\u00f8rst til m\u00f8lle princip, men mulighed for at komme p\u00e5 venteliste.<\/p>\n\n\n\n<p><strong>Undervisere:<\/strong><\/p>\n\n\n\n<ul class=\"wp-block-list\">\n<li>Maja Tvarn\u00f8, ergoterapeut og konsulent hos Spilerdug ApS.<\/li>\n\n\n\n<li>Nanna Westby, fysioterapeut og konsulent hos Spilerdug ApS.<\/li>\n\n\n\n<li>Lene Tranberg Juul, fysioterapeut og konsulent hos Spilerdug ApS.<\/li>\n<\/ul>\n\n\n<style>.kb-image8697_c49de2-74 .kb-image-has-overlay:after{opacity:0.3;}<\/style>\n<figure class=\"wp-block-kadence-image kb-image8697_c49de2-74 size-large\"><img loading=\"lazy\" decoding=\"async\" width=\"1024\" height=\"576\" src=\"https:\/\/spilerdug.dk\/wp-content\/uploads\/2024\/12\/Spiler-1024x576.png\" alt=\"\" class=\"kb-img wp-image-11637\" title=\"\" srcset=\"https:\/\/spilerdug.dk\/wp-content\/uploads\/2024\/12\/Spiler-1024x576.png 1024w, https:\/\/spilerdug.dk\/wp-content\/uploads\/2024\/12\/Spiler-300x169.png 300w, https:\/\/spilerdug.dk\/wp-content\/uploads\/2024\/12\/Spiler-768x432.png 768w, https:\/\/spilerdug.dk\/wp-content\/uploads\/2024\/12\/Spiler-1536x864.png 1536w, https:\/\/spilerdug.dk\/wp-content\/uploads\/2024\/12\/Spiler-18x10.png 18w, https:\/\/spilerdug.dk\/wp-content\/uploads\/2024\/12\/Spiler-600x338.png 600w, https:\/\/spilerdug.dk\/wp-content\/uploads\/2024\/12\/Spiler.png 1920w\" sizes=\"auto, (max-width: 1024px) 100vw, 1024px\" \/><\/figure>\n<\/div><\/div>\n\n\n<style>.kadence-column8697_8d006b-2e > .kt-inside-inner-col,.kadence-column8697_8d006b-2e > .kt-inside-inner-col:before{border-top-left-radius:0px;border-top-right-radius:0px;border-bottom-right-radius:0px;border-bottom-left-radius:0px;}.kadence-column8697_8d006b-2e > .kt-inside-inner-col{column-gap:var(--global-kb-gap-sm, 1rem);}.kadence-column8697_8d006b-2e > .kt-inside-inner-col{flex-direction:column;}.kadence-column8697_8d006b-2e > .kt-inside-inner-col > .aligncenter{width:100%;}.kadence-column8697_8d006b-2e > .kt-inside-inner-col:before{opacity:0.3;}.kadence-column8697_8d006b-2e{position:relative;}@media all and (max-width: 1024px){.kadence-column8697_8d006b-2e > .kt-inside-inner-col{flex-direction:column;justify-content:center;}}@media all and (max-width: 767px){.kadence-column8697_8d006b-2e > .kt-inside-inner-col{flex-direction:column;justify-content:center;}}<\/style>\n<div class=\"wp-block-kadence-column kadence-column8697_8d006b-2e\"><div class=\"kt-inside-inner-col\">\n                <div class='gf_browser_gecko gform_wrapper' id='gform_wrapper_43' ><form method='post' enctype='multipart\/form-data'  id='gform_43'  action='\/sv\/wp-json\/wp\/v2\/pages\/8697'>\n                        <div class='gform_heading'>\n                            <h3 class='gform_title'>Tilmelding Spiler+ og Spilerdug<\/h3>\n                            <span class='gform_description'><\/span>\n                        <\/div>\n                        <div class='gform_body'><ul id='gform_fields_43' class='gform_fields top_label form_sublabel_below description_below'><li id='field_43_1'  class='gfield gfield_contains_required field_sublabel_below field_description_below gfield_visibility_visible' ><label class='gfield_label' for='input_43_1' >Kommende begivenheder<span class='gfield_required'>*<\/span><\/label><div class='ginput_container ginput_container_select'><select name='input_1' id='input_43_1' class='large gfield_select'   aria-required=\"true\" aria-invalid=\"false\"><option value='' ><\/option><\/select><\/div><\/li><li id='field_43_6'  class='gfield gfield_contains_required field_sublabel_below field_description_below gfield_visibility_visible' ><label class='gfield_label' for='input_43_6' >Navn<span class='gfield_required'>*<\/span><\/label><div class='ginput_container ginput_container_text'><input name='input_6' id='input_43_6' type='text' value='' class='large'     aria-required=\"true\" aria-invalid=\"false\" \/><\/div><\/li><li id='field_43_9'  class='gfield gfield_contains_required field_sublabel_below field_description_below gfield_visibility_visible' ><label class='gfield_label' for='input_43_9' >E-mail<span class='gfield_required'>*<\/span><\/label><div class='ginput_container ginput_container_email'>\n                            <input name='input_9' id='input_43_9' type='text' value='' class='large'    aria-required=\"true\" aria-invalid=\"false\" \/>\n                        <\/div><\/li><li id='field_43_8'  class='gfield gfield_contains_required field_sublabel_below field_description_below gfield_visibility_visible' ><label class='gfield_label' for='input_43_8' >Telefon<span class='gfield_required'>*<\/span><\/label><div class='ginput_container ginput_container_phone'><input name='input_8' id='input_43_8' type='text' value='' class='large'   aria-required=\"true\" aria-invalid=\"false\"  \/><\/div><\/li><li id='field_43_19'  class='gfield gfield_contains_required field_sublabel_below field_description_below gfield_visibility_visible' ><label class='gfield_label' for='input_43_19' >Arbejdspladsens navn samt evt. afdeling<span class='gfield_required'>*<\/span><\/label><div class='ginput_container ginput_container_text'><input name='input_19' id='input_43_19' type='text' value='' class='large'     aria-required=\"true\" aria-invalid=\"false\" \/><\/div><\/li><li id='field_43_7'  class='gfield gfield_contains_required field_sublabel_below field_description_below gfield_visibility_visible' ><label class='gfield_label gfield_label_before_complex'  >Arbejdspladsens adresse<span class='gfield_required'>*<\/span><\/label>    \n                    <div class='ginput_complex ginput_container has_street has_city has_state has_zip ginput_container_address' id='input_43_7' >\n                         <span class='ginput_full address_line_1' id='input_43_7_1_container' >\n                                        <input type='text' name='input_7.1' id='input_43_7_1' value=''    aria-required=\"true\"\/>\n                                        <label for='input_43_7_1' id='input_43_7_1_label' >Adresse<\/label>\n                                    <\/span><span class='ginput_left address_city' id='input_43_7_3_container' >\n                                    <input type='text' name='input_7.3' id='input_43_7_3' value=''    aria-required=\"true\"\/>\n                                    <label for='input_43_7_3' id='input_43_7_3_label' >By<\/label>\n                                 <\/span><span class='ginput_right address_state' id='input_43_7_4_container' >\n                                        <input type='text' name='input_7.4' id='input_43_7_4' value=''      aria-required=\"true\"\/>\n                                        <label for='input_43_7_4' id='input_43_7_4_label' >Kommune eller Region<\/label>\n                                      <\/span><span class='ginput_left address_zip' id='input_43_7_5_container' >\n                                    <input type='text' name='input_7.5' id='input_43_7_5' value=''    aria-required=\"true\"\/>\n                                    <label for='input_43_7_5' id='input_43_7_5_label' >Postnr.<\/label>\n                                <\/span><input type='hidden' class='gform_hidden' name='input_7.6' id='input_43_7_6' value='Danmark'\/>\n                    <div class='gf_clear gf_clear_complex'><\/div>\n                <\/div><\/li><li id='field_43_20'  class='gfield gf_left_half gfield_contains_required field_sublabel_below field_description_below gfield_visibility_visible' ><label class='gfield_label' for='input_43_20' >EAN-\/CVR-nummer<span class='gfield_required'>*<\/span><\/label><div class='ginput_container ginput_container_text'><input name='input_20' id='input_43_20' type='text' value='' class='medium'  aria-describedby=\"gfield_description_43_20\"   aria-required=\"true\" aria-invalid=\"false\" \/><\/div><div class='gfield_description' id='gfield_description_43_20'>Efter kursustilmeldingen vil du modtage en faktura, hvis din arbejdsplads IKKE har en samhandelsaftale med os.\nDet er vigtigt, at du udfylder EAN-\/CVR-nummer, hvis din arbejdsgiver betaler for dig.<\/div><\/li><li id='field_43_16'  class='gfield gfield_contains_required field_sublabel_below field_description_below gfield_visibility_visible' ><label class='gfield_label'  >Kursusbetingelser<span class='gfield_required'>*<\/span><\/label><div class='ginput_container ginput_container_checkbox'><ul class='gfield_checkbox' id='input_43_16'><li class='gchoice_43_16_1'>\n\t\t\t\t\t\t\t\t<input name='input_16.1' type='checkbox'  value='Jeg accepterer'  id='choice_43_16_1'   \/>\n\t\t\t\t\t\t\t\t<label for='choice_43_16_1' id='label_43_16_1'>Jeg accepterer<\/label>\n\t\t\t\t\t\t\t<\/li><\/ul><\/div><div class='gfield_description' id='gfield_description_43_16'>Som deltager p\u00e5 kurset, accepterer du at modtage vores nyhedsbrev samt at eventuelle videos\/fotos fra kurset, hvor du kan optr\u00e6de, kan anvendes af Spilerdug Aps, p\u00e5 hjemmeside, sociale medier, i undervisningsmateriale og vejledninger<\/div><\/li>\n                            <\/ul><\/div>\n        <div class='gform_footer top_label'> <input type='submit' id='gform_submit_button_43' class='gform_button button' value='Send'  onclick='if(window[\"gf_submitting_43\"]){return false;}  window[\"gf_submitting_43\"]=true;  ' onkeypress='if( event.keyCode == 13 ){ if(window[\"gf_submitting_43\"]){return false;} window[\"gf_submitting_43\"]=true;  jQuery(\"#gform_43\").trigger(\"submit\",[true]); }' \/> \n            <input type='hidden' class='gform_hidden' name='is_submit_43' value='1' \/>\n            <input type='hidden' class='gform_hidden' name='gform_submit' value='43' \/>\n            \n            <input type='hidden' class='gform_hidden' name='gform_unique_id' value='' \/>\n            <input type='hidden' class='gform_hidden' name='state_43' value='WyJbXSIsIjgzOTEzYzEwNjk5ZmQxZmI5MTRmYzM1YjA1ZDEwNzU2Il0=' \/>\n            <input type='hidden' class='gform_hidden' name='gform_target_page_number_43' id='gform_target_page_number_43' value='0' \/>\n            <input type='hidden' class='gform_hidden' name='gform_source_page_number_43' id='gform_source_page_number_43' value='1' \/>\n            <input type='hidden' name='gform_field_values' value='' \/>\n            \n        <\/div>\n                        <\/form>\n                        <\/div><script type='text\/javascript'> jQuery(document).bind('gform_post_render', function(event, formId, currentPage){if(formId == 43) {} } );jQuery(document).bind('gform_post_conditional_logic', function(event, formId, fields, isInit){} );<\/script><script type='text\/javascript'> jQuery(document).ready(function(){jQuery(document).trigger('gform_post_render', [43, 1]) } ); <\/script>\n<\/div><\/div>\n\n<\/div><\/div>","protected":false},"excerpt":{"rendered":"<p>Spiler+ er det enkle vendesystem som anvendes sammen med Spilerdug n\u00e5r det er hensigtsm\u00e6ssigt at lade loftliften g\u00f8re arbejdet. Spiler+ er s\u00e6rlig velegnet at anvende hos personer med svingende funktionsniveau, Spiler+ giver tryghed i forflytning fx ved personer med demens. Ved at udnytte loftliften og placere l\u00f8fte\u00e5get p\u00e5 stropperne langs siderne p\u00e5 Spiler+ kan du&#8230;<\/p>","protected":false},"author":24,"featured_media":0,"parent":8682,"menu_order":0,"comment_status":"closed","ping_status":"closed","template":"","meta":{"_acf_changed":false,"inline_featured_image":false,"_kad_blocks_custom_css":"","_kad_blocks_head_custom_js":"","_kad_blocks_body_custom_js":"","_kad_blocks_footer_custom_js":"","_kad_post_transparent":"","_kad_post_title":"","_kad_post_layout":"","_kad_post_sidebar_id":"","_kad_post_content_style":"","_kad_post_vertical_padding":"","_kad_post_feature":"","_kad_post_feature_position":"","_kad_post_header":false,"_kad_post_footer":false,"_kad_post_classname":"","footnotes":""},"class_list":["post-8697","page","type-page","status-publish","hentry"],"acf":[],"taxonomy_info":[],"featured_image_src_large":false,"author_info":{"display_name":"Nanna Westby","author_link":"https:\/\/spilerdug.dk\/sv\/author\/nanna\/"},"comment_info":0,"_links":{"self":[{"href":"https:\/\/spilerdug.dk\/sv\/wp-json\/wp\/v2\/pages\/8697","targetHints":{"allow":["GET"]}}],"collection":[{"href":"https:\/\/spilerdug.dk\/sv\/wp-json\/wp\/v2\/pages"}],"about":[{"href":"https:\/\/spilerdug.dk\/sv\/wp-json\/wp\/v2\/types\/page"}],"author":[{"embeddable":true,"href":"https:\/\/spilerdug.dk\/sv\/wp-json\/wp\/v2\/users\/24"}],"replies":[{"embeddable":true,"href":"https:\/\/spilerdug.dk\/sv\/wp-json\/wp\/v2\/comments?post=8697"}],"version-history":[{"count":7,"href":"https:\/\/spilerdug.dk\/sv\/wp-json\/wp\/v2\/pages\/8697\/revisions"}],"predecessor-version":[{"id":11638,"href":"https:\/\/spilerdug.dk\/sv\/wp-json\/wp\/v2\/pages\/8697\/revisions\/11638"}],"up":[{"embeddable":true,"href":"https:\/\/spilerdug.dk\/sv\/wp-json\/wp\/v2\/pages\/8682"}],"wp:attachment":[{"href":"https:\/\/spilerdug.dk\/sv\/wp-json\/wp\/v2\/media?parent=8697"}],"curies":[{"name":"wp","href":"https:\/\/api.w.org\/{rel}","templated":true}]}}