{"id":8698,"date":"2023-05-22T12:23:51","date_gmt":"2023-05-22T10:23:51","guid":{"rendered":"https:\/\/spilerdug.dk.web05.webtohosting.dk\/?page_id=8698"},"modified":"2026-01-08T11:39:11","modified_gmt":"2026-01-08T10:39:11","slug":"spilerdug-undervisere","status":"publish","type":"page","link":"https:\/\/spilerdug.dk\/sv\/undervisning\/efteruddannelser\/spilerdug-undervisere\/","title":{"rendered":"Spilerdug &amp; Underviser"},"content":{"rendered":"\n<h1 class=\"wp-block-heading\"><\/h1>\n\n\n<style>.kb-row-layout-id8698_9d75e2-92 > .kt-row-column-wrap{align-content:start;}:where(.kb-row-layout-id8698_9d75e2-92 > .kt-row-column-wrap) > .wp-block-kadence-column{justify-content:start;}.kb-row-layout-id8698_9d75e2-92 > .kt-row-column-wrap{column-gap:var(--global-kb-gap-lg, 4rem);row-gap:var(--global-kb-gap-lg, 4rem);max-width:var( --global-content-width, 1400px );padding-left:var(--global-content-edge-padding);padding-right:var(--global-content-edge-padding);padding-top:var(--global-kb-spacing-sm, 1.5rem);padding-bottom:var(--global-kb-spacing-3xl, 6.5rem);grid-template-columns:repeat(2, minmax(0, 1fr));}.kb-row-layout-id8698_9d75e2-92 > .kt-row-layout-overlay{opacity:0.30;}@media all and (max-width: 1024px){.kb-row-layout-id8698_9d75e2-92 > .kt-row-column-wrap{padding-top:var(--global-kb-spacing-xxl, 5rem);padding-bottom:var(--global-kb-spacing-xxl, 5rem);grid-template-columns:repeat(2, minmax(0, 1fr));}}@media all and (max-width: 767px){.kb-row-layout-id8698_9d75e2-92 > .kt-row-column-wrap{padding-top:var(--global-kb-spacing-lg, 3rem);padding-bottom:var(--global-kb-spacing-lg, 3rem);grid-template-columns:minmax(0, 1fr);}}<\/style><div class=\"kb-row-layout-wrap kb-row-layout-id8698_9d75e2-92 alignnone wp-block-kadence-rowlayout\"><div class=\"kt-row-column-wrap kt-has-2-columns kt-row-layout-equal kt-tab-layout-inherit kt-mobile-layout-row kt-row-valign-top kb-theme-content-width\">\n<style>.kadence-column8698_598459-90 > .kt-inside-inner-col,.kadence-column8698_598459-90 > .kt-inside-inner-col:before{border-top-left-radius:0px;border-top-right-radius:0px;border-bottom-right-radius:0px;border-bottom-left-radius:0px;}.kadence-column8698_598459-90 > .kt-inside-inner-col{column-gap:var(--global-kb-gap-sm, 1rem);}.kadence-column8698_598459-90 > .kt-inside-inner-col{flex-direction:column;}.kadence-column8698_598459-90 > .kt-inside-inner-col > .aligncenter{width:100%;}.kadence-column8698_598459-90 > .kt-inside-inner-col:before{opacity:0.3;}.kadence-column8698_598459-90{position:relative;}@media all and (max-width: 1024px){.kadence-column8698_598459-90 > .kt-inside-inner-col{flex-direction:column;justify-content:center;}}@media all and (max-width: 767px){.kadence-column8698_598459-90 > .kt-inside-inner-col{flex-direction:column;justify-content:center;}}<\/style>\n<div class=\"wp-block-kadence-column kadence-column8698_598459-90\"><div class=\"kt-inside-inner-col\">\n<p>Spilerdug tilbyder nu et kursus specifikt m\u00e5lrettet undervisere, der underviser andre i brugen af Spilerdug. Du kan v\u00e6re underviser p\u00e5 en Social- og sundhedsskole eller i AMU-regi. Du kan ogs\u00e5 have rollen som forflytningskoordinator eller forflytningsvejleder med ansvaret for at uddanne dine kolleger eller andre medarbejdere i at bruge Spilerdug i forflytnings- og omsorgsarbejdet.<\/p>\n\n\n\n<p>Kurset vil indeholde:<\/p>\n\n\n\n<ul class=\"wp-block-list\">\n<li>Grundl\u00e6ggende viden om principper og teknikker i arbejdet med Spilerdug.<\/li>\n\n\n\n<li>Introduktion til de nyeste udviklede Spilerdug metoder.<\/li>\n\n\n\n<li>Praktisk arbejde med Spilerdug og forflytning, ud fra praktiske \u00f8velser i plejeseng og i k\u00f8restol.<\/li>\n\n\n\n<li>Praktisk arbejde med Spilerdug og p\u00e5kl\u00e6dning, ud fra praktiske \u00f8velser i plejeseng og k\u00f8restol.<\/li>\n<\/ul>\n\n\n\n<ul class=\"wp-block-list\">\n<li>To engagerede undervisere fra Spilerdug og rig mulighed for vejledning og support ift. h\u00e5ndv\u00e6rket \u201dat arbejde med Spilerdug\u201d.<\/li>\n\n\n\n<li>Mulighed for at \u00f8ve, vedligeholde og udvikle dine kompetencer i brugen af Spilerdug.<\/li>\n\n\n\n<li>Inspiration til din egen undervisning i Spilerdug.<\/li>\n\n\n\n<li>Sparring med de \u00f8vrige kursister og undervisere i Spilerdug.<\/li>\n<\/ul>\n\n\n\n<p><strong>Varighed: <\/strong>2 dage fra kl. 08.30-15.30<\/p>\n\n\n\n<p><strong>Sted:&nbsp;<\/strong>Forskellige steder p\u00e5 Sj\u00e6lland, Fyn &amp; Jylland \u2013<em> se under kommende begivenheder under tilmeldingsblanket.<\/em><\/p>\n\n\n\n<p><strong>Forplejning:&nbsp;<\/strong>Der vil v\u00e6re vand, kaffe og te.<\/p>\n\n\n\n<p><strong>Pris:<\/strong><\/p>\n\n\n\n<ul class=\"wp-block-list\">\n<li>1995,-&nbsp; ex. moms pr. deltagere.<\/li>\n<\/ul>\n\n\n\n<p>Kurset gennemf\u00f8res ved minimum 12 deltagere. Der er plads til max 20 deltagere<\/p>\n\n\n\n<p><strong>Undervisere:<\/strong><\/p>\n\n\n\n<ul class=\"wp-block-list\">\n<li>Maja Tvarn\u00f8, ergoterapeut og konsulent hos Spilerdug ApS.<\/li>\n\n\n\n<li>Lene Tranberg Juul, fysioterapeut og konsulent hos Spilerdug ApS.<\/li>\n<\/ul>\n\n\n<style>.kb-image8698_385e88-e1 .kb-image-has-overlay:after{opacity:0.3;}<\/style>\n<figure class=\"wp-block-kadence-image kb-image8698_385e88-e1 size-large\"><img loading=\"lazy\" decoding=\"async\" width=\"1024\" height=\"768\" src=\"https:\/\/spilerdug.dk\/wp-content\/uploads\/2024\/07\/IMG_0553-1024x768.jpg\" alt=\"\" class=\"kb-img wp-image-11305\" title=\"\" srcset=\"https:\/\/spilerdug.dk\/wp-content\/uploads\/2024\/07\/IMG_0553-1024x768.jpg 1024w, https:\/\/spilerdug.dk\/wp-content\/uploads\/2024\/07\/IMG_0553-300x225.jpg 300w, https:\/\/spilerdug.dk\/wp-content\/uploads\/2024\/07\/IMG_0553-768x576.jpg 768w, https:\/\/spilerdug.dk\/wp-content\/uploads\/2024\/07\/IMG_0553-1536x1152.jpg 1536w, https:\/\/spilerdug.dk\/wp-content\/uploads\/2024\/07\/IMG_0553-2048x1536.jpg 2048w, https:\/\/spilerdug.dk\/wp-content\/uploads\/2024\/07\/IMG_0553-600x450.jpg 600w\" sizes=\"auto, (max-width: 1024px) 100vw, 1024px\" \/><\/figure>\n<\/div><\/div>\n\n\n<style>.kadence-column8698_600703-22 > .kt-inside-inner-col,.kadence-column8698_600703-22 > .kt-inside-inner-col:before{border-top-left-radius:0px;border-top-right-radius:0px;border-bottom-right-radius:0px;border-bottom-left-radius:0px;}.kadence-column8698_600703-22 > .kt-inside-inner-col{column-gap:var(--global-kb-gap-sm, 1rem);}.kadence-column8698_600703-22 > .kt-inside-inner-col{flex-direction:column;}.kadence-column8698_600703-22 > .kt-inside-inner-col > .aligncenter{width:100%;}.kadence-column8698_600703-22 > .kt-inside-inner-col:before{opacity:0.3;}.kadence-column8698_600703-22{position:relative;}@media all and (max-width: 1024px){.kadence-column8698_600703-22 > .kt-inside-inner-col{flex-direction:column;justify-content:center;}}@media all and (max-width: 767px){.kadence-column8698_600703-22 > .kt-inside-inner-col{flex-direction:column;justify-content:center;}}<\/style>\n<div class=\"wp-block-kadence-column kadence-column8698_600703-22\"><div class=\"kt-inside-inner-col\">\n                <div class='gf_browser_gecko gform_wrapper' id='gform_wrapper_42' ><form method='post' enctype='multipart\/form-data'  id='gform_42'  action='\/sv\/wp-json\/wp\/v2\/pages\/8698'>\n                        <div class='gform_heading'>\n                            <h3 class='gform_title'>Tilmelding Spilerdug & Undervisere<\/h3>\n                            <span class='gform_description'><\/span>\n                        <\/div>\n                        <div class='gform_body'><ul id='gform_fields_42' class='gform_fields top_label form_sublabel_below description_below'><li id='field_42_1'  class='gfield gfield_contains_required field_sublabel_below field_description_below gfield_visibility_visible' ><label class='gfield_label' for='input_42_1' >Kommende begivenheder<span class='gfield_required'>*<\/span><\/label><div class='ginput_container ginput_container_select'><select name='input_1' id='input_42_1' class='large gfield_select'   aria-required=\"true\" aria-invalid=\"false\"><option value='' ><\/option><\/select><\/div><\/li><li id='field_42_6'  class='gfield gfield_contains_required field_sublabel_below field_description_below gfield_visibility_visible' ><label class='gfield_label' for='input_42_6' >Navn<span class='gfield_required'>*<\/span><\/label><div class='ginput_container ginput_container_text'><input name='input_6' id='input_42_6' type='text' value='' class='large'     aria-required=\"true\" aria-invalid=\"false\" \/><\/div><\/li><li id='field_42_9'  class='gfield gfield_contains_required field_sublabel_below field_description_below gfield_visibility_visible' ><label class='gfield_label' for='input_42_9' >E-mail<span class='gfield_required'>*<\/span><\/label><div class='ginput_container ginput_container_email'>\n                            <input name='input_9' id='input_42_9' type='text' value='' class='large'    aria-required=\"true\" aria-invalid=\"false\" \/>\n                        <\/div><\/li><li id='field_42_8'  class='gfield gfield_contains_required field_sublabel_below field_description_below gfield_visibility_visible' ><label class='gfield_label' for='input_42_8' >Telefon<span class='gfield_required'>*<\/span><\/label><div class='ginput_container ginput_container_phone'><input name='input_8' id='input_42_8' type='text' value='' class='large'   aria-required=\"true\" aria-invalid=\"false\"  \/><\/div><\/li><li id='field_42_19'  class='gfield gfield_contains_required field_sublabel_below field_description_below gfield_visibility_visible' ><label class='gfield_label' for='input_42_19' >Arbejdspladsens navn samt evt. afdeling<span class='gfield_required'>*<\/span><\/label><div class='ginput_container ginput_container_text'><input name='input_19' id='input_42_19' type='text' value='' class='large'     aria-required=\"true\" aria-invalid=\"false\" \/><\/div><\/li><li id='field_42_7'  class='gfield gfield_contains_required field_sublabel_below field_description_below gfield_visibility_visible' ><label class='gfield_label gfield_label_before_complex'  >Arbejdspladsens adresse<span class='gfield_required'>*<\/span><\/label>    \n                    <div class='ginput_complex ginput_container has_street has_city has_state has_zip ginput_container_address' id='input_42_7' >\n                         <span class='ginput_full address_line_1' id='input_42_7_1_container' >\n                                        <input type='text' name='input_7.1' id='input_42_7_1' value=''    aria-required=\"true\"\/>\n                                        <label for='input_42_7_1' id='input_42_7_1_label' >Adresse<\/label>\n                                    <\/span><span class='ginput_left address_city' id='input_42_7_3_container' >\n                                    <input type='text' name='input_7.3' id='input_42_7_3' value=''    aria-required=\"true\"\/>\n                                    <label for='input_42_7_3' id='input_42_7_3_label' >By<\/label>\n                                 <\/span><span class='ginput_right address_state' id='input_42_7_4_container' >\n                                        <input type='text' name='input_7.4' id='input_42_7_4' value=''      aria-required=\"true\"\/>\n                                        <label for='input_42_7_4' id='input_42_7_4_label' >Kommune eller region<\/label>\n                                      <\/span><span class='ginput_left address_zip' id='input_42_7_5_container' >\n                                    <input type='text' name='input_7.5' id='input_42_7_5' value=''    aria-required=\"true\"\/>\n                                    <label for='input_42_7_5' id='input_42_7_5_label' >Postnr.<\/label>\n                                <\/span><input type='hidden' class='gform_hidden' name='input_7.6' id='input_42_7_6' value='Danmark'\/>\n                    <div class='gf_clear gf_clear_complex'><\/div>\n                <\/div><\/li><li id='field_42_20'  class='gfield gf_left_half gfield_contains_required field_sublabel_below field_description_below gfield_visibility_visible' ><label class='gfield_label' for='input_42_20' >EAN-\/CVR-nummer<span class='gfield_required'>*<\/span><\/label><div class='ginput_container ginput_container_text'><input name='input_20' id='input_42_20' type='text' value='' class='medium'  aria-describedby=\"gfield_description_42_20\"   aria-required=\"true\" aria-invalid=\"false\" \/><\/div><div class='gfield_description' id='gfield_description_42_20'>Efter kursustilmeldingen vil du modtage en faktura os.\nDet er vigtigt, at du udfylder EAN-\/CVR-nummer, hvis din arbejdsgiver betaler for dig.<\/div><\/li><li id='field_42_16'  class='gfield gfield_contains_required field_sublabel_below field_description_below gfield_visibility_visible' ><label class='gfield_label'  >Kursusbetingelser<span class='gfield_required'>*<\/span><\/label><div class='ginput_container ginput_container_checkbox'><ul class='gfield_checkbox' id='input_42_16'><li class='gchoice_42_16_1'>\n\t\t\t\t\t\t\t\t<input name='input_16.1' type='checkbox'  value='Jeg accepterer'  id='choice_42_16_1'   \/>\n\t\t\t\t\t\t\t\t<label for='choice_42_16_1' id='label_42_16_1'>Jeg accepterer<\/label>\n\t\t\t\t\t\t\t<\/li><\/ul><\/div><div class='gfield_description' id='gfield_description_42_16'>Som deltager p\u00e5 kurset, accepterer du at modtage vores nyhedsbrev samt at eventuelle videos\/fotos fra kurset, hvor du kan optr\u00e6de, kan anvendes af Spilerdug Aps, p\u00e5 hjemmeside, sociale medier, i undervisningsmateriale og vejledninger<\/div><\/li><li id='field_42_17'  class='gfield gfield_contains_required field_sublabel_below field_description_below gfield_visibility_visible' ><label class='gfield_label'  >Annullering af deltagelse<span class='gfield_required'>*<\/span><\/label><div class='ginput_container ginput_container_checkbox'><ul class='gfield_checkbox' id='input_42_17'><li class='gchoice_42_17_1'>\n\t\t\t\t\t\t\t\t<input name='input_17.1' type='checkbox'  value='Jeg accepterer'  id='choice_42_17_1'   \/>\n\t\t\t\t\t\t\t\t<label for='choice_42_17_1' id='label_42_17_1'>Jeg accepterer<\/label>\n\t\t\t\t\t\t\t<\/li><\/ul><\/div><div class='gfield_description' id='gfield_description_42_17'>Ved annullering 8-10 uger f\u00f8r afholdelse betales 25% af deltagergebyret.                                                                               \nVed annullering 4-8 uger f\u00f8r afholdelse \u2013 betales 50% af deltagergebyret.                                                                      \nVed annullering mindre end 4 uger f\u00f8r afholdelse \u2013 betales 100% af deltagergebyret.\n<\/div><\/li>\n                            <\/ul><\/div>\n        <div class='gform_footer top_label'> <input type='submit' id='gform_submit_button_42' class='gform_button button' value='Send'  onclick='if(window[\"gf_submitting_42\"]){return false;}  window[\"gf_submitting_42\"]=true;  ' onkeypress='if( event.keyCode == 13 ){ if(window[\"gf_submitting_42\"]){return false;} window[\"gf_submitting_42\"]=true;  jQuery(\"#gform_42\").trigger(\"submit\",[true]); }' \/> \n            <input type='hidden' class='gform_hidden' name='is_submit_42' value='1' \/>\n            <input type='hidden' class='gform_hidden' name='gform_submit' value='42' \/>\n            \n            <input type='hidden' class='gform_hidden' name='gform_unique_id' value='' \/>\n            <input type='hidden' class='gform_hidden' name='state_42' value='WyJbXSIsIjgzOTEzYzEwNjk5ZmQxZmI5MTRmYzM1YjA1ZDEwNzU2Il0=' \/>\n            <input type='hidden' class='gform_hidden' name='gform_target_page_number_42' id='gform_target_page_number_42' value='0' \/>\n            <input type='hidden' class='gform_hidden' name='gform_source_page_number_42' id='gform_source_page_number_42' value='1' \/>\n            <input type='hidden' name='gform_field_values' value='' \/>\n            \n        <\/div>\n                        <\/form>\n                        <\/div><script type='text\/javascript'> jQuery(document).bind('gform_post_render', function(event, formId, currentPage){if(formId == 42) {} } );jQuery(document).bind('gform_post_conditional_logic', function(event, formId, fields, isInit){} );<\/script><script type='text\/javascript'> jQuery(document).ready(function(){jQuery(document).trigger('gform_post_render', [42, 1]) } ); <\/script>\n<\/div><\/div>\n\n<\/div><\/div>","protected":false},"excerpt":{"rendered":"<p>Spilerdug tilbyder nu et kursus specifikt m\u00e5lrettet undervisere, der underviser andre i brugen af Spilerdug. Du kan v\u00e6re underviser p\u00e5 en Social- og sundhedsskole eller i AMU-regi. Du kan ogs\u00e5 have rollen som forflytningskoordinator eller forflytningsvejleder med ansvaret for at uddanne dine kolleger eller andre medarbejdere i at bruge Spilerdug i forflytnings- og omsorgsarbejdet. Kurset&#8230;<\/p>","protected":false},"author":24,"featured_media":0,"parent":8682,"menu_order":0,"comment_status":"closed","ping_status":"closed","template":"","meta":{"_acf_changed":false,"inline_featured_image":false,"_kad_blocks_custom_css":"","_kad_blocks_head_custom_js":"","_kad_blocks_body_custom_js":"","_kad_blocks_footer_custom_js":"","_kad_post_transparent":"","_kad_post_title":"","_kad_post_layout":"","_kad_post_sidebar_id":"","_kad_post_content_style":"","_kad_post_vertical_padding":"","_kad_post_feature":"","_kad_post_feature_position":"","_kad_post_header":false,"_kad_post_footer":false,"_kad_post_classname":"","footnotes":""},"class_list":["post-8698","page","type-page","status-publish","hentry"],"acf":[],"taxonomy_info":[],"featured_image_src_large":false,"author_info":{"display_name":"Nanna Westby","author_link":"https:\/\/spilerdug.dk\/sv\/author\/nanna\/"},"comment_info":0,"_links":{"self":[{"href":"https:\/\/spilerdug.dk\/sv\/wp-json\/wp\/v2\/pages\/8698","targetHints":{"allow":["GET"]}}],"collection":[{"href":"https:\/\/spilerdug.dk\/sv\/wp-json\/wp\/v2\/pages"}],"about":[{"href":"https:\/\/spilerdug.dk\/sv\/wp-json\/wp\/v2\/types\/page"}],"author":[{"embeddable":true,"href":"https:\/\/spilerdug.dk\/sv\/wp-json\/wp\/v2\/users\/24"}],"replies":[{"embeddable":true,"href":"https:\/\/spilerdug.dk\/sv\/wp-json\/wp\/v2\/comments?post=8698"}],"version-history":[{"count":9,"href":"https:\/\/spilerdug.dk\/sv\/wp-json\/wp\/v2\/pages\/8698\/revisions"}],"predecessor-version":[{"id":12532,"href":"https:\/\/spilerdug.dk\/sv\/wp-json\/wp\/v2\/pages\/8698\/revisions\/12532"}],"up":[{"embeddable":true,"href":"https:\/\/spilerdug.dk\/sv\/wp-json\/wp\/v2\/pages\/8682"}],"wp:attachment":[{"href":"https:\/\/spilerdug.dk\/sv\/wp-json\/wp\/v2\/media?parent=8698"}],"curies":[{"name":"wp","href":"https:\/\/api.w.org\/{rel}","templated":true}]}}