{"id":11149,"date":"2024-07-04T10:42:40","date_gmt":"2024-07-04T08:42:40","guid":{"rendered":"https:\/\/spilerdug.dk.web05.webtohosting.dk\/?post_type=product&#038;p=11149"},"modified":"2026-02-04T13:48:25","modified_gmt":"2026-02-04T12:48:25","slug":"spilerdug-i-rulle","status":"publish","type":"product","link":"https:\/\/spilerdug.dk\/sv\/produkt\/spilerdug-i-rulle\/","title":{"rendered":"Spilerdug i rullar"},"content":{"rendered":"","protected":false},"excerpt":{"rendered":"<p>Spilerdug \u00e4r ett glatt metertyg som s\u00e4ljs i 3 olika niv\u00e5er av flexibilitet: oelastisk, mellan och elastisk.<\/p>\n<p>Spilerdug \u00e4r ett hj\u00e4lpmedel f\u00f6r att minska friktion vid f\u00f6rflyttning av personer och i p\u00e5kl\u00e4dningssituationer. Vid anv\u00e4ndning f\u00f6rebygger du fysisk belastning och slitage p\u00e5 hj\u00e4lparen och friktionsskador hos personen du f\u00f6rflyttar. Spilerdug \u00e4r testad och godk\u00e4nd enligt det medicinska direktivet och \u00e4r \u00d6ko-Tex 100-certifierad enligt Teknologisk Instituts f\u00f6rordningar.<\/p>\n<p><a href=\"https:\/\/spilerdug.dk\/sv\/forsiden\/video-og-vejledninger\/\">Se mer under videor och v\u00e4gledningar<\/a><\/p>","protected":false},"featured_media":11187,"template":"","meta":{"_acf_changed":false,"inline_featured_image":false,"_kad_blocks_custom_css":"","_kad_blocks_head_custom_js":"","_kad_blocks_body_custom_js":"","_kad_blocks_footer_custom_js":"","_kad_post_transparent":"default","_kad_post_title":"","_kad_post_layout":"default","_kad_post_sidebar_id":"","_kad_post_content_style":"default","_kad_post_vertical_padding":"default","_kad_post_feature":"","_kad_post_feature_position":"","_kad_post_header":false,"_kad_post_footer":false,"_kad_post_classname":""},"product_brand":[],"product_cat":[43],"product_tag":[],"class_list":{"0":"post-11149","1":"product","2":"type-product","3":"status-publish","4":"has-post-thumbnail","6":"product_cat-spilerdug","8":"first","9":"instock","10":"taxable","11":"shipping-taxable","12":"purchasable","13":"product-type-variable","14":"entry","15":"content-bg","16":"loop-entry"},"acf":[],"taxonomy_info":{"product_cat":[{"value":43,"label":"Spilerdug"}]},"featured_image_src_large":["https:\/\/spilerdug.dk\/wp-content\/uploads\/2024\/07\/ruller_spilerdug-1024x1024.png",1024,1024,true],"author_info":[],"comment_info":"","_links":{"self":[{"href":"https:\/\/spilerdug.dk\/sv\/wp-json\/wp\/v2\/product\/11149","targetHints":{"allow":["GET"]}}],"collection":[{"href":"https:\/\/spilerdug.dk\/sv\/wp-json\/wp\/v2\/product"}],"about":[{"href":"https:\/\/spilerdug.dk\/sv\/wp-json\/wp\/v2\/types\/product"}],"wp:featuredmedia":[{"embeddable":true,"href":"https:\/\/spilerdug.dk\/sv\/wp-json\/wp\/v2\/media\/11187"}],"wp:attachment":[{"href":"https:\/\/spilerdug.dk\/sv\/wp-json\/wp\/v2\/media?parent=11149"}],"wp:term":[{"taxonomy":"product_brand","embeddable":true,"href":"https:\/\/spilerdug.dk\/sv\/wp-json\/wp\/v2\/product_brand?post=11149"},{"taxonomy":"product_cat","embeddable":true,"href":"https:\/\/spilerdug.dk\/sv\/wp-json\/wp\/v2\/product_cat?post=11149"},{"taxonomy":"product_tag","embeddable":true,"href":"https:\/\/spilerdug.dk\/sv\/wp-json\/wp\/v2\/product_tag?post=11149"}],"curies":[{"name":"wp","href":"https:\/\/api.w.org\/{rel}","templated":true}]}}