{"id":11221,"date":"2024-07-04T12:57:05","date_gmt":"2024-07-04T10:57:05","guid":{"rendered":"https:\/\/spilerdug.dk.web05.webtohosting.dk\/?post_type=product&#038;p=11221"},"modified":"2025-12-04T12:31:33","modified_gmt":"2025-12-04T11:31:33","slug":"ophaengsstativ-til-spilerdug","status":"publish","type":"product","link":"https:\/\/spilerdug.dk\/sv\/produkt\/ophaengsstativ-til-spilerdug\/","title":{"rendered":"Upph\u00e4ngningsstativ f\u00f6r Spilerdug"},"content":{"rendered":"","protected":false},"excerpt":{"rendered":"<p>Ett upph\u00e4ngningsstativ g\u00f6r det l\u00e4ttare att f\u00f6rvara Spilerdug samt klippa den \u00f6nskade l\u00e4ngden av rullen. D\u00e5 rullen h\u00e4nger fritt och duken h\u00e5lls p\u00e5 plats medverkar det ocks\u00e5 till f\u00f6rb\u00e4ttrad hygien vid hantering av Spilerdug, eftersom man enbart drar ut stycket som ska anv\u00e4ndas. Upph\u00e4ngningsstativet kan placeras b\u00e5de v\u00e5gr\u00e4tt och lodr\u00e4tt vilket ger stor flexibilitet.<\/p>","protected":false},"featured_media":11232,"template":"","meta":{"_acf_changed":false,"inline_featured_image":false,"_kad_blocks_custom_css":"","_kad_blocks_head_custom_js":"","_kad_blocks_body_custom_js":"","_kad_blocks_footer_custom_js":"","_kad_post_transparent":"default","_kad_post_title":"","_kad_post_layout":"default","_kad_post_sidebar_id":"","_kad_post_content_style":"default","_kad_post_vertical_padding":"default","_kad_post_feature":"","_kad_post_feature_position":"","_kad_post_header":false,"_kad_post_footer":false,"_kad_post_classname":""},"product_brand":[],"product_cat":[33],"product_tag":[],"class_list":{"0":"post-11221","1":"product","2":"type-product","3":"status-publish","4":"has-post-thumbnail","6":"product_cat-ophaengsstativer","8":"first","9":"instock","10":"taxable","11":"shipping-taxable","12":"purchasable","13":"product-type-variable","14":"entry","15":"content-bg","16":"loop-entry"},"acf":[],"taxonomy_info":{"product_cat":[{"value":33,"label":"Oph\u00e6ngsstativer"}]},"featured_image_src_large":["https:\/\/spilerdug.dk\/wp-content\/uploads\/2024\/07\/ophaengsstative.jpg",656,537,false],"author_info":[],"comment_info":"","_links":{"self":[{"href":"https:\/\/spilerdug.dk\/sv\/wp-json\/wp\/v2\/product\/11221","targetHints":{"allow":["GET"]}}],"collection":[{"href":"https:\/\/spilerdug.dk\/sv\/wp-json\/wp\/v2\/product"}],"about":[{"href":"https:\/\/spilerdug.dk\/sv\/wp-json\/wp\/v2\/types\/product"}],"wp:featuredmedia":[{"embeddable":true,"href":"https:\/\/spilerdug.dk\/sv\/wp-json\/wp\/v2\/media\/11232"}],"wp:attachment":[{"href":"https:\/\/spilerdug.dk\/sv\/wp-json\/wp\/v2\/media?parent=11221"}],"wp:term":[{"taxonomy":"product_brand","embeddable":true,"href":"https:\/\/spilerdug.dk\/sv\/wp-json\/wp\/v2\/product_brand?post=11221"},{"taxonomy":"product_cat","embeddable":true,"href":"https:\/\/spilerdug.dk\/sv\/wp-json\/wp\/v2\/product_cat?post=11221"},{"taxonomy":"product_tag","embeddable":true,"href":"https:\/\/spilerdug.dk\/sv\/wp-json\/wp\/v2\/product_tag?post=11221"}],"curies":[{"name":"wp","href":"https:\/\/api.w.org\/{rel}","templated":true}]}}