{"id":3875,"date":"2020-04-30T13:23:03","date_gmt":"2020-04-30T11:23:03","guid":{"rendered":"https:\/\/spilerdug.dk.web05.webtohosting.dk\/?post_type=product&#038;p=3875"},"modified":"2026-02-04T13:34:22","modified_gmt":"2026-02-04T12:34:22","slug":"spilerdug-enkeltstykke-roed","status":"publish","type":"product","link":"https:\/\/spilerdug.dk\/sv\/produkt\/spilerdug-enkeltstykke-roed\/","title":{"rendered":"R\u00f8d Spilerdug i enkeltstykke"},"content":{"rendered":"","protected":false},"excerpt":{"rendered":"<p>Rekommenderas f\u00f6r p\u00e5- och avkl\u00e4dning av kl\u00e4der, kompressionsstrumpor m.m., d\u00e5 den upplevs som mjuk mot huden, \u00e4ven n\u00e4r den \u00e4r under tryck. \u00c4r ljudl\u00f6s under anv\u00e4ndning vilket g\u00f6r att den kan vara det b\u00e4sta valet vid f\u00f6rflyttningar under terminalv\u00e5rd och v\u00e5rd av personer med demens, hj\u00e4rnskada samt personer d\u00e4r l\u00e5g ljudniv\u00e5 \u00e4r en f\u00f6rdel. Kan placeras direkt under personen eller under Spiler+ v\u00e4ndsystem.<\/p>\n<p><a href=\"https:\/\/spilerdug.dk\/sv\/forsiden\/video-og-vejledninger\/\">Se mer under videor och v\u00e4gledningar<\/a><\/p>","protected":false},"featured_media":10355,"template":"","meta":{"_acf_changed":false,"inline_featured_image":false,"_kad_blocks_custom_css":"","_kad_blocks_head_custom_js":"","_kad_blocks_body_custom_js":"","_kad_blocks_footer_custom_js":"","_kad_post_transparent":"default","_kad_post_title":"","_kad_post_layout":"default","_kad_post_sidebar_id":"","_kad_post_content_style":"default","_kad_post_vertical_padding":"default","_kad_post_feature":"","_kad_post_feature_position":"","_kad_post_header":false,"_kad_post_footer":false,"_kad_post_classname":""},"product_brand":[],"product_cat":[43,67,30],"product_tag":[],"class_list":{"0":"post-3875","1":"product","2":"type-product","3":"status-publish","4":"has-post-thumbnail","6":"product_cat-spilerdug","7":"product_cat-enkeltstykker","8":"product_cat-roed","10":"first","11":"instock","12":"taxable","13":"shipping-taxable","14":"purchasable","15":"product-type-variable","16":"entry","17":"content-bg","18":"loop-entry"},"acf":[],"taxonomy_info":{"product_cat":[{"value":43,"label":"Spilerdug"},{"value":67,"label":"Enkeltstykker"},{"value":30,"label":"R\u00f8d"}]},"featured_image_src_large":["https:\/\/spilerdug.dk\/wp-content\/uploads\/2020\/05\/Roed_enkel-2-2-1024x1024.jpg",1024,1024,true],"author_info":[],"comment_info":"","_links":{"self":[{"href":"https:\/\/spilerdug.dk\/sv\/wp-json\/wp\/v2\/product\/3875","targetHints":{"allow":["GET"]}}],"collection":[{"href":"https:\/\/spilerdug.dk\/sv\/wp-json\/wp\/v2\/product"}],"about":[{"href":"https:\/\/spilerdug.dk\/sv\/wp-json\/wp\/v2\/types\/product"}],"wp:featuredmedia":[{"embeddable":true,"href":"https:\/\/spilerdug.dk\/sv\/wp-json\/wp\/v2\/media\/10355"}],"wp:attachment":[{"href":"https:\/\/spilerdug.dk\/sv\/wp-json\/wp\/v2\/media?parent=3875"}],"wp:term":[{"taxonomy":"product_brand","embeddable":true,"href":"https:\/\/spilerdug.dk\/sv\/wp-json\/wp\/v2\/product_brand?post=3875"},{"taxonomy":"product_cat","embeddable":true,"href":"https:\/\/spilerdug.dk\/sv\/wp-json\/wp\/v2\/product_cat?post=3875"},{"taxonomy":"product_tag","embeddable":true,"href":"https:\/\/spilerdug.dk\/sv\/wp-json\/wp\/v2\/product_tag?post=3875"}],"curies":[{"name":"wp","href":"https:\/\/api.w.org\/{rel}","templated":true}]}}