{"id":3923,"date":"2020-05-01T20:44:43","date_gmt":"2020-05-01T18:44:43","guid":{"rendered":"https:\/\/spilerdug.dk.web05.webtohosting.dk\/?post_type=product&#038;p=3923"},"modified":"2026-02-04T13:58:28","modified_gmt":"2026-02-04T12:58:28","slug":"spilerdug-enkeltstykke-groen","status":"publish","type":"product","link":"https:\/\/spilerdug.dk\/sv\/produkt\/spilerdug-enkeltstykke-groen\/","title":{"rendered":"Gr\u00f8n Spilerdug i enkeltstykke"},"content":{"rendered":"","protected":false},"excerpt":{"rendered":"<p>Rekommenderas f\u00f6r alla f\u00f6rflyttningar av personer i s\u00e4ng, i rullstol, vid p\u00e5l\u00e4ggning och avtagning av lyftsegel m.m. Den har med andra ord det bredaste funktionsomr\u00e5det. Dessutom g\u00f6r den mindre ljud, eftersom den \u00e4r lite elastisk. Kan placeras direkt under personen eller under ett Spiler+ v\u00e4ndsystem och under Alseat.<\/p>\n<p><a href=\"https:\/\/spilerdug.dk\/sv\/forsiden\/video-og-vejledninger\/\">Se mer under videor och v\u00e4gledningar<\/a><\/p>","protected":false},"featured_media":10354,"template":"","meta":{"_acf_changed":false,"inline_featured_image":false,"_kad_blocks_custom_css":"","_kad_blocks_head_custom_js":"","_kad_blocks_body_custom_js":"","_kad_blocks_footer_custom_js":"","_kad_post_transparent":"default","_kad_post_title":"","_kad_post_layout":"default","_kad_post_sidebar_id":"","_kad_post_content_style":"default","_kad_post_vertical_padding":"default","_kad_post_feature":"","_kad_post_feature_position":"","_kad_post_header":false,"_kad_post_footer":false,"_kad_post_classname":""},"product_brand":[],"product_cat":[43,67,31],"product_tag":[],"class_list":{"0":"post-3923","1":"product","2":"type-product","3":"status-publish","4":"has-post-thumbnail","6":"product_cat-spilerdug","7":"product_cat-enkeltstykker","8":"product_cat-groen","10":"first","11":"instock","12":"taxable","13":"shipping-taxable","14":"purchasable","15":"product-type-variable","16":"has-default-attributes","17":"entry","18":"content-bg","19":"loop-entry"},"acf":[],"taxonomy_info":{"product_cat":[{"value":43,"label":"Spilerdug"},{"value":67,"label":"Enkeltstykker"},{"value":31,"label":"Gr\u00f8n"}]},"featured_image_src_large":["https:\/\/spilerdug.dk\/wp-content\/uploads\/2020\/05\/Groen_enkel-2-2-1024x1024.jpg",1024,1024,true],"author_info":[],"comment_info":"","_links":{"self":[{"href":"https:\/\/spilerdug.dk\/sv\/wp-json\/wp\/v2\/product\/3923","targetHints":{"allow":["GET"]}}],"collection":[{"href":"https:\/\/spilerdug.dk\/sv\/wp-json\/wp\/v2\/product"}],"about":[{"href":"https:\/\/spilerdug.dk\/sv\/wp-json\/wp\/v2\/types\/product"}],"wp:featuredmedia":[{"embeddable":true,"href":"https:\/\/spilerdug.dk\/sv\/wp-json\/wp\/v2\/media\/10354"}],"wp:attachment":[{"href":"https:\/\/spilerdug.dk\/sv\/wp-json\/wp\/v2\/media?parent=3923"}],"wp:term":[{"taxonomy":"product_brand","embeddable":true,"href":"https:\/\/spilerdug.dk\/sv\/wp-json\/wp\/v2\/product_brand?post=3923"},{"taxonomy":"product_cat","embeddable":true,"href":"https:\/\/spilerdug.dk\/sv\/wp-json\/wp\/v2\/product_cat?post=3923"},{"taxonomy":"product_tag","embeddable":true,"href":"https:\/\/spilerdug.dk\/sv\/wp-json\/wp\/v2\/product_tag?post=3923"}],"curies":[{"name":"wp","href":"https:\/\/api.w.org\/{rel}","templated":true}]}}