{"id":3945,"date":"2020-05-01T20:57:59","date_gmt":"2020-05-01T18:57:59","guid":{"rendered":"https:\/\/spilerdug.dk.web05.webtohosting.dk\/?post_type=product&#038;p=3945"},"modified":"2026-02-18T09:01:17","modified_gmt":"2026-02-18T08:01:17","slug":"spilerdug-enkeltstykke-blaa","status":"publish","type":"product","link":"https:\/\/spilerdug.dk\/sv\/produkt\/spilerdug-enkeltstykke-blaa\/","title":{"rendered":"Bl\u00e5 Spilerdug i enkeltstykke"},"content":{"rendered":"","protected":false},"excerpt":{"rendered":"<p>Rekommenderas f\u00f6r f\u00f6rflyttningar av tunga personer, d\u00e5 den inte ger efter. Det \u00e4r d\u00e4rf\u00f6r l\u00e4ttare att ta bort och att dra ner den bakom en ryggliggande tung person. Avger ljud under anv\u00e4ndning p\u00e5 grund av styvheten och det rekommenderas d\u00e4rf\u00f6r alltid att placera den under kudden, om den ska placeras under huvudet. Kan placeras direkt under personen eller under ett Spiler+ v\u00e4ndsystem och under Alseat.<\/p>\n<p><a href=\"https:\/\/spilerdug.dk\/sv\/forsiden\/video-og-vejledninger\/\">Se mer under video och v\u00e4gledningar<\/a><\/p>","protected":false},"featured_media":10353,"template":"","meta":{"_acf_changed":false,"inline_featured_image":false,"_kad_blocks_custom_css":"","_kad_blocks_head_custom_js":"","_kad_blocks_body_custom_js":"","_kad_blocks_footer_custom_js":"","_kad_post_transparent":"default","_kad_post_title":"","_kad_post_layout":"default","_kad_post_sidebar_id":"","_kad_post_content_style":"default","_kad_post_vertical_padding":"default","_kad_post_feature":"","_kad_post_feature_position":"","_kad_post_header":false,"_kad_post_footer":false,"_kad_post_classname":""},"product_brand":[],"product_cat":[43,32,67],"product_tag":[],"class_list":{"0":"post-3945","1":"product","2":"type-product","3":"status-publish","4":"has-post-thumbnail","6":"product_cat-spilerdug","7":"product_cat-blaa","8":"product_cat-enkeltstykker","10":"first","11":"instock","12":"taxable","13":"shipping-taxable","14":"purchasable","15":"product-type-variable","16":"has-default-attributes","17":"entry","18":"content-bg","19":"loop-entry"},"acf":[],"taxonomy_info":{"product_cat":[{"value":43,"label":"Spilerdug"},{"value":32,"label":"Bl\u00e5"},{"value":67,"label":"Enkeltstykker"}]},"featured_image_src_large":["https:\/\/spilerdug.dk\/wp-content\/uploads\/2020\/05\/Blaa_enkel-2-2-1024x1024.jpg",1024,1024,true],"author_info":[],"comment_info":"","_links":{"self":[{"href":"https:\/\/spilerdug.dk\/sv\/wp-json\/wp\/v2\/product\/3945","targetHints":{"allow":["GET"]}}],"collection":[{"href":"https:\/\/spilerdug.dk\/sv\/wp-json\/wp\/v2\/product"}],"about":[{"href":"https:\/\/spilerdug.dk\/sv\/wp-json\/wp\/v2\/types\/product"}],"wp:featuredmedia":[{"embeddable":true,"href":"https:\/\/spilerdug.dk\/sv\/wp-json\/wp\/v2\/media\/10353"}],"wp:attachment":[{"href":"https:\/\/spilerdug.dk\/sv\/wp-json\/wp\/v2\/media?parent=3945"}],"wp:term":[{"taxonomy":"product_brand","embeddable":true,"href":"https:\/\/spilerdug.dk\/sv\/wp-json\/wp\/v2\/product_brand?post=3945"},{"taxonomy":"product_cat","embeddable":true,"href":"https:\/\/spilerdug.dk\/sv\/wp-json\/wp\/v2\/product_cat?post=3945"},{"taxonomy":"product_tag","embeddable":true,"href":"https:\/\/spilerdug.dk\/sv\/wp-json\/wp\/v2\/product_tag?post=3945"}],"curies":[{"name":"wp","href":"https:\/\/api.w.org\/{rel}","templated":true}]}}