{"id":4158,"date":"2020-05-14T10:38:30","date_gmt":"2020-05-14T08:38:30","guid":{"rendered":"https:\/\/spilerdug.dk.web05.webtohosting.dk\/?post_type=product&#038;p=4158"},"modified":"2026-02-04T13:52:00","modified_gmt":"2026-02-04T12:52:00","slug":"spiler-long","status":"publish","type":"product","link":"https:\/\/spilerdug.dk\/sv\/produkt\/spiler-long\/","title":{"rendered":"Spiler+ Long"},"content":{"rendered":"","protected":false},"excerpt":{"rendered":"<p><strong>Spiler+ long &#8211;<\/strong> Anv\u00e4nds till personer med mycket l\u00e5g aktivitetsf\u00f6rm\u00e5ga och till passiva personer<\/p>\n<p>Artikelnummer: 101927<\/p>\n<p>Material: 65% polyester och 35% bomull (lakan), 100% polyester (handtagsbandet)<\/p>\n<p>M\u00e5tt: 145 cm bred x 240 cm l\u00e5ng. Max brukarvikt: 200 kg.<\/p>\n<p>Vi rekommenderar, att man har 2\u20133 Spiler+ att byta med allt efter behov och tv\u00e4ttm\u00f6jligheter.<\/p>\n<p>Kom ih\u00e5g att ocks\u00e5 best\u00e4lla <a href=\"\/sv\/alle-produkter\/spilerdug\/\">Spilerdug<\/a> n\u00e4r du best\u00e4ller Spiler+. S\u00e5 du kommer i g\u00e5ng snabbare.<\/p>\n<p><a href=\"\/sv\/video-og-vejledninger\/\">Se mer under video och v\u00e4gledningar<\/a><\/p>","protected":false},"featured_media":5219,"template":"","meta":{"_acf_changed":false,"inline_featured_image":false,"_kad_blocks_custom_css":"","_kad_blocks_head_custom_js":"","_kad_blocks_body_custom_js":"","_kad_blocks_footer_custom_js":"","_kad_post_transparent":"default","_kad_post_title":"","_kad_post_layout":"default","_kad_post_sidebar_id":"","_kad_post_content_style":"default","_kad_post_vertical_padding":"default","_kad_post_feature":"","_kad_post_feature_position":"","_kad_post_header":false,"_kad_post_footer":false,"_kad_post_classname":""},"product_brand":[],"product_cat":[47],"product_tag":[],"class_list":{"0":"post-4158","1":"product","2":"type-product","3":"status-publish","4":"has-post-thumbnail","6":"product_cat-spiler","8":"first","9":"instock","10":"featured","11":"taxable","12":"shipping-taxable","13":"purchasable","14":"product-type-simple","15":"entry","16":"content-bg","17":"loop-entry"},"acf":[],"taxonomy_info":{"product_cat":[{"value":47,"label":"Spiler+"}]},"featured_image_src_large":["https:\/\/spilerdug.dk\/wp-content\/uploads\/2020\/07\/spiler-long-nyt-e1594143172180.jpg",676,561,false],"author_info":[],"comment_info":"","_links":{"self":[{"href":"https:\/\/spilerdug.dk\/sv\/wp-json\/wp\/v2\/product\/4158","targetHints":{"allow":["GET"]}}],"collection":[{"href":"https:\/\/spilerdug.dk\/sv\/wp-json\/wp\/v2\/product"}],"about":[{"href":"https:\/\/spilerdug.dk\/sv\/wp-json\/wp\/v2\/types\/product"}],"wp:featuredmedia":[{"embeddable":true,"href":"https:\/\/spilerdug.dk\/sv\/wp-json\/wp\/v2\/media\/5219"}],"wp:attachment":[{"href":"https:\/\/spilerdug.dk\/sv\/wp-json\/wp\/v2\/media?parent=4158"}],"wp:term":[{"taxonomy":"product_brand","embeddable":true,"href":"https:\/\/spilerdug.dk\/sv\/wp-json\/wp\/v2\/product_brand?post=4158"},{"taxonomy":"product_cat","embeddable":true,"href":"https:\/\/spilerdug.dk\/sv\/wp-json\/wp\/v2\/product_cat?post=4158"},{"taxonomy":"product_tag","embeddable":true,"href":"https:\/\/spilerdug.dk\/sv\/wp-json\/wp\/v2\/product_tag?post=4158"}],"curies":[{"name":"wp","href":"https:\/\/api.w.org\/{rel}","templated":true}]}}